{"id":50191,"date":"2024-06-09T15:52:46","date_gmt":"2024-06-09T13:52:46","guid":{"rendered":"https:\/\/agrozone.ee\/toode\/tomaatti-gourmandia-f1\/"},"modified":"2024-06-09T15:52:46","modified_gmt":"2024-06-09T13:52:46","slug":"tomaatti-gourmandia-f1","status":"publish","type":"product","link":"https:\/\/agrozone.ee\/fi\/tuote\/tomaatti-gourmandia-f1\/","title":{"rendered":"Tomaatti &#8216;Gourmandia&#8217; F1"},"content":{"rendered":"<p>Korkeakasvuinen, satoisa ja eritt\u00e4in maukas tomaattilajike! Syd\u00e4menmuotoiset hedelm\u00e4t muistuttavat `H\u00e4rjas\u00fcda\u00b4:ta. Hedelmien paino 200-250 g. Hedelm\u00e4liha pehme\u00e4, makea, mehukas, v\u00e4h\u00e4n siemeni\u00e4. Kest\u00e4\u00e4 monia tauteja!    <\/p>\n<p>Pakkauksessa &#8211; 5 puolikasta<\/p>\n<p>&nbsp;<\/p>\n<h3>K\u00e4ytt\u00f6ohjeet<\/h3>\n<p>Kylv\u00f6aika. Esikasvatus helmi-huhtikuussa. KASVU. Kasvihuone.  Istutussuunnitelma. Riviv\u00e4li 40-75 cm, taimien v\u00e4li 50-100 cm.<\/p>\n","protected":false},"excerpt":{"rendered":"<p>Korkeakasvuinen, satoisa ja eritt\u00e4in maukas tomaattilajike! Syd\u00e4menmuotoiset hedelm\u00e4t muistuttavat `H\u00e4rjas\u00fcda\u00b4:ta. Hedelmien paino 200-250 g. Hedelm\u00e4liha pehme\u00e4, makea, mehukas, v\u00e4h\u00e4n siemeni\u00e4. Kest\u00e4\u00e4 monia tauteja!    <\/p>\n","protected":false},"featured_media":42414,"template":"","meta":{"_acf_changed":false,"_seopress_robots_primary_cat":"none","_seopress_titles_title":"","_seopress_titles_desc":"","_seopress_robots_index":"","_gspb_post_css":""},"product_brand":[],"product_cat":[2392,2399,2422,2401],"product_tag":[],"class_list":{"0":"post-50191","1":"product","2":"type-product","3":"status-publish","4":"has-post-thumbnail","6":"product_cat-kaikki-luokat","7":"product_cat-siemenet","8":"product_cat-tomaatti","9":"product_cat-vihanneksien-siemenet","11":"first","12":"instock","13":"taxable","14":"shipping-taxable","15":"purchasable","16":"product-type-simple"},"ct_brands":[],"acf":[],"_links":{"self":[{"href":"https:\/\/agrozone.ee\/fi\/wp-json\/wp\/v2\/product\/50191","targetHints":{"allow":["GET"]}}],"collection":[{"href":"https:\/\/agrozone.ee\/fi\/wp-json\/wp\/v2\/product"}],"about":[{"href":"https:\/\/agrozone.ee\/fi\/wp-json\/wp\/v2\/types\/product"}],"wp:featuredmedia":[{"embeddable":true,"href":"https:\/\/agrozone.ee\/fi\/wp-json\/wp\/v2\/media\/42414"}],"wp:attachment":[{"href":"https:\/\/agrozone.ee\/fi\/wp-json\/wp\/v2\/media?parent=50191"}],"wp:term":[{"taxonomy":"product_brand","embeddable":true,"href":"https:\/\/agrozone.ee\/fi\/wp-json\/wp\/v2\/product_brand?post=50191"},{"taxonomy":"product_cat","embeddable":true,"href":"https:\/\/agrozone.ee\/fi\/wp-json\/wp\/v2\/product_cat?post=50191"},{"taxonomy":"product_tag","embeddable":true,"href":"https:\/\/agrozone.ee\/fi\/wp-json\/wp\/v2\/product_tag?post=50191"}],"curies":[{"name":"wp","href":"https:\/\/api.w.org\/{rel}","templated":true}]}}