{"id":50193,"date":"2024-06-09T15:53:07","date_gmt":"2024-06-09T13:53:07","guid":{"rendered":"https:\/\/agrozone.ee\/toode\/chilipaprika-yanka-f1\/"},"modified":"2024-06-09T15:53:07","modified_gmt":"2024-06-09T13:53:07","slug":"chilipaprika-yanka-f1","status":"publish","type":"product","link":"https:\/\/agrozone.ee\/fi\/tuote\/chilipaprika-yanka-f1\/","title":{"rendered":"Chilipaprika &#8216;Yanka&#8217; F1"},"content":{"rendered":"<p>Eritt\u00e4in houkuttelevan v\u00e4rinen, keskenkasvuinen, sivri-tyyppinen paprika, jolla on ter\u00e4v\u00e4 maku. Hedelm\u00e4t ovat valkovihreit\u00e4, kypsin\u00e4 oransseja ja punaisia. Hedelm\u00e4t ovat 20-25 cm pitki\u00e4 ja keskipainoisia (50-70 g). Kest\u00e4\u00e4 hyvin kylm\u00e4\u00e4 ja kuumuutta. Sivri-paprika on yksi suosituimmista turkkilaisessa keitti\u00f6ss\u00e4 k\u00e4ytetyist\u00e4 paprikoista.    <\/p>\n<p>Pakkaus &#8211; 8 siement\u00e4<\/p>\n<h3>K\u00e4ytt\u00f6ohjeet<\/h3>\n<p>Kylv\u00f6aika. Kylv\u00e4 helmi-huhtikuussa, istuta huhti-toukokuussa. Istutussuunnitelma. 30 x 70 cm. KASVUAIKA. Sato kypsyy hein\u00e4-syyskuussa. KASVU. Kasvihuoneessa.    <\/p>\n","protected":false},"excerpt":{"rendered":"<p>Eritt\u00e4in houkuttelevan v\u00e4rinen, keskenkasvuinen, sivri-tyyppinen paprika, jolla on ter\u00e4v\u00e4 maku. Hedelm\u00e4t ovat valkovihreit\u00e4, kypsin\u00e4 oransseja ja punaisia. Hedelm\u00e4t ovat 20-25 cm pitki\u00e4 ja keskipainoisia (50-70 g). Kest\u00e4\u00e4 hyvin kylm\u00e4\u00e4 ja kuumuutta. Sivri-paprika on yksi suosituimmista turkkilaisessa keitti\u00f6ss\u00e4 k\u00e4ytetyist\u00e4 paprikoista.    <\/p>\n","protected":false},"featured_media":42049,"template":"","meta":{"_acf_changed":false,"_seopress_robots_primary_cat":"none","_seopress_titles_title":"","_seopress_titles_desc":"","_seopress_robots_index":"","_gspb_post_css":""},"product_brand":[],"product_cat":[2392,2413,2399,2401],"product_tag":[],"class_list":{"0":"post-50193","1":"product","2":"type-product","3":"status-publish","4":"has-post-thumbnail","6":"product_cat-kaikki-luokat","7":"product_cat-paprika-chilipaprika","8":"product_cat-siemenet","9":"product_cat-vihanneksien-siemenet","11":"first","12":"instock","13":"taxable","14":"shipping-taxable","15":"purchasable","16":"product-type-simple"},"ct_brands":[],"acf":[],"_links":{"self":[{"href":"https:\/\/agrozone.ee\/fi\/wp-json\/wp\/v2\/product\/50193","targetHints":{"allow":["GET"]}}],"collection":[{"href":"https:\/\/agrozone.ee\/fi\/wp-json\/wp\/v2\/product"}],"about":[{"href":"https:\/\/agrozone.ee\/fi\/wp-json\/wp\/v2\/types\/product"}],"wp:featuredmedia":[{"embeddable":true,"href":"https:\/\/agrozone.ee\/fi\/wp-json\/wp\/v2\/media\/42049"}],"wp:attachment":[{"href":"https:\/\/agrozone.ee\/fi\/wp-json\/wp\/v2\/media?parent=50193"}],"wp:term":[{"taxonomy":"product_brand","embeddable":true,"href":"https:\/\/agrozone.ee\/fi\/wp-json\/wp\/v2\/product_brand?post=50193"},{"taxonomy":"product_cat","embeddable":true,"href":"https:\/\/agrozone.ee\/fi\/wp-json\/wp\/v2\/product_cat?post=50193"},{"taxonomy":"product_tag","embeddable":true,"href":"https:\/\/agrozone.ee\/fi\/wp-json\/wp\/v2\/product_tag?post=50193"}],"curies":[{"name":"wp","href":"https:\/\/api.w.org\/{rel}","templated":true}]}}