{"id":50195,"date":"2024-06-09T15:52:46","date_gmt":"2024-06-09T13:52:46","guid":{"rendered":"https:\/\/agrozone.ee\/toode\/tomaatti-fuji-pink-f1\/"},"modified":"2024-06-09T15:52:46","modified_gmt":"2024-06-09T13:52:46","slug":"tomaatti-fuji-pink-f1","status":"publish","type":"product","link":"https:\/\/agrozone.ee\/fi\/tuote\/tomaatti-fuji-pink-f1\/","title":{"rendered":"Tomaatti `Fuji Pink` F1"},"content":{"rendered":"<p>Tomaatti &#8216;Fuji Pink&#8217; F1 on ep\u00e4m\u00e4\u00e4r\u00e4isesti kasvava voimakas lajike. Hedelm\u00e4t ovat vaaleanpunaisia, py\u00f6reit\u00e4 ja eritt\u00e4in makeita, painavat 180-200 g. Vaaleanpunainen tomaattilajike, jolla on eritt\u00e4in hyv\u00e4 s\u00e4ilyvyys.  <\/p>\n<p>Pakkaus &#8211; 8 siement\u00e4<\/p>\n<p>&nbsp;<\/p>\n<h3>K\u00e4ytt\u00f6ohjeet<\/h3>\n<p>Kylv\u00f6aika. Esikasvatus helmi-huhtikuussa. Istutussuunnitelma. Riviv\u00e4li 40-75 cm, taimien v\u00e4li 50-100 cm. KASVU. Kasvihuoneessa kasvuaika on noin 110-130 p\u00e4iv\u00e4\u00e4. <\/p>\n","protected":false},"excerpt":{"rendered":"<p>Tomaatti &#8216;Fuji Pink&#8217; F1 on ep\u00e4m\u00e4\u00e4r\u00e4isesti kasvava voimakas lajike. Hedelm\u00e4t ovat vaaleanpunaisia, py\u00f6reit\u00e4 ja eritt\u00e4in makeita, painavat 180-200 g. Vaaleanpunainen tomaattilajike, jolla on eritt\u00e4in hyv\u00e4 s\u00e4ilyvyys.  <\/p>\n","protected":false},"featured_media":44135,"template":"","meta":{"_acf_changed":false,"_seopress_robots_primary_cat":"none","_seopress_titles_title":"","_seopress_titles_desc":"","_seopress_robots_index":"","_gspb_post_css":""},"product_brand":[],"product_cat":[2392,2399,2422,2401],"product_tag":[],"class_list":{"0":"post-50195","1":"product","2":"type-product","3":"status-publish","4":"has-post-thumbnail","6":"product_cat-kaikki-luokat","7":"product_cat-siemenet","8":"product_cat-tomaatti","9":"product_cat-vihanneksien-siemenet","11":"first","12":"instock","13":"taxable","14":"shipping-taxable","15":"purchasable","16":"product-type-simple"},"ct_brands":[],"acf":[],"_links":{"self":[{"href":"https:\/\/agrozone.ee\/fi\/wp-json\/wp\/v2\/product\/50195","targetHints":{"allow":["GET"]}}],"collection":[{"href":"https:\/\/agrozone.ee\/fi\/wp-json\/wp\/v2\/product"}],"about":[{"href":"https:\/\/agrozone.ee\/fi\/wp-json\/wp\/v2\/types\/product"}],"wp:featuredmedia":[{"embeddable":true,"href":"https:\/\/agrozone.ee\/fi\/wp-json\/wp\/v2\/media\/44135"}],"wp:attachment":[{"href":"https:\/\/agrozone.ee\/fi\/wp-json\/wp\/v2\/media?parent=50195"}],"wp:term":[{"taxonomy":"product_brand","embeddable":true,"href":"https:\/\/agrozone.ee\/fi\/wp-json\/wp\/v2\/product_brand?post=50195"},{"taxonomy":"product_cat","embeddable":true,"href":"https:\/\/agrozone.ee\/fi\/wp-json\/wp\/v2\/product_cat?post=50195"},{"taxonomy":"product_tag","embeddable":true,"href":"https:\/\/agrozone.ee\/fi\/wp-json\/wp\/v2\/product_tag?post=50195"}],"curies":[{"name":"wp","href":"https:\/\/api.w.org\/{rel}","templated":true}]}}