{"id":50196,"date":"2024-06-09T15:53:07","date_gmt":"2024-06-09T13:53:07","guid":{"rendered":"https:\/\/agrozone.ee\/toode\/tomaatti-pablo-f1\/"},"modified":"2024-06-09T15:53:07","modified_gmt":"2024-06-09T13:53:07","slug":"tomaatti-pablo-f1","status":"publish","type":"product","link":"https:\/\/agrozone.ee\/fi\/tuote\/tomaatti-pablo-f1\/","title":{"rendered":"Tomaatti &#8216;Pablo&#8217; F1"},"content":{"rendered":"<p>Tomaatti &#8216;Pablo&#8217; F1 on tummanpunainen tomaatti, jolla on hyv\u00e4 maku. Hedelm\u00e4 painaa 180-200 g. Voimakas lajike.  <\/p>\n<p>Pakkaus &#8211; 20 siement\u00e4<\/p>\n<p>&nbsp;<\/p>\n<h3>K\u00e4ytt\u00f6ohjeet<\/h3>\n<p>Kylv\u00f6aika. Esikasvatus helmi-huhtikuussa. KASVU. Kasvihuone.  Istutussuunnitelma. Riviv\u00e4li 40-75 cm, taimien v\u00e4li 50-100 cm. KASVU. Kasvuaika noin 110-130 p\u00e4iv\u00e4\u00e4. <\/p>\n","protected":false},"excerpt":{"rendered":"<p>Tomaatti &#8216;Pablo&#8217; F1 on tummanpunainen tomaatti, jolla on hyv\u00e4 maku. Hedelm\u00e4 painaa 180-200 g. Voimakas lajike.  <\/p>\n","protected":false},"featured_media":42408,"template":"","meta":{"_acf_changed":false,"_seopress_robots_primary_cat":"none","_seopress_titles_title":"","_seopress_titles_desc":"","_seopress_robots_index":"","_gspb_post_css":""},"product_brand":[],"product_cat":[2392,2399,2422,2401],"product_tag":[],"class_list":{"0":"post-50196","1":"product","2":"type-product","3":"status-publish","4":"has-post-thumbnail","6":"product_cat-kaikki-luokat","7":"product_cat-siemenet","8":"product_cat-tomaatti","9":"product_cat-vihanneksien-siemenet","11":"first","12":"instock","13":"taxable","14":"shipping-taxable","15":"purchasable","16":"product-type-simple"},"ct_brands":[],"acf":[],"_links":{"self":[{"href":"https:\/\/agrozone.ee\/fi\/wp-json\/wp\/v2\/product\/50196","targetHints":{"allow":["GET"]}}],"collection":[{"href":"https:\/\/agrozone.ee\/fi\/wp-json\/wp\/v2\/product"}],"about":[{"href":"https:\/\/agrozone.ee\/fi\/wp-json\/wp\/v2\/types\/product"}],"wp:featuredmedia":[{"embeddable":true,"href":"https:\/\/agrozone.ee\/fi\/wp-json\/wp\/v2\/media\/42408"}],"wp:attachment":[{"href":"https:\/\/agrozone.ee\/fi\/wp-json\/wp\/v2\/media?parent=50196"}],"wp:term":[{"taxonomy":"product_brand","embeddable":true,"href":"https:\/\/agrozone.ee\/fi\/wp-json\/wp\/v2\/product_brand?post=50196"},{"taxonomy":"product_cat","embeddable":true,"href":"https:\/\/agrozone.ee\/fi\/wp-json\/wp\/v2\/product_cat?post=50196"},{"taxonomy":"product_tag","embeddable":true,"href":"https:\/\/agrozone.ee\/fi\/wp-json\/wp\/v2\/product_tag?post=50196"}],"curies":[{"name":"wp","href":"https:\/\/api.w.org\/{rel}","templated":true}]}}