{"id":50200,"date":"2024-06-09T15:53:07","date_gmt":"2024-06-09T13:53:07","guid":{"rendered":"https:\/\/agrozone.ee\/toode\/tomaatit-malle-f1\/"},"modified":"2024-06-09T15:53:07","modified_gmt":"2024-06-09T13:53:07","slug":"tomaatit-malle-f1","status":"publish","type":"product","link":"https:\/\/agrozone.ee\/fi\/tuote\/tomaatit-malle-f1\/","title":{"rendered":"Tomaatit &#8216;Malle&#8217; F1"},"content":{"rendered":"<p>Tomaatti &#8216;Malle&#8217; F1 on korkeakasvuinen, ep\u00e4m\u00e4\u00e4r\u00e4inen, elinvoimainen punainen aikainen hybridilajike, joka on satoisa ja maultaan erinomainen. Hedelm\u00e4 keskikokoinen (80-90 g), hieman litte\u00e4. Suhteellisen vastustuskykyinen hedelmien halkeilulle, kest\u00e4v\u00e4t pistesy\u00f6pymist\u00e4. Hyv\u00e4 kuljetuskest\u00e4vyys.   <\/p>\n<p>Pakkauksessa &#8211; 25 siement\u00e4<\/p>\n<p>&nbsp;<\/p>\n<h3>K\u00e4ytt\u00f6ohjeet<\/h3>\n<p>L\u00c4HET\u00c4. Kasvihuoneviljelyyn.  Esikylv\u00f6 helmi-huhtikuussa. Esikoulutusjakso 7-8 viikkoa. Taimien v\u00e4linen et\u00e4isyys 50\u2013100 cm, riviv\u00e4li 40 \u00d7 75 cm. KASVU. Noin 105-110 p\u00e4iv\u00e4\u00e4 taimettumisesta ensimm\u00e4isten hedelmien kypsymiseen. <\/p>\n","protected":false},"excerpt":{"rendered":"<p>Tomaatti &#8216;Malle&#8217; F1 on korkeakasvuinen, ep\u00e4m\u00e4\u00e4r\u00e4inen, elinvoimainen punainen aikainen hybridilajike, joka on satoisa ja maultaan erinomainen. Hedelm\u00e4 keskikokoinen (80-90 g), hieman litte\u00e4. Suhteellisen vastustuskykyinen hedelmien halkeilulle, kest\u00e4v\u00e4t pistesy\u00f6pymist\u00e4. Hyv\u00e4 kuljetuskest\u00e4vyys.   <\/p>\n","protected":false},"featured_media":42401,"template":"","meta":{"_acf_changed":false,"_seopress_robots_primary_cat":"none","_seopress_titles_title":"","_seopress_titles_desc":"","_seopress_robots_index":"","_gspb_post_css":""},"product_brand":[],"product_cat":[2392,2399,2422,2401],"product_tag":[],"class_list":{"0":"post-50200","1":"product","2":"type-product","3":"status-publish","4":"has-post-thumbnail","6":"product_cat-kaikki-luokat","7":"product_cat-siemenet","8":"product_cat-tomaatti","9":"product_cat-vihanneksien-siemenet","11":"first","12":"instock","13":"taxable","14":"shipping-taxable","15":"purchasable","16":"product-type-simple"},"ct_brands":[],"acf":[],"_links":{"self":[{"href":"https:\/\/agrozone.ee\/fi\/wp-json\/wp\/v2\/product\/50200","targetHints":{"allow":["GET"]}}],"collection":[{"href":"https:\/\/agrozone.ee\/fi\/wp-json\/wp\/v2\/product"}],"about":[{"href":"https:\/\/agrozone.ee\/fi\/wp-json\/wp\/v2\/types\/product"}],"wp:featuredmedia":[{"embeddable":true,"href":"https:\/\/agrozone.ee\/fi\/wp-json\/wp\/v2\/media\/42401"}],"wp:attachment":[{"href":"https:\/\/agrozone.ee\/fi\/wp-json\/wp\/v2\/media?parent=50200"}],"wp:term":[{"taxonomy":"product_brand","embeddable":true,"href":"https:\/\/agrozone.ee\/fi\/wp-json\/wp\/v2\/product_brand?post=50200"},{"taxonomy":"product_cat","embeddable":true,"href":"https:\/\/agrozone.ee\/fi\/wp-json\/wp\/v2\/product_cat?post=50200"},{"taxonomy":"product_tag","embeddable":true,"href":"https:\/\/agrozone.ee\/fi\/wp-json\/wp\/v2\/product_tag?post=50200"}],"curies":[{"name":"wp","href":"https:\/\/api.w.org\/{rel}","templated":true}]}}