{"id":50205,"date":"2024-06-09T15:53:52","date_gmt":"2024-06-09T13:53:52","guid":{"rendered":"https:\/\/agrozone.ee\/toode\/samettikukka-safari-yellow-fire\/"},"modified":"2024-06-09T15:53:52","modified_gmt":"2024-06-09T13:53:52","slug":"samettikukka-safari-yellow-fire","status":"publish","type":"product","link":"https:\/\/agrozone.ee\/fi\/tuote\/samettikukka-safari-yellow-fire\/","title":{"rendered":"Samettikukka \u2018Safari Yellow Fire\u2019"},"content":{"rendered":"<p>Helposti kasvatettava yksivuotinen kes\u00e4kukka. Tehokkaalla v\u00e4riyhdistelm\u00e4ll\u00e4 varustetut kerrotut kukat, joiden l\u00e4pimitta on 5\u20136 cm. Kukkii syyskylmiin asti. Korkeus: 25 cm. Istutetaan kukkapenkkeihin, ruukkuihin ja parvekelaatikoihin.    <\/p>\n<p>Pakkaus &#8211; 80 siement\u00e4<\/p>\n<p>&nbsp;<\/p>\n<h3>K\u00e4ytt\u00f6ohjeet<\/h3>\n<p>Suosii aurinkoista tai puolivarjoista kasvupaikkaa, eik\u00e4 ole maaper\u00e4n suhteen vaativa. Kukinnan pident\u00e4miseksi poista kuihtuneet kukat. <\/p>\n","protected":false},"excerpt":{"rendered":"<p>Helposti kasvatettava yksivuotinen kes\u00e4kukka. Tehokkaalla v\u00e4riyhdistelm\u00e4ll\u00e4 varustetut kerrotut kukat, joiden l\u00e4pimitta on 5\u20136 cm. Kukkii syyskylmiin asti. Korkeus: 25 cm. Istutetaan kukkapenkkeihin, ruukkuihin ja parvekelaatikoihin.    <\/p>\n","protected":false},"featured_media":42231,"template":"","meta":{"_acf_changed":false,"_seopress_robots_primary_cat":"none","_seopress_titles_title":"","_seopress_titles_desc":"","_seopress_robots_index":"","_gspb_post_css":""},"product_brand":[],"product_cat":[2392,2423,2431,2399],"product_tag":[],"class_list":{"0":"post-50205","1":"product","2":"type-product","3":"status-publish","4":"has-post-thumbnail","6":"product_cat-kaikki-luokat","7":"product_cat-kukkien-siemenet","8":"product_cat-samettikukka","9":"product_cat-siemenet","11":"first","12":"instock","13":"taxable","14":"shipping-taxable","15":"purchasable","16":"product-type-simple"},"ct_brands":[],"acf":[],"_links":{"self":[{"href":"https:\/\/agrozone.ee\/fi\/wp-json\/wp\/v2\/product\/50205","targetHints":{"allow":["GET"]}}],"collection":[{"href":"https:\/\/agrozone.ee\/fi\/wp-json\/wp\/v2\/product"}],"about":[{"href":"https:\/\/agrozone.ee\/fi\/wp-json\/wp\/v2\/types\/product"}],"wp:featuredmedia":[{"embeddable":true,"href":"https:\/\/agrozone.ee\/fi\/wp-json\/wp\/v2\/media\/42231"}],"wp:attachment":[{"href":"https:\/\/agrozone.ee\/fi\/wp-json\/wp\/v2\/media?parent=50205"}],"wp:term":[{"taxonomy":"product_brand","embeddable":true,"href":"https:\/\/agrozone.ee\/fi\/wp-json\/wp\/v2\/product_brand?post=50205"},{"taxonomy":"product_cat","embeddable":true,"href":"https:\/\/agrozone.ee\/fi\/wp-json\/wp\/v2\/product_cat?post=50205"},{"taxonomy":"product_tag","embeddable":true,"href":"https:\/\/agrozone.ee\/fi\/wp-json\/wp\/v2\/product_tag?post=50205"}],"curies":[{"name":"wp","href":"https:\/\/api.w.org\/{rel}","templated":true}]}}