{"id":5021,"date":"2024-06-09T16:11:59","date_gmt":"2024-06-09T13:11:59","guid":{"rendered":"https:\/\/agrozone.ee\/?post_type=product&#038;p=5021"},"modified":"2025-10-29T15:44:47","modified_gmt":"2025-10-29T13:44:47","slug":"vedel-taisvaetis-vito-1l","status":"publish","type":"product","link":"https:\/\/agrozone.ee\/fi\/tuote\/vedel-taisvaetis-vito-1l\/","title":{"rendered":"Vedel t\u00e4isv\u00e4etis Vito 1l"},"content":{"rendered":"<p>Kompleksne NPK mineraalv\u00e4etis mikroelementidega OEDF kelaadi vormis.<\/p>\n<p>Kasutatakse lahjendatult veega taimede juurv\u00e4etamiseks avatud v\u00f5i kaetud aladel ja h\u00fcdropoonikas.<\/p>\n<p>Koostis:<\/p>\n<ul>\n<li>l\u00e4mmastik kokku N 3,5%,<\/li>\n<li>vees lahustuv fosfor P2O5 2,3%,<\/li>\n<li>vees lahustuv kaalium K2O 5,0%,<\/li>\n<li>raud Fe* 0,08%,<\/li>\n<li>mangaan Mn* 0,01%,<\/li>\n<li>tsink Zn* 0,003.<\/li>\n<li>*Kelaaditud OEDF-ga.<\/li>\n<li>Mineraalv\u00e4etis sisaldab ka magneesiumi, boori, mol\u00fcbdeeni ja vaske.<\/li>\n<li>Mineraalv\u00e4etise l\u00e4mmastik on nitraadi ja ammooniumi vormis.<\/li>\n<\/ul>\n","protected":false},"excerpt":{"rendered":"<p>Tasakaalustatud t\u00e4isv\u00e4etis VITO sobib h\u00e4sti aedviljade ning toa- ja r\u00f5dulillede kastmisv\u00e4etamiseks.<\/p>\n","protected":false},"featured_media":54042,"template":"","meta":{"_acf_changed":false,"_seopress_robots_primary_cat":"none","_seopress_titles_title":"","_seopress_titles_desc":"Vedel t\u00e4isv\u00e4etis Vito 1l - Tasakaalustatud t\u00e4isv\u00e4etis, mis sobib h\u00e4sti aedviljade ning toa- ja r\u00f5dulillede kastmisv\u00e4etamiseks.","_seopress_robots_index":"","_gspb_post_css":""},"product_brand":[],"product_cat":[81,15,68,531],"product_tag":[],"class_list":{"0":"post-5021","1":"product","2":"type-product","3":"status-publish","4":"has-post-thumbnail","6":"product_cat-kastmisvaetis","7":"product_cat-koik-kategooriad","8":"product_cat-vaetised","9":"product_cat-vedelvaetis","11":"first","12":"instock","13":"taxable","14":"shipping-taxable","15":"purchasable","16":"product-type-simple"},"ct_brands":[],"acf":[],"_links":{"self":[{"href":"https:\/\/agrozone.ee\/fi\/wp-json\/wp\/v2\/product\/5021","targetHints":{"allow":["GET"]}}],"collection":[{"href":"https:\/\/agrozone.ee\/fi\/wp-json\/wp\/v2\/product"}],"about":[{"href":"https:\/\/agrozone.ee\/fi\/wp-json\/wp\/v2\/types\/product"}],"wp:featuredmedia":[{"embeddable":true,"href":"https:\/\/agrozone.ee\/fi\/wp-json\/wp\/v2\/media\/54042"}],"wp:attachment":[{"href":"https:\/\/agrozone.ee\/fi\/wp-json\/wp\/v2\/media?parent=5021"}],"wp:term":[{"taxonomy":"product_brand","embeddable":true,"href":"https:\/\/agrozone.ee\/fi\/wp-json\/wp\/v2\/product_brand?post=5021"},{"taxonomy":"product_cat","embeddable":true,"href":"https:\/\/agrozone.ee\/fi\/wp-json\/wp\/v2\/product_cat?post=5021"},{"taxonomy":"product_tag","embeddable":true,"href":"https:\/\/agrozone.ee\/fi\/wp-json\/wp\/v2\/product_tag?post=5021"}],"curies":[{"name":"wp","href":"https:\/\/api.w.org\/{rel}","templated":true}]}}