{"id":50210,"date":"2024-06-09T15:53:29","date_gmt":"2024-06-09T13:53:29","guid":{"rendered":"https:\/\/agrozone.ee\/toode\/lobeelia-lilac-palace\/"},"modified":"2024-06-09T15:53:29","modified_gmt":"2024-06-09T13:53:29","slug":"lobeelia-lilac-palace","status":"publish","type":"product","link":"https:\/\/agrozone.ee\/fi\/tuote\/lobeelia-lilac-palace\/","title":{"rendered":"Lobeelia &#8216;Lilac Palace"},"content":{"rendered":"<p>Pitk\u00e4kukkainen yksivuotinen kes\u00e4kukka, jolla on pieni\u00e4 kukkia. Matalakasvuinen ja kompakti. Korkeus: 10-15 cm. Kasvatetaan kukkapenkeiss\u00e4, parvekelaatikoissa, terassiruukuissa, kivikkotarhassa. 10-15 cm. Suosii puolivarjoista varjoiseen paikkaa. Tarvitsee jatkuvaa kastelua ja lannoitusta, kukkii syyspakkasiin asti.   <\/p>\n<p>Pakkaus &#8211; 50 siement\u00e4<\/p>\n<p>&nbsp;<\/p>\n<h3>K\u00e4ytt\u00f6ohjeet<\/h3>\n<p>Huom! Siemenet on rakeistettu (5-7 siement\u00e4 rakeessa) kylv\u00f6n helpottamiseksi ja piikitt\u00e4misen v\u00e4ltt\u00e4miseksi. Kylvettyj\u00e4 siemeni\u00e4 ei peitet\u00e4 mullalla. <\/p>\n","protected":false},"excerpt":{"rendered":"<p>Pitk\u00e4kukkainen yksivuotinen kes\u00e4kukka, jolla on pieni\u00e4 kukkia. Matalakasvuinen ja kompakti. Korkeus: 10-15 cm. Kasvatetaan kukkapenkeiss\u00e4, parvekelaatikoissa, terassiruukuissa, kivikkotarhassa. 10-15 cm. Suosii puolivarjoista varjoiseen paikkaa. Tarvitsee jatkuvaa kastelua ja lannoitusta, kukkii syyspakkasiin asti.   <\/p>\n","protected":false},"featured_media":46110,"template":"","meta":{"_acf_changed":false,"_seopress_robots_primary_cat":"none","_seopress_titles_title":"","_seopress_titles_desc":"","_seopress_robots_index":"","_gspb_post_css":""},"product_brand":[],"product_cat":[2392,2423,2428,2399],"product_tag":[],"class_list":{"0":"post-50210","1":"product","2":"type-product","3":"status-publish","4":"has-post-thumbnail","6":"product_cat-kaikki-luokat","7":"product_cat-kukkien-siemenet","8":"product_cat-lobelia-fi","9":"product_cat-siemenet","11":"first","12":"instock","13":"taxable","14":"shipping-taxable","15":"purchasable","16":"product-type-simple"},"ct_brands":[],"acf":[],"_links":{"self":[{"href":"https:\/\/agrozone.ee\/fi\/wp-json\/wp\/v2\/product\/50210","targetHints":{"allow":["GET"]}}],"collection":[{"href":"https:\/\/agrozone.ee\/fi\/wp-json\/wp\/v2\/product"}],"about":[{"href":"https:\/\/agrozone.ee\/fi\/wp-json\/wp\/v2\/types\/product"}],"wp:featuredmedia":[{"embeddable":true,"href":"https:\/\/agrozone.ee\/fi\/wp-json\/wp\/v2\/media\/46110"}],"wp:attachment":[{"href":"https:\/\/agrozone.ee\/fi\/wp-json\/wp\/v2\/media?parent=50210"}],"wp:term":[{"taxonomy":"product_brand","embeddable":true,"href":"https:\/\/agrozone.ee\/fi\/wp-json\/wp\/v2\/product_brand?post=50210"},{"taxonomy":"product_cat","embeddable":true,"href":"https:\/\/agrozone.ee\/fi\/wp-json\/wp\/v2\/product_cat?post=50210"},{"taxonomy":"product_tag","embeddable":true,"href":"https:\/\/agrozone.ee\/fi\/wp-json\/wp\/v2\/product_tag?post=50210"}],"curies":[{"name":"wp","href":"https:\/\/api.w.org\/{rel}","templated":true}]}}