{"id":50216,"date":"2024-06-09T15:53:29","date_gmt":"2024-06-09T13:53:29","guid":{"rendered":"https:\/\/agrozone.ee\/toode\/auringonkukka-soraya\/"},"modified":"2024-06-09T15:53:29","modified_gmt":"2024-06-09T13:53:29","slug":"auringonkukka-soraya","status":"publish","type":"product","link":"https:\/\/agrozone.ee\/fi\/tuote\/auringonkukka-soraya\/","title":{"rendered":"Auringonkukka \u2018Soraya\u2019"},"content":{"rendered":"<p>Kirkkaankultakeltaisilla ter\u00e4lehdill\u00e4 ja tummalla keskustalla varustettu yksivuotinen kes\u00e4kukka. Erinomainen leikkokukka! Korkeus: 155 cm. Kukinnon l\u00e4pimitta 10 cm.  Kasvattaa sivuversoja.<\/p>\n<p>Pakkaus &#8211; 30 siement\u00e4<\/p>\n<p>&nbsp;<\/p>\n<h3>K\u00e4ytt\u00f6ohjeet<\/h3>\n<p>Viihtyy aurinkoisella paikalla ravinteikkaassa ja multavassa maaper\u00e4ss\u00e4. On suositeltavaa kylv\u00e4\u00e4 heti y\u00f6pakkasten j\u00e4lkeen, sill\u00e4 se ei sied\u00e4 siirtoistutusta. <\/p>\n","protected":false},"excerpt":{"rendered":"<p>Kirkkaankultakeltaisilla ter\u00e4lehdill\u00e4 ja tummalla keskustalla varustettu yksivuotinen kes\u00e4kukka. Erinomainen leikkokukka! Korkeus: 155 cm. Kukinnon l\u00e4pimitta 10 cm.  Kasvattaa sivuversoja.<\/p>\n","protected":false},"featured_media":42275,"template":"","meta":{"_acf_changed":false,"_seopress_robots_primary_cat":"none","_seopress_titles_title":"","_seopress_titles_desc":"","_seopress_robots_index":"","_gspb_post_css":""},"product_brand":[],"product_cat":[2392,2423,2435,2399],"product_tag":[],"class_list":{"0":"post-50216","1":"product","2":"type-product","3":"status-publish","4":"has-post-thumbnail","6":"product_cat-kaikki-luokat","7":"product_cat-kukkien-siemenet","8":"product_cat-auringonkukka","9":"product_cat-siemenet","11":"first","12":"instock","13":"taxable","14":"shipping-taxable","15":"purchasable","16":"product-type-simple"},"ct_brands":[],"acf":[],"_links":{"self":[{"href":"https:\/\/agrozone.ee\/fi\/wp-json\/wp\/v2\/product\/50216","targetHints":{"allow":["GET"]}}],"collection":[{"href":"https:\/\/agrozone.ee\/fi\/wp-json\/wp\/v2\/product"}],"about":[{"href":"https:\/\/agrozone.ee\/fi\/wp-json\/wp\/v2\/types\/product"}],"wp:featuredmedia":[{"embeddable":true,"href":"https:\/\/agrozone.ee\/fi\/wp-json\/wp\/v2\/media\/42275"}],"wp:attachment":[{"href":"https:\/\/agrozone.ee\/fi\/wp-json\/wp\/v2\/media?parent=50216"}],"wp:term":[{"taxonomy":"product_brand","embeddable":true,"href":"https:\/\/agrozone.ee\/fi\/wp-json\/wp\/v2\/product_brand?post=50216"},{"taxonomy":"product_cat","embeddable":true,"href":"https:\/\/agrozone.ee\/fi\/wp-json\/wp\/v2\/product_cat?post=50216"},{"taxonomy":"product_tag","embeddable":true,"href":"https:\/\/agrozone.ee\/fi\/wp-json\/wp\/v2\/product_tag?post=50216"}],"curies":[{"name":"wp","href":"https:\/\/api.w.org\/{rel}","templated":true}]}}