{"id":50220,"date":"2024-06-09T15:53:08","date_gmt":"2024-06-09T13:53:08","guid":{"rendered":"https:\/\/agrozone.ee\/toode\/aster-fan\/"},"modified":"2024-06-09T15:53:08","modified_gmt":"2024-06-09T13:53:08","slug":"aster-fan","status":"publish","type":"product","link":"https:\/\/agrozone.ee\/fi\/tuote\/aster-fan\/","title":{"rendered":"Aster &#8216;Fan"},"content":{"rendered":"<p>Upea leikkaus- ja leikkokukka! Eri v\u00e4rien sekoitus.  Korkeus: 50-60 cm. Keskikokoiset kaksoiskukat, joissa on kirkkaan keltaiset syd\u00e4met. Kukan halkaisija 5-6 cm. Fusariumia kest\u00e4v\u00e4 lajike!   <\/p>\n<p>Pakkaus &#8211; 80 siement\u00e4<\/p>\n<p>&nbsp;<\/p>\n<h3>K\u00e4ytt\u00f6ohjeet<\/h3>\n<p>Suosii aurinkoista paikkaa ja hedelm\u00e4llist\u00e4 maaper\u00e4\u00e4. V\u00e4lt\u00e4 tauteja kasvattamalla astereita joka vuosi eri paikassa. <\/p>\n","protected":false},"excerpt":{"rendered":"<p>Upea leikkaus- ja leikkokukka! Eri v\u00e4rien sekoitus.  Korkeus: 50-60 cm. Keskikokoiset kaksoiskukat, joissa on kirkkaan keltaiset syd\u00e4met. Kukan halkaisija 5-6 cm. Fusariumia kest\u00e4v\u00e4 lajike!   <\/p>\n","protected":false},"featured_media":42294,"template":"","meta":{"_acf_changed":false,"_seopress_robots_primary_cat":"none","_seopress_titles_title":"","_seopress_titles_desc":"","_seopress_robots_index":"","_gspb_post_css":""},"product_brand":[],"product_cat":[2424,2392,2423,2399],"product_tag":[],"class_list":{"0":"post-50220","1":"product","2":"type-product","3":"status-publish","4":"has-post-thumbnail","6":"product_cat-asteri","7":"product_cat-kaikki-luokat","8":"product_cat-kukkien-siemenet","9":"product_cat-siemenet","11":"first","12":"instock","13":"taxable","14":"shipping-taxable","15":"purchasable","16":"product-type-simple"},"ct_brands":[],"acf":[],"_links":{"self":[{"href":"https:\/\/agrozone.ee\/fi\/wp-json\/wp\/v2\/product\/50220","targetHints":{"allow":["GET"]}}],"collection":[{"href":"https:\/\/agrozone.ee\/fi\/wp-json\/wp\/v2\/product"}],"about":[{"href":"https:\/\/agrozone.ee\/fi\/wp-json\/wp\/v2\/types\/product"}],"wp:featuredmedia":[{"embeddable":true,"href":"https:\/\/agrozone.ee\/fi\/wp-json\/wp\/v2\/media\/42294"}],"wp:attachment":[{"href":"https:\/\/agrozone.ee\/fi\/wp-json\/wp\/v2\/media?parent=50220"}],"wp:term":[{"taxonomy":"product_brand","embeddable":true,"href":"https:\/\/agrozone.ee\/fi\/wp-json\/wp\/v2\/product_brand?post=50220"},{"taxonomy":"product_cat","embeddable":true,"href":"https:\/\/agrozone.ee\/fi\/wp-json\/wp\/v2\/product_cat?post=50220"},{"taxonomy":"product_tag","embeddable":true,"href":"https:\/\/agrozone.ee\/fi\/wp-json\/wp\/v2\/product_tag?post=50220"}],"curies":[{"name":"wp","href":"https:\/\/api.w.org\/{rel}","templated":true}]}}