{"id":50222,"date":"2024-06-09T15:53:08","date_gmt":"2024-06-09T13:53:08","guid":{"rendered":"https:\/\/agrozone.ee\/toode\/aster-matador\/"},"modified":"2024-06-09T15:53:08","modified_gmt":"2024-06-09T13:53:08","slug":"aster-matador","status":"publish","type":"product","link":"https:\/\/agrozone.ee\/fi\/tuote\/aster-matador\/","title":{"rendered":"Aster matador"},"content":{"rendered":"<p><strong>Aster matador &#8211; Callistephus chinensis<\/strong><\/p>\n<ul>\n<li>Upea leikkaus- ja leikkokukka!<\/li>\n<li>Eri v\u00e4rien sekoitus.<\/li>\n<li>Korkeus: 80-90 cm.<\/li>\n<li>Suuret, rehev\u00e4t kukat, joiden halkaisija on 10-11 cm.<\/li>\n<li>Suosii aurinkoista paikkaa ja hedelm\u00e4llist\u00e4 maaper\u00e4\u00e4.<\/li>\n<\/ul>\n<p>Pakkaus &#8211; 80 siement\u00e4<\/p>\n<p>&nbsp;<\/p>\n<h3>K\u00e4ytt\u00f6ohjeet<\/h3>\n<p>V\u00e4lt\u00e4 tauteja kasvattamalla astereita joka vuosi eri paikassa.<\/p>\n","protected":false},"excerpt":{"rendered":"<p><img loading=\"lazy\" decoding=\"async\" class=\"size-medium wp-image-34488\" src=\"https:\/\/agrozone.ee\/wp-content\/uploads\/2022\/12\/matador-300x100.png\" alt=\"aster matador\" width=\"300\" height=\"100\"><\/p>\n<ul>\n<li>Upea leikkaus- ja leikkokukka! Eri v\u00e4rien sekoitus. <\/li>\n<li>Suuret, rehev\u00e4t kukat, joiden halkaisija on 10-11 cm.<\/li>\n<li>Suosii aurinkoista paikkaa ja hedelm\u00e4llist\u00e4 maaper\u00e4\u00e4.<\/li>\n<li>Korkeus: 80-90 cm.<\/li>\n<\/ul>\n","protected":false},"featured_media":44946,"template":"","meta":{"_acf_changed":false,"_seopress_robots_primary_cat":"","_seopress_titles_title":"","_seopress_titles_desc":"Aster Matador - Erinomainen leikkaus- ja leikkokukka! Eri v\u00e4rien sekoitus. Korkeus: 80-90 cm. Suuret, rehev\u00e4t kukat, joiden halkaisija on 10-11 cm.   ","_seopress_robots_index":"","_gspb_post_css":""},"product_brand":[],"product_cat":[2424,2392,2423,2399],"product_tag":[],"class_list":{"0":"post-50222","1":"product","2":"type-product","3":"status-publish","4":"has-post-thumbnail","6":"product_cat-asteri","7":"product_cat-kaikki-luokat","8":"product_cat-kukkien-siemenet","9":"product_cat-siemenet","11":"first","12":"instock","13":"taxable","14":"shipping-taxable","15":"purchasable","16":"product-type-simple"},"ct_brands":[],"acf":[],"_links":{"self":[{"href":"https:\/\/agrozone.ee\/fi\/wp-json\/wp\/v2\/product\/50222","targetHints":{"allow":["GET"]}}],"collection":[{"href":"https:\/\/agrozone.ee\/fi\/wp-json\/wp\/v2\/product"}],"about":[{"href":"https:\/\/agrozone.ee\/fi\/wp-json\/wp\/v2\/types\/product"}],"wp:featuredmedia":[{"embeddable":true,"href":"https:\/\/agrozone.ee\/fi\/wp-json\/wp\/v2\/media\/44946"}],"wp:attachment":[{"href":"https:\/\/agrozone.ee\/fi\/wp-json\/wp\/v2\/media?parent=50222"}],"wp:term":[{"taxonomy":"product_brand","embeddable":true,"href":"https:\/\/agrozone.ee\/fi\/wp-json\/wp\/v2\/product_brand?post=50222"},{"taxonomy":"product_cat","embeddable":true,"href":"https:\/\/agrozone.ee\/fi\/wp-json\/wp\/v2\/product_cat?post=50222"},{"taxonomy":"product_tag","embeddable":true,"href":"https:\/\/agrozone.ee\/fi\/wp-json\/wp\/v2\/product_tag?post=50222"}],"curies":[{"name":"wp","href":"https:\/\/api.w.org\/{rel}","templated":true}]}}