{"id":50225,"date":"2024-06-09T15:53:08","date_gmt":"2024-06-09T13:53:08","guid":{"rendered":"https:\/\/agrozone.ee\/toode\/daalia-garden-pride\/"},"modified":"2024-06-09T15:53:08","modified_gmt":"2024-06-09T13:53:08","slug":"daalia-garden-pride","status":"publish","type":"product","link":"https:\/\/agrozone.ee\/fi\/tuote\/daalia-garden-pride\/","title":{"rendered":"Daalia Garden Pride"},"content":{"rendered":"<p><strong>Daalia Garden Pride<\/strong><\/p>\n<ul>\n<li>Yksivuotinen pitk\u00e4ik\u00e4inen kes\u00e4kukka.<\/li>\n<li>Matalakasvuinen ja kompakti.<\/li>\n<li>Korkeus: 30 cm.<\/li>\n<li>Silmiinpist\u00e4v\u00e4 paritalo eri v\u00e4reiss\u00e4.<\/li>\n<li>Daalia kukkii syyspakkasiin asti.<\/li>\n<li>Istutetaan kukkapenkkeihin, ruukkuihin, parvekelaatikoihin y\u00f6pakkasten menty\u00e4 ohi.<\/li>\n<li>Viihtyy aurinkoisella paikalla ravinteikkaassa ja multavassa maaper\u00e4ss\u00e4.<\/li>\n<\/ul>\n<p>Pakkaus &#8211; 50 siement\u00e4<\/p>\n<h4>K\u00e4ytt\u00f6ohjeet<\/h4>\n<ul>\n<li>Viihtyy aurinkoisella paikalla ravinteikkaassa ja multavassa maaper\u00e4ss\u00e4.<\/li>\n<\/ul>\n","protected":false},"excerpt":{"rendered":"<ul>\n<li>Yksivuotinen pitk\u00e4ik\u00e4inen kes\u00e4kukka.<\/li>\n<li>Matalakasvuinen ja kompakti.<\/li>\n<li>Korkeus: 30 cm.<\/li>\n<li>Silmiinpist\u00e4v\u00e4 paritalo eri v\u00e4reiss\u00e4.<\/li>\n<li>Daalia kukkii syyspakkasiin asti.<\/li>\n<li>Istutetaan kukkapenkkeihin, ruukkuihin, parvekelaatikoihin y\u00f6pakkasten menty\u00e4 ohi.<\/li>\n<li>Viihtyy aurinkoisella paikalla ravinteikkaassa ja multavassa maaper\u00e4ss\u00e4.<\/li>\n<\/ul>\n","protected":false},"featured_media":42291,"template":"","meta":{"_acf_changed":false,"_seopress_robots_primary_cat":"none","_seopress_titles_title":"","_seopress_titles_desc":"Daalia Garden Pride - Vuosittainen pitk\u00e4kukkainen kes\u00e4kukka. Matalakasvuinen ja kompakti. Korkeus: 30 cm. Silmiinpist\u00e4v\u00e4 paritalo eri v\u00e4reiss\u00e4.    Kukkii syyskylmiin asti.","_seopress_robots_index":"","_gspb_post_css":""},"product_brand":[],"product_cat":[2425,2392,2423,2399],"product_tag":[],"class_list":{"0":"post-50225","1":"product","2":"type-product","3":"status-publish","4":"has-post-thumbnail","6":"product_cat-daalia-fi","7":"product_cat-kaikki-luokat","8":"product_cat-kukkien-siemenet","9":"product_cat-siemenet","11":"first","12":"instock","13":"taxable","14":"shipping-taxable","15":"purchasable","16":"product-type-simple"},"ct_brands":[],"acf":[],"_links":{"self":[{"href":"https:\/\/agrozone.ee\/fi\/wp-json\/wp\/v2\/product\/50225","targetHints":{"allow":["GET"]}}],"collection":[{"href":"https:\/\/agrozone.ee\/fi\/wp-json\/wp\/v2\/product"}],"about":[{"href":"https:\/\/agrozone.ee\/fi\/wp-json\/wp\/v2\/types\/product"}],"wp:featuredmedia":[{"embeddable":true,"href":"https:\/\/agrozone.ee\/fi\/wp-json\/wp\/v2\/media\/42291"}],"wp:attachment":[{"href":"https:\/\/agrozone.ee\/fi\/wp-json\/wp\/v2\/media?parent=50225"}],"wp:term":[{"taxonomy":"product_brand","embeddable":true,"href":"https:\/\/agrozone.ee\/fi\/wp-json\/wp\/v2\/product_brand?post=50225"},{"taxonomy":"product_cat","embeddable":true,"href":"https:\/\/agrozone.ee\/fi\/wp-json\/wp\/v2\/product_cat?post=50225"},{"taxonomy":"product_tag","embeddable":true,"href":"https:\/\/agrozone.ee\/fi\/wp-json\/wp\/v2\/product_tag?post=50225"}],"curies":[{"name":"wp","href":"https:\/\/api.w.org\/{rel}","templated":true}]}}