{"id":50226,"date":"2024-06-09T15:58:56","date_gmt":"2024-06-09T12:58:56","guid":{"rendered":"https:\/\/agrozone.ee\/toode\/revus-250sc-30-ml\/"},"modified":"2024-06-09T15:58:56","modified_gmt":"2024-06-09T13:58:56","slug":"revus-250sc-30-ml","status":"publish","type":"product","link":"https:\/\/agrozone.ee\/fi\/tuote\/revus-250sc-30-ml\/","title":{"rendered":"Revus 250SC 30 ml"},"content":{"rendered":"<p><strong>Revus 250SC 30 ml<\/strong><\/p>\n<p>Fungisidi Revus on suojaava kasvukauden aikainen fungisidi perunan lehtilaikun ja mukulan ruskom\u00e4d\u00e4n sek\u00e4 lehtivihannesten ja yrttien h\u00e4rm\u00e4n torjuntaan.<\/p>\n<p><a href=\"https:\/\/agrozone.ee\/wp-content\/uploads\/2025\/03\/revus-250-sc_label.pdf\" target=\"_blank\" rel=\"noopener\">TIEDOTE (EE\/RU)<\/a><\/p>\n<p><a href=\"https:\/\/agrozone.ee\/wp-content\/uploads\/2024\/07\/ohtutuskaart_revus_ee_30ml_1dbdbfa3.pdf\">TURVALLISUUSKORTTI<\/a><\/p>\n<h3>K\u00e4ytt\u00f6ohjeet<\/h3>\n<ul>\n<li>5-6 ml liuotetaan 3 litraan vett\u00e4 100 m\u00b2:n ruiskutusta varten.<\/li>\n<\/ul>\n<p><strong>Peruna:<\/strong> 5-6 ml\/100 m\u00b2.<\/p>\n<ul>\n<li>Ruiskuta enint\u00e4\u00e4n 5 kertaa.<\/li>\n<li>Veden m\u00e4\u00e4r\u00e4 liuoksen valmistukseen 1,5-5 l\/100 m\u00b2.<\/li>\n<li>Ruiskuta ensimm\u00e4isten tautioireiden ilmaantuessa versomisesta mukuloiden muodostumisen alkuun saakka.<\/li>\n<li>Taudin kohtalaisen levi\u00e4misen yhteydess\u00e4 k\u00e4ytet\u00e4\u00e4n annosta 5 ml\/100 m\u00b2 7 p\u00e4iv\u00e4n v\u00e4lein.<\/li>\n<li>Taudin voimakkaan levi\u00e4misen yhteydess\u00e4 k\u00e4ytet\u00e4\u00e4n annosta 6 ml\/100 m\u00b2 10 p\u00e4iv\u00e4n v\u00e4lein.<\/li>\n<\/ul>\n<p><strong>Lehtivihannekset ja yrtit avomaalla:<\/strong> 6 ml\/100 m\u00b2.<\/p>\n<ul>\n<li>Veden m\u00e4\u00e4r\u00e4 liuoksen valmistukseen 2-5 l\/100 m\u00b2.<\/li>\n<li>Ruiskuta kasveille, joilla on v\u00e4hint\u00e4\u00e4n kolme pysyv\u00e4\u00e4 lehte\u00e4.<\/li>\n<li>Sallittu enint\u00e4\u00e4n 2 ruiskutuskertaa.<\/li>\n<li>Ruiskutusten v\u00e4himm\u00e4isv\u00e4li 7 p\u00e4iv\u00e4\u00e4.<\/li>\n<\/ul>\n<p><strong>Tomaatti avomaalla:<\/strong> 6 ml\/100 m\u00b2.<\/p>\n<ul>\n<li>Veden m\u00e4\u00e4r\u00e4 liuoksen valmistukseen 2-10 l\/100 m\u00b2.<\/li>\n<li>Ruiskuta taudin alkuvaiheessa, tomaatintaimille ensimm\u00e4isen sivuverson muodostumisesta hedelmien t\u00e4yskypsyyteen saakka, huhtikuusta lokakuuhun.<\/li>\n<li>Sallittu enint\u00e4\u00e4n 4 ruiskutuskertaa.<\/li>\n<li>Ruiskutusten v\u00e4himm\u00e4isv\u00e4li 7 p\u00e4iv\u00e4\u00e4.<\/li>\n<\/ul>\n<p><strong>Tomaatti kasvihuoneessa:<\/strong> 6 ml\/100 m\u00b2.<\/p>\n<ul>\n<li>Veden m\u00e4\u00e4r\u00e4 2-12 l\/100 m\u00b2.<\/li>\n<li>Ruiskuta taudin alkuvaiheessa kasveille ensimm\u00e4isen pysyv\u00e4n lehden muodostumisesta varteen hedelmien t\u00e4yskypsyyteen saakka, huhtikuusta lokakuuhun.<\/li>\n<li>Ruiskutusten v\u00e4himm\u00e4isv\u00e4li 7 p\u00e4iv\u00e4\u00e4.<\/li>\n<li>Sallittu enint\u00e4\u00e4n 4 ruiskutuskertaa.<\/li>\n<\/ul>\n<p><strong>Varotoaika:<\/strong> peruna, tomaatti avomaalla ja kasvihuoneessa \u2013 3 p\u00e4iv\u00e4\u00e4, lehtivihannekset \u2013 7 p\u00e4iv\u00e4\u00e4.<\/p>\n","protected":false},"excerpt":{"rendered":"<ul>\n<li>Hyv\u00e4n perunasadon eteen on joskus n\u00e4ht\u00e4v\u00e4 paljon vaivaa, joskus my\u00f6s kasvitauteja vastaan ruiskuttamalla.<\/li>\n<li>Revus on kasvukauden aikainen fungisidi perunalle, tomaatille ja lehtivihanneksille.<\/li>\n<li>Valmiste on tehokas perunan lehtilaikun ja mukulan ruskom\u00e4d\u00e4n, tomaatin ruskom\u00e4d\u00e4n sek\u00e4 lehtivihannesten ja yrttien h\u00e4rm\u00e4n torjunnassa.<\/li>\n<li>K\u00e4yt\u00e4 ennaltaehk\u00e4isev\u00e4sti.<\/li>\n<li>Ensimm\u00e4inen ruiskutus on teht\u00e4v\u00e4, kun tautien levi\u00e4misvaara on suuri.<\/li>\n<li>Lue aina k\u00e4ytt\u00f6ohje huolellisesti ja noudata hyv\u00e4\u00e4 viljelytapaa.<\/li>\n<li>Ruiskuta tyynell\u00e4 ja kuivalla s\u00e4\u00e4ll\u00e4, varhain aamulla tai my\u00f6h\u00e4\u00e4n illalla, kun mehil\u00e4iset eiv\u00e4t lenn\u00e4.<\/li>\n<\/ul>\n","protected":false},"featured_media":42607,"template":"","meta":{"_acf_changed":false,"_seopress_robots_primary_cat":"none","_seopress_titles_title":"","_seopress_titles_desc":"Revus 30ml on ennaltaehk\u00e4isev\u00e4 kasvukauden aikainen fungisidi perunan lehtilaikun ja mukulan ruskom\u00e4d\u00e4n sek\u00e4 yrttien h\u00e4rm\u00e4n torjuntaan.","_seopress_robots_index":"","_gspb_post_css":""},"product_brand":[],"product_cat":[2392,2359,2356],"product_tag":[],"class_list":{"0":"post-50226","1":"product","2":"type-product","3":"status-publish","4":"has-post-thumbnail","6":"product_cat-kaikki-luokat","7":"product_cat-kasvitautien-torjunta","8":"product_cat-puutarhan-ja-kasvien-suojelu","10":"first","11":"instock","12":"taxable","13":"shipping-taxable","14":"purchasable","15":"product-type-simple"},"ct_brands":[],"acf":[],"_links":{"self":[{"href":"https:\/\/agrozone.ee\/fi\/wp-json\/wp\/v2\/product\/50226","targetHints":{"allow":["GET"]}}],"collection":[{"href":"https:\/\/agrozone.ee\/fi\/wp-json\/wp\/v2\/product"}],"about":[{"href":"https:\/\/agrozone.ee\/fi\/wp-json\/wp\/v2\/types\/product"}],"wp:featuredmedia":[{"embeddable":true,"href":"https:\/\/agrozone.ee\/fi\/wp-json\/wp\/v2\/media\/42607"}],"wp:attachment":[{"href":"https:\/\/agrozone.ee\/fi\/wp-json\/wp\/v2\/media?parent=50226"}],"wp:term":[{"taxonomy":"product_brand","embeddable":true,"href":"https:\/\/agrozone.ee\/fi\/wp-json\/wp\/v2\/product_brand?post=50226"},{"taxonomy":"product_cat","embeddable":true,"href":"https:\/\/agrozone.ee\/fi\/wp-json\/wp\/v2\/product_cat?post=50226"},{"taxonomy":"product_tag","embeddable":true,"href":"https:\/\/agrozone.ee\/fi\/wp-json\/wp\/v2\/product_tag?post=50226"}],"curies":[{"name":"wp","href":"https:\/\/api.w.org\/{rel}","templated":true}]}}