{"id":50247,"date":"2024-06-09T16:01:31","date_gmt":"2024-06-09T13:01:31","guid":{"rendered":"https:\/\/agrozone.ee\/toode\/valkoinen-kasvuharso-1-1x100m\/"},"modified":"2024-06-09T16:01:31","modified_gmt":"2024-06-09T14:01:31","slug":"valkoinen-kasvuharso-1-1x100m","status":"publish","type":"product","link":"https:\/\/agrozone.ee\/fi\/tuote\/valkoinen-kasvuharso-1-1x100m\/","title":{"rendered":"Valkoinen kasvuharso 1.1\u00d7100m"},"content":{"rendered":"<p><strong>Valkoinen kasvuharso 1.1\u00d7100m &#8211; 110m\u00b2<\/strong><\/p>\n<ul>\n<li>Hienomatot ovat polypropeenista valmistettua p\u00e4\u00e4llystemateriaalia kotipuutarhoihin ja maisemointiin.<\/li>\n<li>Se on vett\u00e4 ja ilmaa l\u00e4p\u00e4isev\u00e4, vahva ja kest\u00e4\u00e4 tallomista.<\/li>\n<li>Hieno multa est\u00e4\u00e4 rikkaruohojen kehittymisen, pit\u00e4\u00e4 maan kosteana ja v\u00e4hent\u00e4\u00e4 eroosiota.<\/li>\n<li>Se kest\u00e4\u00e4 ultraviolettis\u00e4teily\u00e4.<\/li>\n<li>Hieno multa soveltuu k\u00e4ytett\u00e4v\u00e4ksi mansikka- ja muissa istutuksissa, monivuotisissa kukkapenkeiss\u00e4, puiden ja pensaiden alla rikkaruohojen kasvun est\u00e4miseksi, tienrakennuksessa maakerrosten erottamiseksi toisistaan, taimitarhoissa kasviastioiden alla jne.<\/li>\n<\/ul>\n<h3>K\u00e4ytt\u00f6ohjeet<\/h3>\n<ul>\n<li>Hienojakoinen multa levitet\u00e4\u00e4n valmistellulle maalle, reunat kiinnitet\u00e4\u00e4n ja istutus- tai kylv\u00f6aukot leikataan X:n muotoisiksi ter\u00e4v\u00e4ll\u00e4 veitsell\u00e4.<\/li>\n<li>Kun istutetaan koristekasveja, reunus voidaan peitt\u00e4\u00e4 hakkeella, kuorella tai vastaavalla mullatulla materiaalilla.<\/li>\n<li>Kest\u00e4\u00e4 jopa 10 vuotta.<\/li>\n<\/ul>\n","protected":false},"excerpt":{"rendered":"<ul>\n<li>Hienomatot ovat polypropeenista valmistettua p\u00e4\u00e4llystemateriaalia kotipuutarhoihin ja maisemointiin.<\/li>\n<li>Se on vett\u00e4 ja ilmaa l\u00e4p\u00e4isev\u00e4, vahva ja kest\u00e4\u00e4 tallomista.<\/li>\n<li>Hieno multa est\u00e4\u00e4 rikkaruohojen kehittymisen, pit\u00e4\u00e4 maan kosteana ja v\u00e4hent\u00e4\u00e4 eroosiota.<\/li>\n<li>Se kest\u00e4\u00e4 ultraviolettis\u00e4teily\u00e4.<\/li>\n<li>Hieno multa soveltuu k\u00e4ytett\u00e4v\u00e4ksi mansikka- ja muissa istutuksissa, monivuotisissa kukkapenkeiss\u00e4, puiden ja pensaiden alla rikkaruohojen kasvun est\u00e4miseksi, tienrakennuksessa maakerrosten erottamiseksi toisistaan, taimitarhoissa kasviastioiden alla jne.<\/li>\n<\/ul>\n","protected":false},"featured_media":45154,"template":"","meta":{"_acf_changed":false,"_seopress_robots_primary_cat":"none","_seopress_titles_title":"","_seopress_titles_desc":"Hienomatot ovat polypropeenista valmistettua pintamateriaalia kotipuutarhojen ja maisemoinnin p\u00e4\u00e4llyst\u00e4miseen. Se on vett\u00e4 ja ilmaa l\u00e4p\u00e4isev\u00e4, vahva ja kest\u00e4\u00e4 tallomista. ","_seopress_robots_index":"","_gspb_post_css":""},"product_brand":[],"product_cat":[2392,2448,2456],"product_tag":[],"class_list":{"0":"post-50247","1":"product","2":"type-product","3":"status-publish","4":"has-post-thumbnail","6":"product_cat-kaikki-luokat","7":"product_cat-kasvinsuojelukankaat-ja-maanpeitekankaat","8":"product_cat-maanpeitekangas","9":"product_shipping_class-ei-mahdu-automaattiin","11":"first","12":"instock","13":"taxable","14":"shipping-taxable","15":"purchasable","16":"product-type-simple"},"ct_brands":[],"acf":[],"_links":{"self":[{"href":"https:\/\/agrozone.ee\/fi\/wp-json\/wp\/v2\/product\/50247","targetHints":{"allow":["GET"]}}],"collection":[{"href":"https:\/\/agrozone.ee\/fi\/wp-json\/wp\/v2\/product"}],"about":[{"href":"https:\/\/agrozone.ee\/fi\/wp-json\/wp\/v2\/types\/product"}],"wp:featuredmedia":[{"embeddable":true,"href":"https:\/\/agrozone.ee\/fi\/wp-json\/wp\/v2\/media\/45154"}],"wp:attachment":[{"href":"https:\/\/agrozone.ee\/fi\/wp-json\/wp\/v2\/media?parent=50247"}],"wp:term":[{"taxonomy":"product_brand","embeddable":true,"href":"https:\/\/agrozone.ee\/fi\/wp-json\/wp\/v2\/product_brand?post=50247"},{"taxonomy":"product_cat","embeddable":true,"href":"https:\/\/agrozone.ee\/fi\/wp-json\/wp\/v2\/product_cat?post=50247"},{"taxonomy":"product_tag","embeddable":true,"href":"https:\/\/agrozone.ee\/fi\/wp-json\/wp\/v2\/product_tag?post=50247"}],"curies":[{"name":"wp","href":"https:\/\/api.w.org\/{rel}","templated":true}]}}