{"id":50248,"date":"2024-06-09T16:01:31","date_gmt":"2024-06-09T14:01:31","guid":{"rendered":"https:\/\/agrozone.ee\/toode\/kookosmatto-05x15m-075m%c2%b2\/"},"modified":"2024-06-09T16:01:31","modified_gmt":"2024-06-09T14:01:31","slug":"kookosmatto-05x15m-075m%c2%b2","status":"publish","type":"product","link":"https:\/\/agrozone.ee\/fi\/tuote\/kookosmatto-05x15m-075m%c2%b2\/","title":{"rendered":"Kookosmatto 0,5&#215;1,5m, 0,75m\u00b2"},"content":{"rendered":"<p>Kookosmatto taimen suojaksi rikkakasveilta ja mullan kuivumiselta.<\/p>\n<p>&nbsp;<\/p>\n<h3>K\u00e4ytt\u00f6ohjeet<\/h3>\n<p>Sopii hyvin my\u00f6s herkkien kasvien suojaamiseen kylm\u00e4lt\u00e4.<\/p>\n","protected":false},"excerpt":{"rendered":"<p>Kookosmatto taimen suojaksi rikkakasveilta ja mullan kuivumiselta.<\/p>\n","protected":false},"featured_media":45166,"template":"","meta":{"_acf_changed":false,"_seopress_robots_primary_cat":"","_seopress_titles_title":"","_seopress_titles_desc":"","_seopress_robots_index":"","_gspb_post_css":""},"product_brand":[],"product_cat":[2392,2448,2451],"product_tag":[],"class_list":{"0":"post-50248","1":"product","2":"type-product","3":"status-publish","4":"has-post-thumbnail","6":"product_cat-kaikki-luokat","7":"product_cat-kasvinsuojelukankaat-ja-maanpeitekankaat","8":"product_cat-peitekankaiden-lisatarvikkeet","10":"first","11":"instock","12":"taxable","13":"shipping-taxable","14":"purchasable","15":"product-type-simple"},"ct_brands":[],"acf":[],"_links":{"self":[{"href":"https:\/\/agrozone.ee\/fi\/wp-json\/wp\/v2\/product\/50248","targetHints":{"allow":["GET"]}}],"collection":[{"href":"https:\/\/agrozone.ee\/fi\/wp-json\/wp\/v2\/product"}],"about":[{"href":"https:\/\/agrozone.ee\/fi\/wp-json\/wp\/v2\/types\/product"}],"wp:featuredmedia":[{"embeddable":true,"href":"https:\/\/agrozone.ee\/fi\/wp-json\/wp\/v2\/media\/45166"}],"wp:attachment":[{"href":"https:\/\/agrozone.ee\/fi\/wp-json\/wp\/v2\/media?parent=50248"}],"wp:term":[{"taxonomy":"product_brand","embeddable":true,"href":"https:\/\/agrozone.ee\/fi\/wp-json\/wp\/v2\/product_brand?post=50248"},{"taxonomy":"product_cat","embeddable":true,"href":"https:\/\/agrozone.ee\/fi\/wp-json\/wp\/v2\/product_cat?post=50248"},{"taxonomy":"product_tag","embeddable":true,"href":"https:\/\/agrozone.ee\/fi\/wp-json\/wp\/v2\/product_tag?post=50248"}],"curies":[{"name":"wp","href":"https:\/\/api.w.org\/{rel}","templated":true}]}}