{"id":50249,"date":"2024-06-09T16:01:31","date_gmt":"2024-06-09T14:01:31","guid":{"rendered":"https:\/\/agrozone.ee\/toode\/lintuverkko-2x5m\/"},"modified":"2024-06-09T16:01:31","modified_gmt":"2024-06-09T14:01:31","slug":"lintuverkko-2x5m","status":"publish","type":"product","link":"https:\/\/agrozone.ee\/fi\/tuote\/lintuverkko-2x5m\/","title":{"rendered":"Lintuverkko 2\u00d75m"},"content":{"rendered":"<p>Lintuverkkoa k\u00e4ytet\u00e4\u00e4n kotipuutarhassa marja- ja hedelm\u00e4sadon suojaamiseksi linnuilta.<\/p>\n<p>&nbsp;<\/p>\n<h3>K\u00e4ytt\u00f6ohjeet<\/h3>\n<p>Jotta linnut eiv\u00e4t p\u00e4\u00e4sisi verkon yl\u00e4puolelta nokkimaan marjoja, aseta verkot hieman marjapensaiden\u2013pensaiden yl\u00e4puolelle, kepeille tai erityiselle kehykselle. Verkkojen alareunan tulisi j\u00e4\u00e4d\u00e4 siten, etteiv\u00e4t linnut p\u00e4\u00e4se verkon alle. Tarkista verkot s\u00e4\u00e4nn\u00f6llisesti sen varalta, ettei niihin ole j\u00e4\u00e4nyt lintuja, jotta ne voidaan tarvittaessa vapauttaa. Verkkoihin voi my\u00f6s takertua pienempi\u00e4 el\u00e4imi\u00e4, kuten siilej\u00e4 ja j\u00e4niksi\u00e4.   <\/p>\n","protected":false},"excerpt":{"rendered":"<p>Lintuverkkoa k\u00e4ytet\u00e4\u00e4n kotipuutarhassa marja- ja hedelm\u00e4sadon suojaamiseksi linnuilta.<\/p>\n","protected":false},"featured_media":45167,"template":"","meta":{"_acf_changed":false,"_seopress_robots_primary_cat":"","_seopress_titles_title":"","_seopress_titles_desc":"","_seopress_robots_index":"","_gspb_post_css":""},"product_brand":[],"product_cat":[2392,2448,2453,2451],"product_tag":[],"class_list":{"0":"post-50249","1":"product","2":"type-product","3":"status-publish","4":"has-post-thumbnail","6":"product_cat-kaikki-luokat","7":"product_cat-kasvinsuojelukankaat-ja-maanpeitekankaat","8":"product_cat-lintutorjuntaverkko","9":"product_cat-peitekankaiden-lisatarvikkeet","11":"first","12":"instock","13":"featured","14":"taxable","15":"shipping-taxable","16":"purchasable","17":"product-type-simple"},"ct_brands":[],"acf":[],"_links":{"self":[{"href":"https:\/\/agrozone.ee\/fi\/wp-json\/wp\/v2\/product\/50249","targetHints":{"allow":["GET"]}}],"collection":[{"href":"https:\/\/agrozone.ee\/fi\/wp-json\/wp\/v2\/product"}],"about":[{"href":"https:\/\/agrozone.ee\/fi\/wp-json\/wp\/v2\/types\/product"}],"wp:featuredmedia":[{"embeddable":true,"href":"https:\/\/agrozone.ee\/fi\/wp-json\/wp\/v2\/media\/45167"}],"wp:attachment":[{"href":"https:\/\/agrozone.ee\/fi\/wp-json\/wp\/v2\/media?parent=50249"}],"wp:term":[{"taxonomy":"product_brand","embeddable":true,"href":"https:\/\/agrozone.ee\/fi\/wp-json\/wp\/v2\/product_brand?post=50249"},{"taxonomy":"product_cat","embeddable":true,"href":"https:\/\/agrozone.ee\/fi\/wp-json\/wp\/v2\/product_cat?post=50249"},{"taxonomy":"product_tag","embeddable":true,"href":"https:\/\/agrozone.ee\/fi\/wp-json\/wp\/v2\/product_tag?post=50249"}],"curies":[{"name":"wp","href":"https:\/\/api.w.org\/{rel}","templated":true}]}}