{"id":50250,"date":"2024-06-09T16:01:31","date_gmt":"2024-06-09T14:01:31","guid":{"rendered":"https:\/\/agrozone.ee\/toode\/lintuverkko-4x10m\/"},"modified":"2024-06-09T16:01:31","modified_gmt":"2024-06-09T14:01:31","slug":"lintuverkko-4x10m","status":"publish","type":"product","link":"https:\/\/agrozone.ee\/fi\/tuote\/lintuverkko-4x10m\/","title":{"rendered":"Lintuverkko 4\u00d710m"},"content":{"rendered":"<p><strong>Lintuverkko 4\u00d710m<\/strong><\/p>\n<p>Lintuverkkoa k\u00e4ytet\u00e4\u00e4n kotipuutarhassa marja- ja hedelm\u00e4sadon suojaamiseksi linnuilta.<\/p>\n<p>Lintuverkko on valmistettu korkealaatuisesta materiaalista, mik\u00e4 takaa pitk\u00e4aikaisen kest\u00e4vyyden ja tehokkuuden my\u00f6s ankarissa s\u00e4\u00e4olosuhteissa.<\/p>\n<p>&nbsp;<\/p>\n<h3>K\u00e4ytt\u00f6ohjeet<\/h3>\n<ul>\n<li>Est\u00e4\u00e4ksesi lintuja nokkimasta marjoja ylh\u00e4\u00e4lt\u00e4 p\u00e4in, aseta verkot hieman marjapensaiden tai -pensaiden yl\u00e4puolelle, keppien tai erityisen kehikon p\u00e4\u00e4lle.<\/li>\n<li>Verkon alareuna on pidett\u00e4v\u00e4 siten, ett\u00e4 linnut eiv\u00e4t p\u00e4\u00e4se verkon alle.<\/li>\n<li>Tarkista verkot s\u00e4\u00e4nn\u00f6llisesti varmistaaksesi, ettei lintuja ole j\u00e4\u00e4nyt loukkuun, jotta ne voidaan tarvittaessa pelastaa.<\/li>\n<li>My\u00f6s pienemm\u00e4t el\u00e4imet, kuten siilit ja kanit, voivat sotkeutua verkkoihin.<\/li>\n<\/ul>\n","protected":false},"excerpt":{"rendered":"<p>Lintuverkkoa k\u00e4ytet\u00e4\u00e4n kotipuutarhassa marja- ja hedelm\u00e4sadon suojaamiseksi linnuilta.<\/p>\n<ul>\n<li>Est\u00e4\u00e4ksesi lintuja nokkimasta marjoja ylh\u00e4\u00e4lt\u00e4 p\u00e4in, aseta verkot hieman marjapensaiden tai -pensaiden yl\u00e4puolelle, keppien tai erityisen kehikon p\u00e4\u00e4lle.<\/li>\n<li>Verkon alareuna on pidett\u00e4v\u00e4 siten, ett\u00e4 linnut eiv\u00e4t p\u00e4\u00e4se verkon alle.<\/li>\n<li>Tarkista verkot s\u00e4\u00e4nn\u00f6llisesti varmistaaksesi, ettei lintuja ole j\u00e4\u00e4nyt loukkuun, jotta ne voidaan tarvittaessa pelastaa.<\/li>\n<li>My\u00f6s pienemm\u00e4t el\u00e4imet, kuten siilit ja kanit, voivat sotkeutua verkkoihin.<\/li>\n<\/ul>\n","protected":false},"featured_media":45168,"template":"","meta":{"_acf_changed":false,"_seopress_robots_primary_cat":"","_seopress_titles_title":"","_seopress_titles_desc":"Lintuverkko 4\u00d710m - Jotta linnut eiv\u00e4t p\u00e4\u00e4sisi verkon p\u00e4\u00e4lt\u00e4 nokkimaan marjoja, aseta verkot hieman marjapensaiden ja -pensaiden yl\u00e4puolelle.","_seopress_robots_index":"","_gspb_post_css":""},"product_brand":[],"product_cat":[2392,2448,2453,2451],"product_tag":[],"class_list":{"0":"post-50250","1":"product","2":"type-product","3":"status-publish","4":"has-post-thumbnail","6":"product_cat-kaikki-luokat","7":"product_cat-kasvinsuojelukankaat-ja-maanpeitekankaat","8":"product_cat-lintutorjuntaverkko","9":"product_cat-peitekankaiden-lisatarvikkeet","11":"first","12":"instock","13":"taxable","14":"shipping-taxable","15":"purchasable","16":"product-type-simple"},"ct_brands":[],"acf":[],"_links":{"self":[{"href":"https:\/\/agrozone.ee\/fi\/wp-json\/wp\/v2\/product\/50250","targetHints":{"allow":["GET"]}}],"collection":[{"href":"https:\/\/agrozone.ee\/fi\/wp-json\/wp\/v2\/product"}],"about":[{"href":"https:\/\/agrozone.ee\/fi\/wp-json\/wp\/v2\/types\/product"}],"wp:featuredmedia":[{"embeddable":true,"href":"https:\/\/agrozone.ee\/fi\/wp-json\/wp\/v2\/media\/45168"}],"wp:attachment":[{"href":"https:\/\/agrozone.ee\/fi\/wp-json\/wp\/v2\/media?parent=50250"}],"wp:term":[{"taxonomy":"product_brand","embeddable":true,"href":"https:\/\/agrozone.ee\/fi\/wp-json\/wp\/v2\/product_brand?post=50250"},{"taxonomy":"product_cat","embeddable":true,"href":"https:\/\/agrozone.ee\/fi\/wp-json\/wp\/v2\/product_cat?post=50250"},{"taxonomy":"product_tag","embeddable":true,"href":"https:\/\/agrozone.ee\/fi\/wp-json\/wp\/v2\/product_tag?post=50250"}],"curies":[{"name":"wp","href":"https:\/\/api.w.org\/{rel}","templated":true}]}}