{"id":50251,"date":"2024-06-09T16:00:05","date_gmt":"2024-06-09T13:00:05","guid":{"rendered":"https:\/\/agrozone.ee\/toode\/kiinnitysklammerit-kasvukankaalle-17x35cm-10kpl\/"},"modified":"2024-06-09T16:00:05","modified_gmt":"2024-06-09T14:00:05","slug":"kiinnitysklammerit-kasvukankaalle-17x35cm-10kpl","status":"publish","type":"product","link":"https:\/\/agrozone.ee\/fi\/tuote\/kiinnitysklammerit-kasvukankaalle-17x35cm-10kpl\/","title":{"rendered":"Kiinnitysklammerit kasvukankaalle 17\u00d73,5cm 10kpl"},"content":{"rendered":"<p>Suojakangasklipsit ovat U-muotoisia metalliklipsit\u00e4 erilaisten suojien, kalvojen ja puutarhatarvikkeiden kiinnitt\u00e4miseen.<\/p>\n<p>&nbsp;<\/p>\n<h3>K\u00e4ytt\u00f6ohjeet<\/h3>\n<p>Ty\u00f6nn\u00e4 klipsi kankaan\/kalvon l\u00e4pi ja paina tiukasti maahan.<\/p>\n","protected":false},"excerpt":{"rendered":"<p>Suojakangasklipsit ovat U-muotoisia metalliklipsit\u00e4 erilaisten suojien, kalvojen ja puutarhatarvikkeiden kiinnitt\u00e4miseen.<\/p>\n","protected":false},"featured_media":45159,"template":"","meta":{"_acf_changed":false,"_seopress_robots_primary_cat":"","_seopress_titles_title":"","_seopress_titles_desc":"","_seopress_robots_index":"","_gspb_post_css":""},"product_brand":[],"product_cat":[2392,2448,2451],"product_tag":[],"class_list":{"0":"post-50251","1":"product","2":"type-product","3":"status-publish","4":"has-post-thumbnail","6":"product_cat-kaikki-luokat","7":"product_cat-kasvinsuojelukankaat-ja-maanpeitekankaat","8":"product_cat-peitekankaiden-lisatarvikkeet","10":"first","11":"instock","12":"featured","13":"taxable","14":"shipping-taxable","15":"purchasable","16":"product-type-simple"},"ct_brands":[],"acf":[],"_links":{"self":[{"href":"https:\/\/agrozone.ee\/fi\/wp-json\/wp\/v2\/product\/50251","targetHints":{"allow":["GET"]}}],"collection":[{"href":"https:\/\/agrozone.ee\/fi\/wp-json\/wp\/v2\/product"}],"about":[{"href":"https:\/\/agrozone.ee\/fi\/wp-json\/wp\/v2\/types\/product"}],"wp:featuredmedia":[{"embeddable":true,"href":"https:\/\/agrozone.ee\/fi\/wp-json\/wp\/v2\/media\/45159"}],"wp:attachment":[{"href":"https:\/\/agrozone.ee\/fi\/wp-json\/wp\/v2\/media?parent=50251"}],"wp:term":[{"taxonomy":"product_brand","embeddable":true,"href":"https:\/\/agrozone.ee\/fi\/wp-json\/wp\/v2\/product_brand?post=50251"},{"taxonomy":"product_cat","embeddable":true,"href":"https:\/\/agrozone.ee\/fi\/wp-json\/wp\/v2\/product_cat?post=50251"},{"taxonomy":"product_tag","embeddable":true,"href":"https:\/\/agrozone.ee\/fi\/wp-json\/wp\/v2\/product_tag?post=50251"}],"curies":[{"name":"wp","href":"https:\/\/api.w.org\/{rel}","templated":true}]}}