{"id":50252,"date":"2024-06-09T15:59:18","date_gmt":"2024-06-09T12:59:18","guid":{"rendered":"https:\/\/agrozone.ee\/toode\/mavrik-30ml-tuholaistorjunta-aine-insektisidi\/"},"modified":"2024-06-09T15:59:18","modified_gmt":"2024-06-09T13:59:18","slug":"mavrik-30ml-tuholaistorjunta-aine-insektisidi","status":"publish","type":"product","link":"https:\/\/agrozone.ee\/fi\/tuote\/mavrik-30ml-tuholaistorjunta-aine-insektisidi\/","title":{"rendered":"Mavrik 30ml tuholaistorjunta-aine insektisidi"},"content":{"rendered":"<p><strong>Mavrik 30ml<\/strong><\/p>\n<p>Torjunta-aine herneen, pavun, perunan, porkkanan, kukkakaalin, parsakaalin, ker\u00e4kaalin, ruusukaalin ja koristekasvien tuholaisiin.<\/p>\n<p><strong>YLEIST\u00c4 TIETOA <\/strong><\/p>\n<p>Mavrik tuhoaa hy\u00f6nteistuholaisia sek\u00e4 torjuu ja h\u00e4vitt\u00e4\u00e4 punkkeja.<\/p>\n<p>Valmiste vaikuttaa ensisijaisesti kosketuksen kautta, eli torjuttavien tuholaisten on joututtava kosketuksiin ruiskutusnesteen tai sen j\u00e4\u00e4mien kanssa.<\/p>\n<p>Hyv\u00e4n tuloksen edellytyksen\u00e4 on kasvin huolellinen peitt\u00e4minen ruiskutusnesteell\u00e4.<\/p>\n<p>Mavrikia saa k\u00e4ytt\u00e4\u00e4 kasvien kukinnan aikana.<\/p>\n<p>Ruiskutus suoritetaan aamu- ja iltatunteina, jolloin mehil\u00e4isten ja muiden hy\u00f6dyllisten hy\u00f6nteisten lento ei ole alkanut tai on p\u00e4\u00e4ttynyt (klo 22:00 \u2013 05:00).<\/p>\n<p>Kasvinsuojeluainetta Mavrikia k\u00e4ytet\u00e4\u00e4n tuholaisten torjuntaan herneell\u00e4, pavulla, perunalla, porkkanalla, kukkakaalilla, parsakaalilla, ker\u00e4kaalilla, ruusukaalilla ja koristekasveilla.<\/p>\n<p>Laajennettu k\u00e4ytt\u00f6ala pienialaisille viljelyksille: omena- ja p\u00e4\u00e4ryn\u00e4puut.<\/p>\n<p>Mavrik tuhoaa hy\u00f6nteistuholaisia sek\u00e4 torjuu ja h\u00e4vitt\u00e4\u00e4 punkkeja.<\/p>\n<p>&nbsp;<\/p>\n<p><a href=\"https:\/\/agrozone.ee\/wp-content\/uploads\/2025\/04\/mavrik-vaikepakend-etikett-2.pdf\" target=\"_blank\" rel=\"noopener\">TIETOLEHTI<\/a><\/p>\n<p><a href=\"https:\/\/agrozone.ee\/wp-content\/uploads\/2024\/10\/ohutuskaart_mavrik_53b93291.pdf\">TURVALLISUUSKORTTI<\/a><\/p>\n<p>&nbsp;<\/p>\n<h3>K\u00e4ytt\u00f6ohjeet<\/h3>\n<ul>\n<li>6-8 ml valmistetta liuotetaan 10 litraan vett\u00e4 ja ruiskutetaan 330 m\u00b2:n alalle.<\/li>\n<li><strong>Torjuttavat tuholaiset:<\/strong> kaalikoi, kaaliperhonen, kaaliy\u00f6kk\u00f6nen, kirpat, varsik\u00e4rs\u00e4k\u00e4s, kaalik\u00e4rp\u00e4nen, porkkanakirva, omenak\u00e4\u00e4ri\u00e4inen, lehtikirva, hedelm\u00e4puupunkki, sahapisti\u00e4iset, hernek\u00e4rs\u00e4k\u00e4s, hernek\u00e4\u00e4ri\u00e4inen, lehtituholaiset, punkit, lehtikirvat, kovakuoriaiset.<\/li>\n<\/ul>\n","protected":false},"excerpt":{"rendered":"<p>Torjunta-aine herneen, pavun, perunan, porkkanan, kukkakaalin, parsakaalin, ker\u00e4kaalin, ruusukaalin ja koristekasvien tuholaisiin.<\/p>\n","protected":false},"featured_media":58169,"template":"","meta":{"_acf_changed":false,"_seopress_robots_primary_cat":"none","_seopress_titles_title":"","_seopress_titles_desc":"Mavrik 30ml - Tuholaisten torjuntaan herneell\u00e4, pavulla, perunalla, porkkanalla, kukkakaalilla, parsakaalilla, ker\u00e4kaalilla, ruusukaalilla ja koristekasveilla.","_seopress_robots_index":"","_gspb_post_css":""},"product_brand":[],"product_cat":[2392,2356,2360],"product_tag":[],"class_list":{"0":"post-50252","1":"product","2":"type-product","3":"status-publish","4":"has-post-thumbnail","6":"product_cat-kaikki-luokat","7":"product_cat-puutarhan-ja-kasvien-suojelu","8":"product_cat-kasvintuholaisten-torjunta","10":"first","11":"instock","12":"taxable","13":"shipping-taxable","14":"purchasable","15":"product-type-simple"},"ct_brands":[],"acf":[],"_links":{"self":[{"href":"https:\/\/agrozone.ee\/fi\/wp-json\/wp\/v2\/product\/50252","targetHints":{"allow":["GET"]}}],"collection":[{"href":"https:\/\/agrozone.ee\/fi\/wp-json\/wp\/v2\/product"}],"about":[{"href":"https:\/\/agrozone.ee\/fi\/wp-json\/wp\/v2\/types\/product"}],"wp:featuredmedia":[{"embeddable":true,"href":"https:\/\/agrozone.ee\/fi\/wp-json\/wp\/v2\/media\/58169"}],"wp:attachment":[{"href":"https:\/\/agrozone.ee\/fi\/wp-json\/wp\/v2\/media?parent=50252"}],"wp:term":[{"taxonomy":"product_brand","embeddable":true,"href":"https:\/\/agrozone.ee\/fi\/wp-json\/wp\/v2\/product_brand?post=50252"},{"taxonomy":"product_cat","embeddable":true,"href":"https:\/\/agrozone.ee\/fi\/wp-json\/wp\/v2\/product_cat?post=50252"},{"taxonomy":"product_tag","embeddable":true,"href":"https:\/\/agrozone.ee\/fi\/wp-json\/wp\/v2\/product_tag?post=50252"}],"curies":[{"name":"wp","href":"https:\/\/api.w.org\/{rel}","templated":true}]}}