{"id":50253,"date":"2024-06-09T15:59:19","date_gmt":"2024-06-09T12:59:19","guid":{"rendered":"https:\/\/agrozone.ee\/toode\/liimavyo-hedelmapuille-3m\/"},"modified":"2024-06-09T15:59:19","modified_gmt":"2024-06-09T13:59:19","slug":"liimavyo-hedelmapuille-3m","status":"publish","type":"product","link":"https:\/\/agrozone.ee\/fi\/tuote\/liimavyo-hedelmapuille-3m\/","title":{"rendered":"Liimavy\u00f6 hedelm\u00e4puille 3m"},"content":{"rendered":"<ul>\n<li>Liimavy\u00f6 tuholaisten torjuntaan hedelm\u00e4puissa, ei sis\u00e4ll\u00e4 kemiallisia hy\u00f6nteistorjunta-aineita ja on vaaraton hy\u00f6dyllisille hy\u00f6nteisille.<\/li>\n<li>Kokeet osoittavat, ett\u00e4 vihre\u00e4 liima ei houkuttele hy\u00f6dyllisi\u00e4 lent\u00e4vi\u00e4 hy\u00f6nteisi\u00e4.<\/li>\n<li>Hedelm\u00e4puiden liimavy\u00f6 on p\u00e4\u00e4llystetty luonnonmukaisella liimalla, joka on uusiutuva raaka-aine.<\/li>\n<li>Tasaisesti levitetty liima ei ole herkk\u00e4 kuumuudelle (jopa 50 \u00b0C) eik\u00e4 kylm\u00e4lle, ja se s\u00e4ilytt\u00e4\u00e4 pyyntitehonsa useita kuukausia.<\/li>\n<li>Liimavy\u00f6 koostuu &#8220;ry\u00f6mint\u00e4liimasta&#8221;, joka pyydyst\u00e4\u00e4 vain liimaan ry\u00f6mivi\u00e4 hy\u00f6nteisi\u00e4.<\/li>\n<li>T\u00e4m\u00e4 est\u00e4\u00e4 niin kutsuttujen siltojen muodostumisen liimarenkaaseen, esimerkiksi hy\u00f6nteisten tarttumisen vuoksi.<\/li>\n<\/ul>\n<p>Est\u00e4\u00e4 n\u00e4iden ja monien muiden tuholaisten p\u00e4\u00e4syn puun latvustoon:<\/p>\n<ul>\n<li style=\"list-style-type: none;\">\n<ul>\n<li>Yleinen hallamittari<\/li>\n<li>Lumimittari<\/li>\n<li>Villakirva ja verikirva<\/li>\n<li>Puuntuhooja<\/li>\n<li>Muurahaiset<\/li>\n<li>P\u00e4hkin\u00e4k\u00e4rs\u00e4k\u00e4s<\/li>\n<\/ul>\n<\/li>\n<\/ul>\n<h3>K\u00e4ytt\u00f6ohjeet<\/h3>\n<ul>\n<li>Aseta suljettu liimavy\u00f6 tummanvihre\u00e4 puoli ulosp\u00e4in rungon ymp\u00e4rille, kiinnit\u00e4 se neulalla ja sido yl\u00e4osa langalla kiinni.<\/li>\n<li>Ved\u00e4 sitten liimavy\u00f6t\u00e4 alasp\u00e4in ja sido se alhaalta kiinni.<\/li>\n<li>Vihre\u00e4\u00e4n liimavy\u00f6h\u00f6n tarttuvat vain sen yli ry\u00f6miv\u00e4t hy\u00f6nteistuholaiset.<\/li>\n<\/ul>\n<p><strong>Hallamittaria vastaan: syyskuun lopusta maaliskuuhun. <\/strong><\/p>\n<p><strong>Veri- ja lehtikirvoja, p\u00e4hkin\u00e4k\u00e4rs\u00e4k\u00e4st\u00e4, lumimittaria vastaan: maaliskuun lopusta hein\u00e4kuuhun.<\/strong><\/p>\n<p>Liimavy\u00f6 torjuu kaikkia rungolla ry\u00f6mivi\u00e4 hy\u00f6nteisi\u00e4, kuten hallamittaria (Operophtera brumata) \u2013 yht\u00e4 t\u00e4rkeimmist\u00e4 hedelm\u00e4puiden tuholaisista; muurahaisia (Lasius sp. ym.) \u2013 suojelevat lehtikirvakolonioita; villakirvaa ja verikirvaa (Eriosoma lanigerum) \u2013 kirvakoloniat heikent\u00e4v\u00e4t puiden pakkasenkest\u00e4vyytt\u00e4; p\u00e4hkin\u00e4k\u00e4rs\u00e4k\u00e4st\u00e4 (Curculio nucum) \u2013 voi voimakkaasti v\u00e4hent\u00e4\u00e4 satoa; puuntuhoojaa (Xyloborus dispar ym.) \u2013 el\u00e4\u00e4 eri puulajeilla; lumimittaria (Apocheima pilosaria) \u2013 vahingoittaa erilaisia lehtipuutaimia, mukaan lukien hedelm\u00e4puita; kirsikkapuu-lehtikirvaa (Myzus cerasi, M. prunavium) \u2013 liimarengas torjuu t\u00e4m\u00e4n tuholaisen ensimm\u00e4ist\u00e4 hy\u00f6kk\u00e4yst\u00e4.<\/p>\n<p><strong>Huom!<\/strong><\/p>\n<ul>\n<li>Valmistaja ei ole m\u00e4\u00e4ritt\u00e4nyt tuotteen s\u00e4ilyvyysaikaa.<\/li>\n<li>S\u00e4ilyt\u00e4 pakkausta kuivassa ja viile\u00e4ss\u00e4 paikassa.<\/li>\n<li>Kosteassa tai m\u00e4r\u00e4ss\u00e4 paikassa s\u00e4ilytett\u00e4ess\u00e4 liimavy\u00f6n paperi kastuu ja menett\u00e4\u00e4 tehonsa.<\/li>\n<li>Tuotetta ei saa s\u00e4ilytt\u00e4\u00e4 pakkasessa, sill\u00e4 silloin liima kovettuu ja repii paperin rikki.<\/li>\n<\/ul>\n","protected":false},"excerpt":{"rendered":"<ul>\n<li>Liimavy\u00f6 tuholaisten torjuntaan hedelm\u00e4puissa, ei sis\u00e4ll\u00e4 kemiallisia hy\u00f6nteistorjunta-aineita ja on vaaraton hy\u00f6dyllisille hy\u00f6nteisille.<\/li>\n<li>Kokeet osoittavat, ett\u00e4 vihre\u00e4 liima ei houkuttele hy\u00f6dyllisi\u00e4 lent\u00e4vi\u00e4 hy\u00f6nteisi\u00e4.<\/li>\n<li>Hedelm\u00e4puiden liimavy\u00f6 on p\u00e4\u00e4llystetty luonnonmukaisella liimalla, joka on uusiutuva raaka-aine.<\/li>\n<\/ul>\n","protected":false},"featured_media":44098,"template":"","meta":{"_acf_changed":false,"_seopress_robots_primary_cat":"none","_seopress_titles_title":"","_seopress_titles_desc":"","_seopress_robots_index":"","_gspb_post_css":""},"product_brand":[],"product_cat":[2392,2356,2360],"product_tag":[],"class_list":{"0":"post-50253","1":"product","2":"type-product","3":"status-publish","4":"has-post-thumbnail","6":"product_cat-kaikki-luokat","7":"product_cat-puutarhan-ja-kasvien-suojelu","8":"product_cat-kasvintuholaisten-torjunta","10":"first","11":"instock","12":"taxable","13":"shipping-taxable","14":"purchasable","15":"product-type-simple"},"ct_brands":[],"acf":[],"_links":{"self":[{"href":"https:\/\/agrozone.ee\/fi\/wp-json\/wp\/v2\/product\/50253","targetHints":{"allow":["GET"]}}],"collection":[{"href":"https:\/\/agrozone.ee\/fi\/wp-json\/wp\/v2\/product"}],"about":[{"href":"https:\/\/agrozone.ee\/fi\/wp-json\/wp\/v2\/types\/product"}],"wp:featuredmedia":[{"embeddable":true,"href":"https:\/\/agrozone.ee\/fi\/wp-json\/wp\/v2\/media\/44098"}],"wp:attachment":[{"href":"https:\/\/agrozone.ee\/fi\/wp-json\/wp\/v2\/media?parent=50253"}],"wp:term":[{"taxonomy":"product_brand","embeddable":true,"href":"https:\/\/agrozone.ee\/fi\/wp-json\/wp\/v2\/product_brand?post=50253"},{"taxonomy":"product_cat","embeddable":true,"href":"https:\/\/agrozone.ee\/fi\/wp-json\/wp\/v2\/product_cat?post=50253"},{"taxonomy":"product_tag","embeddable":true,"href":"https:\/\/agrozone.ee\/fi\/wp-json\/wp\/v2\/product_tag?post=50253"}],"curies":[{"name":"wp","href":"https:\/\/api.w.org\/{rel}","templated":true}]}}