{"id":50255,"date":"2024-06-09T16:01:53","date_gmt":"2024-06-09T13:01:53","guid":{"rendered":"https:\/\/agrozone.ee\/toode\/pvc-kaaret-25m\/"},"modified":"2024-06-09T16:01:53","modified_gmt":"2024-06-09T14:01:53","slug":"pvc-kaaret-25m","status":"publish","type":"product","link":"https:\/\/agrozone.ee\/fi\/tuote\/pvc-kaaret-25m\/","title":{"rendered":"PVC-kaaret 2,5m"},"content":{"rendered":"<p>PVC-kaaret 2,5m hy\u00f6nteisverkolle\/muovitunnelille. 12mm. <\/p>\n<p>&nbsp;<\/p>\n<h3>K\u00e4ytt\u00f6ohjeet<\/h3>\n<p>Joustavat PVC-kaaret sopivat kasvimaan kasvien suojaamiseen kasvuharsolla, kasvihuonekalvolla tai hy\u00f6nteisverkolla.<\/p>\n<p>K\u00e4ytett\u00e4v\u00e4ksi yhdess\u00e4 <a href=\"https:\/\/agrozone.ee\/toode\/kinnitusklambrid-pvc-kaartele-10tk-2\/\">oranssien 13 mm kiinnitysklammerien kanssa.<\/a><\/p>\n","protected":false},"excerpt":{"rendered":"<p>PVC-kaaret 2,5m hy\u00f6nteisverkolle\/muovitunnelille. 12mm. <\/p>\n","protected":false},"featured_media":45171,"template":"","meta":{"_acf_changed":false,"_seopress_robots_primary_cat":"","_seopress_titles_title":"","_seopress_titles_desc":"PVC-kaaret 2,5m hy\u00f6nteisverkolle \/ muovitunnelille. 12mm. Joustavat PVC-kaaret sopivat kasvimaan kasvien suojaamiseen kasvuharsolla, kasvihuonekalvolla tai hy\u00f6nteisverkolla.  ","_seopress_robots_index":"","_gspb_post_css":""},"product_brand":[],"product_cat":[2392,2448,2451,2363,2376],"product_tag":[],"class_list":{"0":"post-50255","1":"product","2":"type-product","3":"status-publish","4":"has-post-thumbnail","6":"product_cat-kaikki-luokat","7":"product_cat-kasvinsuojelukankaat-ja-maanpeitekankaat","8":"product_cat-peitekankaiden-lisatarvikkeet","9":"product_cat-puutarhatarvikkeet","10":"product_cat-kasvitukia","11":"product_shipping_class-ei-mahdu-automaattiin","13":"first","14":"outofstock","15":"taxable","16":"shipping-taxable","17":"purchasable","18":"product-type-simple"},"ct_brands":[],"acf":[],"_links":{"self":[{"href":"https:\/\/agrozone.ee\/fi\/wp-json\/wp\/v2\/product\/50255","targetHints":{"allow":["GET"]}}],"collection":[{"href":"https:\/\/agrozone.ee\/fi\/wp-json\/wp\/v2\/product"}],"about":[{"href":"https:\/\/agrozone.ee\/fi\/wp-json\/wp\/v2\/types\/product"}],"wp:featuredmedia":[{"embeddable":true,"href":"https:\/\/agrozone.ee\/fi\/wp-json\/wp\/v2\/media\/45171"}],"wp:attachment":[{"href":"https:\/\/agrozone.ee\/fi\/wp-json\/wp\/v2\/media?parent=50255"}],"wp:term":[{"taxonomy":"product_brand","embeddable":true,"href":"https:\/\/agrozone.ee\/fi\/wp-json\/wp\/v2\/product_brand?post=50255"},{"taxonomy":"product_cat","embeddable":true,"href":"https:\/\/agrozone.ee\/fi\/wp-json\/wp\/v2\/product_cat?post=50255"},{"taxonomy":"product_tag","embeddable":true,"href":"https:\/\/agrozone.ee\/fi\/wp-json\/wp\/v2\/product_tag?post=50255"}],"curies":[{"name":"wp","href":"https:\/\/api.w.org\/{rel}","templated":true}]}}