{"id":50258,"date":"2024-06-09T16:06:02","date_gmt":"2024-06-09T14:06:02","guid":{"rendered":"https:\/\/agrozone.ee\/toode\/paineruisku-5l-vilo\/"},"modified":"2024-06-09T16:06:02","modified_gmt":"2024-06-09T14:06:02","slug":"paineruisku-5l-vilo","status":"publish","type":"product","link":"https:\/\/agrozone.ee\/fi\/tuote\/paineruisku-5l-vilo\/","title":{"rendered":"Paineruisku 5l (Vilo)"},"content":{"rendered":"<ul>\n<li>Korkealaatuinen 5 litran paineruisku varoventtiilill\u00e4 ja liipaisimen lukituksella.<\/li>\n<li>Eritt\u00e4in vahva kahva ja korkealaatuinen muovinen painepumpun kahva.<\/li>\n<li>Ruostumattomasta ter\u00e4ksest\u00e4 valmistettu 37 cm pitk\u00e4 ruiskutusvarsi s\u00e4\u00e4dett\u00e4v\u00e4ll\u00e4 muovisuuttimella.<\/li>\n<li>Suihkuttaa suoraa suihkua tai sumua.<\/li>\n<li>Mukana pehmustettu olkahihna ruiskun kantamista varten.<\/li>\n<li>Toimii paineella 2,5-3,0 bar.<\/li>\n<\/ul>\n","protected":false},"excerpt":{"rendered":"<ul>\n<li>Korkealaatuinen 5 litran paineruisku varoventtiilill\u00e4 ja liipaisimen lukituksella.<\/li>\n<li>Eritt\u00e4in vahva kahva ja korkealaatuinen muovinen painepumpun kahva.<\/li>\n<li>Ruostumattomasta ter\u00e4ksest\u00e4 valmistettu 37 cm pitk\u00e4 ruiskutusvarsi s\u00e4\u00e4dett\u00e4v\u00e4ll\u00e4 muovisuuttimella.<\/li>\n<li>Suihkuttaa suoraa suihkua tai sumua.<\/li>\n<\/ul>\n","protected":false},"featured_media":45339,"template":"","meta":{"_acf_changed":false,"_seopress_robots_primary_cat":"","_seopress_titles_title":"","_seopress_titles_desc":"Korkealaatuinen 5 litran paineruisku varoventtiilill\u00e4 ja liipaisimen lukituksella. Suihkuttaa suoraa suihkua tai sumua. Toimii paineella 2,5-3,0 bar.  ","_seopress_robots_index":"","_gspb_post_css":""},"product_brand":[],"product_cat":[2392,2363,2374],"product_tag":[],"class_list":{"0":"post-50258","1":"product","2":"type-product","3":"status-publish","4":"has-post-thumbnail","6":"product_cat-kaikki-luokat","7":"product_cat-puutarhatarvikkeet","8":"product_cat-ruiskut","10":"first","11":"instock","12":"taxable","13":"shipping-taxable","14":"purchasable","15":"product-type-simple"},"ct_brands":[],"acf":[],"_links":{"self":[{"href":"https:\/\/agrozone.ee\/fi\/wp-json\/wp\/v2\/product\/50258","targetHints":{"allow":["GET"]}}],"collection":[{"href":"https:\/\/agrozone.ee\/fi\/wp-json\/wp\/v2\/product"}],"about":[{"href":"https:\/\/agrozone.ee\/fi\/wp-json\/wp\/v2\/types\/product"}],"wp:featuredmedia":[{"embeddable":true,"href":"https:\/\/agrozone.ee\/fi\/wp-json\/wp\/v2\/media\/45339"}],"wp:attachment":[{"href":"https:\/\/agrozone.ee\/fi\/wp-json\/wp\/v2\/media?parent=50258"}],"wp:term":[{"taxonomy":"product_brand","embeddable":true,"href":"https:\/\/agrozone.ee\/fi\/wp-json\/wp\/v2\/product_brand?post=50258"},{"taxonomy":"product_cat","embeddable":true,"href":"https:\/\/agrozone.ee\/fi\/wp-json\/wp\/v2\/product_cat?post=50258"},{"taxonomy":"product_tag","embeddable":true,"href":"https:\/\/agrozone.ee\/fi\/wp-json\/wp\/v2\/product_tag?post=50258"}],"curies":[{"name":"wp","href":"https:\/\/api.w.org\/{rel}","templated":true}]}}