{"id":50259,"date":"2024-06-09T16:06:01","date_gmt":"2024-06-09T14:06:01","guid":{"rendered":"https:\/\/agrozone.ee\/toode\/aluslevy-25mm-metalli-epdm-100kpl\/"},"modified":"2024-06-09T16:06:01","modified_gmt":"2024-06-09T14:06:01","slug":"aluslevy-25mm-metalli-epdm-100kpl","status":"publish","type":"product","link":"https:\/\/agrozone.ee\/fi\/tuote\/aluslevy-25mm-metalli-epdm-100kpl\/","title":{"rendered":"Aluslevy 25mm metalli + EPDM 100kpl"},"content":{"rendered":"<p>Korkealaatuinen ammattilaisaluslevy!<\/p>\n<p><strong>Mitat<\/strong> 25 x 6,5 x 2 mm<\/p>\n<p>&#8211; Muovin ja muiden materiaalien kiinnitt\u00e4miseen<\/p>\n<p>&#8211; Sopii hyvin my\u00f6s pellin kiinnitt\u00e4miseen.<\/p>\n<p>&#8211; Sopii erinomaisesti my\u00f6s muovin kiinnitt\u00e4miseen kasvihuoneen puurunkoon.<\/p>\n<p>&#8211; Kumipohja on leve\u00e4.<\/p>\n<p>&#8211; UV-kest\u00e4v\u00e4 ja s\u00e4\u00e4nkest\u00e4v\u00e4<\/p>\n<p>&#8211; Aluslevyn materiaali &#8211; galvanoitu ter\u00e4s<\/p>\n<p>&#8211; Kumikerros EPDM harmaa<\/p>\n<p>&nbsp;<\/p>\n<p>Pakkauksessa 100 kpl.<\/p>\n","protected":false},"excerpt":{"rendered":"<p>Korkealaatuinen ammattilaisaluslevy!<\/p>\n<p><strong>Mitat<\/strong> 25 x 6,5 x 2 mm<\/p>\n<p>&#8211; Muovin ja muiden materiaalien kiinnitt\u00e4miseen<\/p>\n<p>&#8211; Sopii hyvin my\u00f6s pellin kiinnitt\u00e4miseen.<\/p>\n<p>&#8211; Sopii erinomaisesti my\u00f6s muovin kiinnitt\u00e4miseen kasvihuoneen puurunkoon.<\/p>\n<p>&#8211; Kumipohja on leve\u00e4.<\/p>\n<p>&#8211; UV-kest\u00e4v\u00e4 ja s\u00e4\u00e4nkest\u00e4v\u00e4<\/p>\n<p>&#8211; Aluslevyn materiaali &#8211; galvanoitu ter\u00e4s<\/p>\n<p>&#8211; Kumikerros EPDM harmaa<\/p>\n","protected":false},"featured_media":45334,"template":"","meta":{"_acf_changed":false,"_seopress_robots_primary_cat":"","_seopress_titles_title":"","_seopress_titles_desc":"","_seopress_robots_index":"","_gspb_post_css":""},"product_brand":[],"product_cat":[2392,2368,2363],"product_tag":[],"class_list":{"0":"post-50259","1":"product","2":"type-product","3":"status-publish","4":"has-post-thumbnail","6":"product_cat-kaikki-luokat","7":"product_cat-kasvihuoneet-lisavarusteet","8":"product_cat-puutarhatarvikkeet","10":"first","11":"instock","12":"sale","13":"taxable","14":"shipping-taxable","15":"purchasable","16":"product-type-simple"},"ct_brands":[],"acf":[],"_links":{"self":[{"href":"https:\/\/agrozone.ee\/fi\/wp-json\/wp\/v2\/product\/50259","targetHints":{"allow":["GET"]}}],"collection":[{"href":"https:\/\/agrozone.ee\/fi\/wp-json\/wp\/v2\/product"}],"about":[{"href":"https:\/\/agrozone.ee\/fi\/wp-json\/wp\/v2\/types\/product"}],"wp:featuredmedia":[{"embeddable":true,"href":"https:\/\/agrozone.ee\/fi\/wp-json\/wp\/v2\/media\/45334"}],"wp:attachment":[{"href":"https:\/\/agrozone.ee\/fi\/wp-json\/wp\/v2\/media?parent=50259"}],"wp:term":[{"taxonomy":"product_brand","embeddable":true,"href":"https:\/\/agrozone.ee\/fi\/wp-json\/wp\/v2\/product_brand?post=50259"},{"taxonomy":"product_cat","embeddable":true,"href":"https:\/\/agrozone.ee\/fi\/wp-json\/wp\/v2\/product_cat?post=50259"},{"taxonomy":"product_tag","embeddable":true,"href":"https:\/\/agrozone.ee\/fi\/wp-json\/wp\/v2\/product_tag?post=50259"}],"curies":[{"name":"wp","href":"https:\/\/api.w.org\/{rel}","templated":true}]}}