{"id":50264,"date":"2024-06-09T16:04:09","date_gmt":"2024-06-09T14:04:09","guid":{"rendered":"https:\/\/agrozone.ee\/toode\/kukkasiemenseos-perhosten-saari-100g\/"},"modified":"2024-06-09T16:04:09","modified_gmt":"2024-06-09T14:04:09","slug":"kukkasiemenseos-perhosten-saari-100g","status":"publish","type":"product","link":"https:\/\/agrozone.ee\/fi\/tuote\/kukkasiemenseos-perhosten-saari-100g\/","title":{"rendered":"Kukkasiemenseos Perhosten saari 100g"},"content":{"rendered":"<p><strong>Kukkasiemenseos Perhosten saari 100g<\/strong><\/p>\n<ul>\n<li>Yhden ja monivuotisten kukkien ja heinien seos &#8220;Perhosten saari&#8221; kasvaa 100-150 cm korkeaksi.<\/li>\n<li>Arvokas elinymp\u00e4rist\u00f6 perhosille.<\/li>\n<li>Sis\u00e4lt\u00e4\u00e4 niittykukkien lis\u00e4ksi my\u00f6s apilaa ja heini\u00e4.<\/li>\n<li>Lajirikas kukkaseos houkuttelee erilaisia hy\u00f6dyllisi\u00e4 hy\u00f6nteisi\u00e4 ja erityisesti perhosia.<\/li>\n<li>Kasvit tarjoavat perhosille arvokasta suojaa munintaan ja takaavat kuoriutuneille toukille runsaan ravinnonl\u00e4hteen.<\/li>\n<li>V\u00e4rik\u00e4s kukkakeidas koko kes\u00e4ksi.<\/li>\n<\/ul>\n<p><strong>Koostumus:<\/strong><\/p>\n<p>Kes\u00e4leimu (Lavatera trimestris).<\/p>\n<p>Auringonkukka (Helianthus annuus).<\/p>\n<p>Isohelokki (Oenothera lamarckiana).<\/p>\n<p>Rusop\u00e4iv\u00e4nhattu (Rudbeckia hirta).<\/p>\n<p>Punalatva (Saponaria vaccaria).<\/p>\n<p>Kirjoneilikka (Coreopsis tinctoria).<\/p>\n<p>Punahattu (Echinacea purpurea).<\/p>\n<p>100 g riitt\u00e4\u00e4 100 m\u00b2:n alueen kattamiseen.<\/p>\n<p>&nbsp;<\/p>\n<h3>K\u00e4ytt\u00f6ohjeet<\/h3>\n<ul>\n<li>Kylv\u00e4 &#8220;Perhosten saari&#8221; -kukkaseos huhti-toukokuussa aurinkoiselle paikalle, humuspitoiseen ja ravinteikkaaseen sek\u00e4 hyvin vett\u00e4 l\u00e4p\u00e4isev\u00e4\u00e4n maaper\u00e4\u00e4n.<\/li>\n<li>Kylv\u00e4 huhti-kes\u00e4kuussa.<\/li>\n<li>It\u00e4\u00e4 14-21 p\u00e4iv\u00e4\u00e4.<\/li>\n<li>Kukkii hein\u00e4kuusta lokakuuhun.<\/li>\n<\/ul>\n<p><strong>Kasvualusta. <\/strong><\/p>\n<ul>\n<li>Kukkien seos sopii runsasravinteiseen ja aurinkoiseen tai puolivarjoisaan kasvupaikkaan.<\/li>\n<li>Valmistele kylv\u00f6alusta ja kylv\u00e4 siemensekoitus tasaisesti pinnalle.<\/li>\n<li>Haravoi siemenet kevyesti 1-2 cm syvyyteen maahan.<\/li>\n<li>Paina maata kevyesti ja pid\u00e4 kylv\u00f6ala kosteana.<\/li>\n<li>Siementen it\u00e4misaika vaihtelee.<\/li>\n<li>Suojaa kylv\u00f6ala linnuilta.<\/li>\n<li>Saat parhaan tuloksen, noudata pakkauksessa suositeltua kylv\u00f6tiheytt\u00e4.<\/li>\n<\/ul>\n","protected":false},"excerpt":{"rendered":"<ul>\n<li>Yhden ja monivuotisten kukkien ja heinien seos &#8220;Perhosten saari&#8221; kasvaa 100-150 cm korkeaksi.<\/li>\n<li>Arvokas elinymp\u00e4rist\u00f6 perhosille.<\/li>\n<li>Sis\u00e4lt\u00e4\u00e4 niittykukkien lis\u00e4ksi my\u00f6s apilaa ja heini\u00e4.<\/li>\n<\/ul>\n","protected":false},"featured_media":45253,"template":"","meta":{"_acf_changed":false,"_seopress_robots_primary_cat":"none","_seopress_titles_title":"","_seopress_titles_desc":"Kukkasiemenseos - yhden ja monivuotisten kukkien ja heinien seos &quot;Perhosten saari&quot; kasvaa 100-150 cm korkeaksi. Arvokas elinymp\u00e4rist\u00f6 perhosille. ","_seopress_robots_index":"","_gspb_post_css":""},"product_brand":[],"product_cat":[2392,2427,2423,2399],"product_tag":[],"class_list":{"0":"post-50264","1":"product","2":"type-product","3":"status-publish","4":"has-post-thumbnail","6":"product_cat-kaikki-luokat","7":"product_cat-kukkien-siemensekoitukset","8":"product_cat-kukkien-siemenet","9":"product_cat-siemenet","11":"first","12":"instock","13":"featured","14":"taxable","15":"shipping-taxable","16":"purchasable","17":"product-type-simple"},"ct_brands":[],"acf":[],"_links":{"self":[{"href":"https:\/\/agrozone.ee\/fi\/wp-json\/wp\/v2\/product\/50264","targetHints":{"allow":["GET"]}}],"collection":[{"href":"https:\/\/agrozone.ee\/fi\/wp-json\/wp\/v2\/product"}],"about":[{"href":"https:\/\/agrozone.ee\/fi\/wp-json\/wp\/v2\/types\/product"}],"wp:featuredmedia":[{"embeddable":true,"href":"https:\/\/agrozone.ee\/fi\/wp-json\/wp\/v2\/media\/45253"}],"wp:attachment":[{"href":"https:\/\/agrozone.ee\/fi\/wp-json\/wp\/v2\/media?parent=50264"}],"wp:term":[{"taxonomy":"product_brand","embeddable":true,"href":"https:\/\/agrozone.ee\/fi\/wp-json\/wp\/v2\/product_brand?post=50264"},{"taxonomy":"product_cat","embeddable":true,"href":"https:\/\/agrozone.ee\/fi\/wp-json\/wp\/v2\/product_cat?post=50264"},{"taxonomy":"product_tag","embeddable":true,"href":"https:\/\/agrozone.ee\/fi\/wp-json\/wp\/v2\/product_tag?post=50264"}],"curies":[{"name":"wp","href":"https:\/\/api.w.org\/{rel}","templated":true}]}}