{"id":50268,"date":"2024-06-09T16:02:59","date_gmt":"2024-06-09T14:02:59","guid":{"rendered":"https:\/\/agrozone.ee\/toode\/herneen-ja-pavun-tukiverkko-12x5m\/"},"modified":"2024-06-09T16:02:59","modified_gmt":"2024-06-09T14:02:59","slug":"herneen-ja-pavun-tukiverkko-12x5m","status":"publish","type":"product","link":"https:\/\/agrozone.ee\/fi\/tuote\/herneen-ja-pavun-tukiverkko-12x5m\/","title":{"rendered":"Herneen ja pavun tukiverkko 1,2\u00d75m"},"content":{"rendered":"<p>Valkoista herneen ja pavun tukiverkkoa k\u00e4ytet\u00e4\u00e4n vihannes- ja kukkapeltojen tukemiseen.<\/p>\n<p>&nbsp;<\/p>\n<h3>K\u00e4ytt\u00f6ohjeet<\/h3>\n<p>1,2 m x 5 m, aukkokoko 15\u00d715 cm.<\/p>\n","protected":false},"excerpt":{"rendered":"<p>Valkoista herneen ja pavun tukiverkkoa k\u00e4ytet\u00e4\u00e4n vihannes- ja kukkapeltojen tukemiseen.<\/p>\n","protected":false},"featured_media":45216,"template":"","meta":{"_acf_changed":false,"_seopress_robots_primary_cat":"","_seopress_titles_title":"","_seopress_titles_desc":"","_seopress_robots_index":"","_gspb_post_css":""},"product_brand":[],"product_cat":[2392,2363,2376],"product_tag":[],"class_list":{"0":"post-50268","1":"product","2":"type-product","3":"status-publish","4":"has-post-thumbnail","6":"product_cat-kaikki-luokat","7":"product_cat-puutarhatarvikkeet","8":"product_cat-kasvitukia","10":"first","11":"instock","12":"taxable","13":"shipping-taxable","14":"purchasable","15":"product-type-simple"},"ct_brands":[],"acf":[],"_links":{"self":[{"href":"https:\/\/agrozone.ee\/fi\/wp-json\/wp\/v2\/product\/50268","targetHints":{"allow":["GET"]}}],"collection":[{"href":"https:\/\/agrozone.ee\/fi\/wp-json\/wp\/v2\/product"}],"about":[{"href":"https:\/\/agrozone.ee\/fi\/wp-json\/wp\/v2\/types\/product"}],"wp:featuredmedia":[{"embeddable":true,"href":"https:\/\/agrozone.ee\/fi\/wp-json\/wp\/v2\/media\/45216"}],"wp:attachment":[{"href":"https:\/\/agrozone.ee\/fi\/wp-json\/wp\/v2\/media?parent=50268"}],"wp:term":[{"taxonomy":"product_brand","embeddable":true,"href":"https:\/\/agrozone.ee\/fi\/wp-json\/wp\/v2\/product_brand?post=50268"},{"taxonomy":"product_cat","embeddable":true,"href":"https:\/\/agrozone.ee\/fi\/wp-json\/wp\/v2\/product_cat?post=50268"},{"taxonomy":"product_tag","embeddable":true,"href":"https:\/\/agrozone.ee\/fi\/wp-json\/wp\/v2\/product_tag?post=50268"}],"curies":[{"name":"wp","href":"https:\/\/api.w.org\/{rel}","templated":true}]}}