{"id":50299,"date":"2024-10-07T13:47:22","date_gmt":"2024-10-07T11:47:22","guid":{"rendered":"https:\/\/agrozone.ee\/toode\/silkkitassu-joey\/"},"modified":"2024-10-07T13:47:22","modified_gmt":"2024-10-07T11:47:22","slug":"silkkitassu-joey","status":"publish","type":"product","link":"https:\/\/agrozone.ee\/fi\/tuote\/silkkitassu-joey\/","title":{"rendered":"Silkkitassu &#8216;Joey&#8217;"},"content":{"rendered":"<p><i><b>Ptilotus exaltatus<\/b><\/i>, tuntud ka kui <b>pink mulla mulla<\/b><\/p>\n<ul>\n<li class=\"plained\">Ominainen ja katseenvangitseva yksivuotinen kes\u00e4kukka.<\/li>\n<li class=\"plained\">Pehme\u00e4t karvaiset vaaleanpunaiset kukkatertut muistuttavat kissanh\u00e4nt\u00e4\u00e4.<\/li>\n<li class=\"plained\">Sopii kasvatettavaksi sek\u00e4 kukkaruukuissa ett\u00e4 kukkapenkiss\u00e4.<\/li>\n<li class=\"plained\">Kukkii kes\u00e4kuusta y\u00f6pakkasiin asti.<\/li>\n<li class=\"plained\">Korkeus: 35 cm.<\/li>\n<li class=\"plained\">5 siemenen pakkaus.<\/li>\n<\/ul>\n<p>&nbsp;<\/p>\n<ul>\n<li class=\"plained\">Kasvaa hyvin aurinkoisella kasvupaikalla.<\/li>\n<li class=\"plained\">Pit\u00e4\u00e4 viljavasta ja hyvin vett\u00e4 l\u00e4p\u00e4isev\u00e4st\u00e4 kasvualustasta.<\/li>\n<li class=\"plained\">Kest\u00e4\u00e4 my\u00f6s kuivuutta.<\/li>\n<li class=\"plained\">Poista kuihtuneet kukat, jotta kukinta olisi runsainta.<\/li>\n<\/ul>\n","protected":false},"excerpt":{"rendered":"<ul>\n<li class=\"plained\">Ominainen ja katseenvangitseva yksivuotinen kes\u00e4kukka.<\/li>\n<li class=\"plained\">Pehme\u00e4t karvaiset vaaleanpunaiset kukkatertut muistuttavat kissanh\u00e4nt\u00e4\u00e4.<\/li>\n<li class=\"plained\">Sopii kasvatettavaksi sek\u00e4 kukkaruukuissa ett\u00e4 kukkapenkiss\u00e4.<\/li>\n<li class=\"plained\">Kukkii kes\u00e4kuusta y\u00f6pakkasiin asti.<\/li>\n<\/ul>\n","protected":false},"featured_media":46123,"template":"","meta":{"_acf_changed":false,"_seopress_robots_primary_cat":"none","_seopress_titles_title":"Kissanh\u00e4nt\u00e4 'Joey': Katseenvangitsija kes\u00e4kukka jokaiseen puutarhaan","_seopress_titles_desc":"Kissanh\u00e4nt\u00e4 'Joey' on ainutlaatuinen kes\u00e4kukka, joka kukkii kes\u00e4kuusta y\u00f6pakkasiin asti. Ihanteellinen kasvatettavaksi kukkaruukuissa ja kukkapenkeiss\u00e4. ","_seopress_robots_index":"","_gspb_post_css":""},"product_brand":[],"product_cat":[2430,2392,2423,2399],"product_tag":[],"class_list":{"0":"post-50299","1":"product","2":"type-product","3":"status-publish","4":"has-post-thumbnail","6":"product_cat-muut","7":"product_cat-kaikki-luokat","8":"product_cat-kukkien-siemenet","9":"product_cat-siemenet","11":"first","12":"instock","13":"taxable","14":"shipping-taxable","15":"purchasable","16":"product-type-simple"},"ct_brands":[],"acf":[],"_links":{"self":[{"href":"https:\/\/agrozone.ee\/fi\/wp-json\/wp\/v2\/product\/50299","targetHints":{"allow":["GET"]}}],"collection":[{"href":"https:\/\/agrozone.ee\/fi\/wp-json\/wp\/v2\/product"}],"about":[{"href":"https:\/\/agrozone.ee\/fi\/wp-json\/wp\/v2\/types\/product"}],"wp:featuredmedia":[{"embeddable":true,"href":"https:\/\/agrozone.ee\/fi\/wp-json\/wp\/v2\/media\/46123"}],"wp:attachment":[{"href":"https:\/\/agrozone.ee\/fi\/wp-json\/wp\/v2\/media?parent=50299"}],"wp:term":[{"taxonomy":"product_brand","embeddable":true,"href":"https:\/\/agrozone.ee\/fi\/wp-json\/wp\/v2\/product_brand?post=50299"},{"taxonomy":"product_cat","embeddable":true,"href":"https:\/\/agrozone.ee\/fi\/wp-json\/wp\/v2\/product_cat?post=50299"},{"taxonomy":"product_tag","embeddable":true,"href":"https:\/\/agrozone.ee\/fi\/wp-json\/wp\/v2\/product_tag?post=50299"}],"curies":[{"name":"wp","href":"https:\/\/api.w.org\/{rel}","templated":true}]}}