{"id":50300,"date":"2024-10-07T13:46:29","date_gmt":"2024-10-07T11:46:29","guid":{"rendered":"https:\/\/agrozone.ee\/toode\/partaohra-ricky\/"},"modified":"2024-10-07T13:46:29","modified_gmt":"2024-10-07T11:46:29","slug":"partaohra-ricky","status":"publish","type":"product","link":"https:\/\/agrozone.ee\/fi\/tuote\/partaohra-ricky\/","title":{"rendered":"Partaohra &#8216;Ricky&#8217;"},"content":{"rendered":"<p><strong>Hordeum jubatum<\/strong>, tuntud ka kui foxtail barley (rebase-odralill), bobtail barley (l\u00fchikese sabaga odralill), squirreltail barley (orava-saba odralill) ja intermediate barley.<\/p>\n<ul>\n<li class=\"plained\">Yksivuotinen koristehein\u00e4.<\/li>\n<li class=\"plained\">Korkeus: 65 cm.<\/li>\n<li class=\"plained\">Pitk\u00e4t silkkim\u00e4iset vihneelliset kukkat\u00e4hk\u00e4t muodostuvat hein\u00e4-elokuussa.<\/li>\n<li class=\"plained\">Muuttavat v\u00e4ri\u00e4 vihre\u00e4st\u00e4 vaaleanpunaiseksi.<\/li>\n<li class=\"plained\">Tehokas sek\u00e4 kukkapenkiss\u00e4, kukkaruukuissa ja -astioissa, sopii my\u00f6s leikkokukaksi ja kuivattavaksi.<\/li>\n<li class=\"plained\">Paketissa on 20 siement\u00e4.<\/li>\n<\/ul>\n<p>&nbsp;<\/p>\n<ul>\n<li>Kasvaa hyvin aurinkoisella kasvupaikalla, hyvin vett\u00e4 l\u00e4p\u00e4isev\u00e4ss\u00e4 maassa.<\/li>\n<\/ul>\n","protected":false},"excerpt":{"rendered":"<ul>\n<li class=\"plained\">Yksivuotinen koristehein\u00e4.<\/li>\n<li class=\"plained\">Korkeus: 65 cm.<\/li>\n<li class=\"plained\">Pitk\u00e4t silkkim\u00e4iset vihneelliset kukkat\u00e4hk\u00e4t muodostuvat hein\u00e4-elokuussa.<\/li>\n<li class=\"plained\">Muuttavat v\u00e4ri\u00e4 vihre\u00e4st\u00e4 vaaleanpunaiseksi.<\/li>\n<\/ul>\n","protected":false},"featured_media":46125,"template":"","meta":{"_acf_changed":false,"_seopress_robots_primary_cat":"none","_seopress_titles_title":"H\u00e4nt\u00e4hein\u00e4 'Ricky': Kaunis koristehein\u00e4","_seopress_titles_desc":"H\u00e4nt\u00e4hein\u00e4 'Ricky' on yksivuotinen koristehein\u00e4, jolla on silmiinpist\u00e4v\u00e4t kukkat\u00e4hk\u00e4t ja monipuoliset v\u00e4rit. Ihanteellinen kukkapenkkiin ja ruukkuihin. ","_seopress_robots_index":"","_gspb_post_css":""},"product_brand":[],"product_cat":[2430,2392,2423,2399],"product_tag":[],"class_list":{"0":"post-50300","1":"product","2":"type-product","3":"status-publish","4":"has-post-thumbnail","6":"product_cat-muut","7":"product_cat-kaikki-luokat","8":"product_cat-kukkien-siemenet","9":"product_cat-siemenet","11":"first","12":"instock","13":"taxable","14":"shipping-taxable","15":"purchasable","16":"product-type-simple"},"ct_brands":[],"acf":[],"_links":{"self":[{"href":"https:\/\/agrozone.ee\/fi\/wp-json\/wp\/v2\/product\/50300","targetHints":{"allow":["GET"]}}],"collection":[{"href":"https:\/\/agrozone.ee\/fi\/wp-json\/wp\/v2\/product"}],"about":[{"href":"https:\/\/agrozone.ee\/fi\/wp-json\/wp\/v2\/types\/product"}],"wp:featuredmedia":[{"embeddable":true,"href":"https:\/\/agrozone.ee\/fi\/wp-json\/wp\/v2\/media\/46125"}],"wp:attachment":[{"href":"https:\/\/agrozone.ee\/fi\/wp-json\/wp\/v2\/media?parent=50300"}],"wp:term":[{"taxonomy":"product_brand","embeddable":true,"href":"https:\/\/agrozone.ee\/fi\/wp-json\/wp\/v2\/product_brand?post=50300"},{"taxonomy":"product_cat","embeddable":true,"href":"https:\/\/agrozone.ee\/fi\/wp-json\/wp\/v2\/product_cat?post=50300"},{"taxonomy":"product_tag","embeddable":true,"href":"https:\/\/agrozone.ee\/fi\/wp-json\/wp\/v2\/product_tag?post=50300"}],"curies":[{"name":"wp","href":"https:\/\/api.w.org\/{rel}","templated":true}]}}