{"id":50302,"date":"2024-06-27T14:50:26","date_gmt":"2024-06-27T12:50:26","guid":{"rendered":"https:\/\/agrozone.ee\/toode\/kasiruiskutuslaite-vihrea-1-3l\/"},"modified":"2026-03-27T13:24:09","modified_gmt":"2026-03-27T11:24:09","slug":"kasiruiskutuslaite-vihrea-1-3l","status":"publish","type":"product","link":"https:\/\/agrozone.ee\/fi\/tuote\/kasiruiskutuslaite-vihrea-1-3l\/","title":{"rendered":"K\u00e4siruiskutuslaite Vihre\u00e4 1.3L"},"content":{"rendered":"<p><strong>K\u00e4siruiskutuslaite Vihre\u00e4 1.3L<\/strong><\/p>\n<ul>\n<li>Vihre\u00e4 k\u00e4sin k\u00e4ytett\u00e4v\u00e4 muovinen ruisku, jonka tilavuus on 1,3 litraa, on k\u00e4yt\u00e4nn\u00f6llinen ja k\u00e4tev\u00e4 apuv\u00e4line erilaisten nesteiden ruiskuttamiseen.<\/li>\n<li>Ruisku on valmistettu kest\u00e4v\u00e4st\u00e4 muovista, mik\u00e4 takaa pitk\u00e4aikaisen k\u00e4yt\u00f6n ja helpon huollon.<\/li>\n<li>Sen ergonominen muotoilu takaa mukavan otteen, mik\u00e4 mahdollistaa pitk\u00e4aikaisen k\u00e4yt\u00f6n ilman k\u00e4den v\u00e4symist\u00e4.<\/li>\n<li>1,3 litran tilavuus tekee siit\u00e4 sopivan ty\u00f6kalun sek\u00e4 kotitalousk\u00e4ytt\u00f6\u00f6n ett\u00e4 puutarhanhoitoon, mahdollistaen veden, puhdistusaineiden tai kasvinsuojeluaineiden helpon ruiskuttamisen.<\/li>\n<li>Vihre\u00e4 v\u00e4ri antaa ruiskulle miellytt\u00e4v\u00e4n ja luonnonl\u00e4heisen ilmeen.<\/li>\n<\/ul>\n","protected":false},"excerpt":{"rendered":"<ul>\n<li>Vihre\u00e4 k\u00e4sin k\u00e4ytett\u00e4v\u00e4 muovinen ruisku, jonka tilavuus on 1,3 litraa, on k\u00e4yt\u00e4nn\u00f6llinen ja k\u00e4tev\u00e4 apuv\u00e4line erilaisten nesteiden ruiskuttamiseen.<\/li>\n<li>Ruisku on valmistettu kest\u00e4v\u00e4st\u00e4 muovista, mik\u00e4 takaa pitk\u00e4aikaisen k\u00e4yt\u00f6n ja helpon huollon.<\/li>\n<li>Sen ergonominen muotoilu takaa mukavan otteen, mik\u00e4 mahdollistaa pitk\u00e4aikaisen k\u00e4yt\u00f6n ilman k\u00e4den v\u00e4symist\u00e4.<\/li>\n<li>1,3 litran tilavuus tekee siit\u00e4 sopivan ty\u00f6kalun sek\u00e4 kotitalousk\u00e4ytt\u00f6\u00f6n ett\u00e4 puutarhanhoitoon, mahdollistaen veden, puhdistusaineiden tai kasvinsuojeluaineiden helpon ruiskuttamisen.<\/li>\n<li>Vihre\u00e4 v\u00e4ri antaa ruiskulle miellytt\u00e4v\u00e4n ja luonnonl\u00e4heisen ilmeen.<\/li>\n<\/ul>\n","protected":false},"featured_media":45791,"template":"","meta":{"_acf_changed":false,"_seopress_robots_primary_cat":"none","_seopress_titles_title":"K\u00e4siruiskutuslaite Vihre\u00e4 1.3L","_seopress_titles_desc":"K\u00e4siruiskutuslaite Vihre\u00e4 - k\u00e4sin k\u00e4ytett\u00e4v\u00e4 muovinen ruisku, jonka tilavuus on 1,3 litraa, on k\u00e4yt\u00e4nn\u00f6llinen ja k\u00e4tev\u00e4 apuv\u00e4line erilaisten nesteiden ruiskuttamiseen.","_seopress_robots_index":"","_gspb_post_css":""},"product_brand":[],"product_cat":[2392,2363,2374],"product_tag":[],"class_list":{"0":"post-50302","1":"product","2":"type-product","3":"status-publish","4":"has-post-thumbnail","6":"product_cat-kaikki-luokat","7":"product_cat-puutarhatarvikkeet","8":"product_cat-ruiskut","10":"first","11":"instock","12":"featured","13":"taxable","14":"shipping-taxable","15":"purchasable","16":"product-type-simple"},"ct_brands":[],"acf":[],"_links":{"self":[{"href":"https:\/\/agrozone.ee\/fi\/wp-json\/wp\/v2\/product\/50302","targetHints":{"allow":["GET"]}}],"collection":[{"href":"https:\/\/agrozone.ee\/fi\/wp-json\/wp\/v2\/product"}],"about":[{"href":"https:\/\/agrozone.ee\/fi\/wp-json\/wp\/v2\/types\/product"}],"wp:featuredmedia":[{"embeddable":true,"href":"https:\/\/agrozone.ee\/fi\/wp-json\/wp\/v2\/media\/45791"}],"wp:attachment":[{"href":"https:\/\/agrozone.ee\/fi\/wp-json\/wp\/v2\/media?parent=50302"}],"wp:term":[{"taxonomy":"product_brand","embeddable":true,"href":"https:\/\/agrozone.ee\/fi\/wp-json\/wp\/v2\/product_brand?post=50302"},{"taxonomy":"product_cat","embeddable":true,"href":"https:\/\/agrozone.ee\/fi\/wp-json\/wp\/v2\/product_cat?post=50302"},{"taxonomy":"product_tag","embeddable":true,"href":"https:\/\/agrozone.ee\/fi\/wp-json\/wp\/v2\/product_tag?post=50302"}],"curies":[{"name":"wp","href":"https:\/\/api.w.org\/{rel}","templated":true}]}}