{"id":50303,"date":"2024-06-09T16:15:46","date_gmt":"2024-06-09T14:15:46","guid":{"rendered":"https:\/\/agrozone.ee\/toode\/rakeistensirotin-solo-421-9l\/"},"modified":"2024-06-09T16:15:46","modified_gmt":"2024-06-09T14:15:46","slug":"rakeistensirotin-solo-421-9l","status":"publish","type":"product","link":"https:\/\/agrozone.ee\/fi\/tuote\/rakeistensirotin-solo-421-9l\/","title":{"rendered":"Rakeistensirotin SOLO 421 9L"},"content":{"rendered":"<p class=\"lead\">SOLO 421 -levittimell\u00e4 on mahdollista levitt\u00e4\u00e4 siemeni\u00e4, lannoitteita, tiesuolaa, \u00f6ljynimeytysaineita, puhdistusaineita, rakeistettua puutarhakalkkia, siemeni\u00e4 linnuille, el\u00e4inten rehua, hiekkaa jne.<\/p>\n<p>Levitint\u00e4 kannetaan s\u00e4\u00e4dett\u00e4v\u00e4n hihnan avulla edess\u00e4.<\/p>\n<p><strong>SOLO 421 -levittimen edut:<\/strong><\/p>\n<ul>\n<li>K\u00e4sikampi liikuttaa py\u00f6riv\u00e4\u00e4 levityslautasta, mik\u00e4 varmistaa rakeiden tarkan jakautumisen k\u00e4sitelt\u00e4v\u00e4lle alueelle.<\/li>\n<li>S\u00e4ili\u00f6n suuri t\u00e4ytt\u00f6aukko tekee t\u00e4ytt\u00e4misest\u00e4 helppoa.<\/li>\n<li>Sis\u00e4\u00e4nrakennettu sekoitin pit\u00e4\u00e4 s\u00e4ili\u00f6ss\u00e4 olevan materiaalin perusteellisesti sekoitettuna.<\/li>\n<li>Tarvittaessa voidaan lis\u00e4t\u00e4 jopa 9 litraa rakeita.<\/li>\n<li>Voidaan k\u00e4ytt\u00e4\u00e4 my\u00f6s vaikeassa maastossa, johon py\u00f6rill\u00e4 varustettu laite ei sovellu.<\/li>\n<\/ul>\n<p class=\"lead\">Tekniset tiedot<\/p>\n<div>\n<ul>\n<li><strong>T\u00e4ytt\u00f6tilavuus:<\/strong> 9 litraa<\/li>\n<li><strong>S\u00e4ili\u00f6n t\u00e4ytt\u00f6aukon halkaisija:<\/strong> 14,5 cm<\/li>\n<li><strong>Paino (tyhj\u00e4 s\u00e4ili\u00f6):<\/strong> 2,5 kg<\/li>\n<li><strong>Mitat ilman kampia, leveys x syvyys x korkeus, cm:<\/strong> 29 x 26 x 49<\/li>\n<li><strong>Levityset\u00e4isyys materiaalista riippuen, cm<\/strong>: rakeet, n. 300 &#8211; 400 cm, nurmikon siemen n. 180 \u2013 200 cm<\/li>\n<li><strong>Levitysleveys materiaalista riippuen, cm:<\/strong> rakeet, n. 180 &#8211; 200 cm, nurmikon siemen n. 150 \u2013 170 cm<\/li>\n<li><strong>Vaihteisto<\/strong>: t\u00e4ysin suojattu kierukkavaihteisto metallisilla kulmavaihteilla.<\/li>\n<li><strong>V\u00e4lityssuhde:<\/strong> 1:7,5<\/li>\n<\/ul>\n<\/div>\n","protected":false},"excerpt":{"rendered":"<p>SOLO 421 -levittimell\u00e4 on mahdollista levitt\u00e4\u00e4 siemeni\u00e4, lannoitteita, tiesuolaa, \u00f6ljynimeytysaineita, puhdistusaineita, rakeistettua puutarhakalkkia, siemeni\u00e4 linnuille, el\u00e4inten rehua, hiekkaa jne. Levitint\u00e4 kannetaan s\u00e4\u00e4dett\u00e4v\u00e4n hihnan avulla edess\u00e4. SOLO 421 -levittimen edut: K\u00e4sikampi liikuttaa py\u00f6riv\u00e4\u00e4 levityslautasta, mik\u00e4 varmistaa rakeiden tarkan jakautumisen k\u00e4sitelt\u00e4v\u00e4lle alueelle. S\u00e4ili\u00f6n suuri t\u00e4ytt\u00f6aukko tekee t\u00e4ytt\u00e4misest\u00e4 helppoa. Sis\u00e4\u00e4nrakennettu sekoitin pit\u00e4\u00e4 s\u00e4ili\u00f6ss\u00e4 olevan materiaalin perusteellisesti sekoitettuna. Tarvittaessa [&hellip;]<\/p>\n","protected":false},"featured_media":45727,"template":"","meta":{"_acf_changed":false,"_seopress_robots_primary_cat":"none","_seopress_titles_title":"Rakeistensirotin SOLO 421 9L: Laadukas Pieni Kylv\u00f6kone","_seopress_titles_desc":"Rakeistensirotin SOLO 421 9L - Kannettava laadukas pieni kylv\u00f6ty\u00f6kalu \/ rakeistensirotin. Levitysleveys noin 4 m. ","_seopress_robots_index":"","_gspb_post_css":""},"product_brand":[],"product_cat":[2392,2370,2363],"product_tag":[],"class_list":{"0":"post-50303","1":"product","2":"type-product","3":"status-publish","4":"has-post-thumbnail","6":"product_cat-kaikki-luokat","7":"product_cat-kylvokoneet","8":"product_cat-puutarhatarvikkeet","10":"first","11":"instock","12":"featured","13":"taxable","14":"shipping-taxable","15":"purchasable","16":"product-type-simple"},"ct_brands":[],"acf":[],"_links":{"self":[{"href":"https:\/\/agrozone.ee\/fi\/wp-json\/wp\/v2\/product\/50303","targetHints":{"allow":["GET"]}}],"collection":[{"href":"https:\/\/agrozone.ee\/fi\/wp-json\/wp\/v2\/product"}],"about":[{"href":"https:\/\/agrozone.ee\/fi\/wp-json\/wp\/v2\/types\/product"}],"wp:featuredmedia":[{"embeddable":true,"href":"https:\/\/agrozone.ee\/fi\/wp-json\/wp\/v2\/media\/45727"}],"wp:attachment":[{"href":"https:\/\/agrozone.ee\/fi\/wp-json\/wp\/v2\/media?parent=50303"}],"wp:term":[{"taxonomy":"product_brand","embeddable":true,"href":"https:\/\/agrozone.ee\/fi\/wp-json\/wp\/v2\/product_brand?post=50303"},{"taxonomy":"product_cat","embeddable":true,"href":"https:\/\/agrozone.ee\/fi\/wp-json\/wp\/v2\/product_cat?post=50303"},{"taxonomy":"product_tag","embeddable":true,"href":"https:\/\/agrozone.ee\/fi\/wp-json\/wp\/v2\/product_tag?post=50303"}],"curies":[{"name":"wp","href":"https:\/\/api.w.org\/{rel}","templated":true}]}}