{"id":50304,"date":"2024-06-09T16:15:01","date_gmt":"2024-06-09T14:15:01","guid":{"rendered":"https:\/\/agrozone.ee\/toode\/kiinnitysklammerit-renkaat-23mm-kasveille-20kpl\/"},"modified":"2024-06-09T16:15:01","modified_gmt":"2024-06-09T14:15:01","slug":"kiinnitysklammerit-renkaat-23mm-kasveille-20kpl","status":"publish","type":"product","link":"https:\/\/agrozone.ee\/fi\/tuote\/kiinnitysklammerit-renkaat-23mm-kasveille-20kpl\/","title":{"rendered":"Kiinnitysklammerit RENKAAT 23mm kasveille 20kpl"},"content":{"rendered":"<h2><span style=\"font-size: 16px;\"><strong>Kiinnitysklammerit RENKAAT 23mm kasveille 20kpl<\/strong><\/span><\/h2>\n<ul>\n<li>\n<h2 data-sourcepos=\"11:1-11:58\"><span style=\"font-size: 16px;\"><strong>Tue kasvejasi rengasmaisilla kiinnitysklammereilla!<\/strong><\/span><\/h2>\n<p data-sourcepos=\"13:1-13:223\">T\u00e4m\u00e4 20 kappaleen 23 mm:n rengasklammerisarja on ihanteellinen ratkaisu varmistamaan kasveillesi tukea ja vakautta koko kasvukauden ajan. Klammerit on valmistettu kest\u00e4v\u00e4st\u00e4 materiaalista, joka ei vahingoita kasveja. Niiden rengasmainen muotoilu mahdollistaa helpon ja turvallisen kiinnityksen kasvin varren ymp\u00e4rille.  <\/p>\n<h3 data-sourcepos=\"15:1-15:38\"><span style=\"font-size: 14px;\"><strong>Miksi valita meid\u00e4n kiinnitysklammerimme?<\/strong><\/span><\/h3>\n<ul data-sourcepos=\"16:1-20:0\">\n<li data-sourcepos=\"16:1-16:77\"><strong>Vahva ja kest\u00e4v\u00e4:<\/strong> Laadukas materiaali takaa pitk\u00e4aikaisen k\u00e4yt\u00f6n.<\/li>\n<li data-sourcepos=\"17:1-17:84\"><strong>Helppo k\u00e4ytt\u00e4\u00e4:<\/strong> Rengasmainen muotoilu tekee kiinnitt\u00e4misest\u00e4 nopeaa ja yksinkertaista.<\/li>\n<li data-sourcepos=\"18:1-18:65\"><strong>Turvallinen kasveille:<\/strong> Materiaali ei vahingoita kasveja eik\u00e4 j\u00e4t\u00e4 j\u00e4lki\u00e4.<\/li>\n<li data-sourcepos=\"19:1-20:0\"><strong>Monipuolinen:<\/strong> Sopii erilaisille kasveille ja kasvuvaiheille.<\/li>\n<\/ul>\n<\/li>\n<\/ul>\n<h3><span style=\"font-size: 16px;\">Valmistettu Israelissa<\/span><\/h3>\n","protected":false},"excerpt":{"rendered":"<ul>\n<li>N\u00e4m\u00e4 kiinnitysklammerit on suunniteltu erityisesti tukemaan kasveja, tarjoten niille tukea ja vakautta niiden kasvaessa.<\/li>\n<li>Klammerit on muotoiltu renkaan muotoisiksi, mik\u00e4 mahdollistaa niiden helpon ja turvallisen kiinnitt\u00e4misen kasvin varren tai oksan ymp\u00e4rille.<\/li>\n<li>Niiden monipuolinen muotoilu mahdollistaa k\u00e4yt\u00f6n erilaisille kasveille, olivatpa ne sitten tomaatteja, ruusuja tai muita puutarhakasveja.<\/li>\n<li>Valmistettu kest\u00e4v\u00e4st\u00e4 materiaalista, n\u00e4m\u00e4 klammerit takaavat pitk\u00e4aikaisen k\u00e4ytt\u00f6mukavuuden ja kest\u00e4vyyden erilaisissa s\u00e4\u00e4olosuhteissa.<\/li>\n<li>Lis\u00e4ksi ne tarjoavat esteettist\u00e4 lis\u00e4arvoa auttaen luomaan hoidetun ja siistin n\u00e4k\u00f6isen puutarhan tai puutarha-alueen.<\/li>\n<\/ul>\n","protected":false},"featured_media":45689,"template":"","meta":{"_acf_changed":false,"_seopress_robots_primary_cat":"none","_seopress_titles_title":"","_seopress_titles_desc":"Kiinnitysklammerit RENKAAT 23mm kasveille - Klammerit on muotoiltu renkaan muotoisiksi, mik\u00e4 mahdollistaa niiden helpon ja turvallisen kiinnitt\u00e4misen kasvin varren tai oksan ymp\u00e4rille.","_seopress_robots_index":"","_gspb_post_css":""},"product_brand":[],"product_cat":[2392,2451,2363,2376],"product_tag":[],"class_list":{"0":"post-50304","1":"product","2":"type-product","3":"status-publish","4":"has-post-thumbnail","6":"product_cat-kaikki-luokat","7":"product_cat-peitekankaiden-lisatarvikkeet","8":"product_cat-puutarhatarvikkeet","9":"product_cat-kasvitukia","11":"first","12":"instock","13":"sale","14":"featured","15":"taxable","16":"shipping-taxable","17":"purchasable","18":"product-type-simple"},"ct_brands":[],"acf":[],"_links":{"self":[{"href":"https:\/\/agrozone.ee\/fi\/wp-json\/wp\/v2\/product\/50304","targetHints":{"allow":["GET"]}}],"collection":[{"href":"https:\/\/agrozone.ee\/fi\/wp-json\/wp\/v2\/product"}],"about":[{"href":"https:\/\/agrozone.ee\/fi\/wp-json\/wp\/v2\/types\/product"}],"wp:featuredmedia":[{"embeddable":true,"href":"https:\/\/agrozone.ee\/fi\/wp-json\/wp\/v2\/media\/45689"}],"wp:attachment":[{"href":"https:\/\/agrozone.ee\/fi\/wp-json\/wp\/v2\/media?parent=50304"}],"wp:term":[{"taxonomy":"product_brand","embeddable":true,"href":"https:\/\/agrozone.ee\/fi\/wp-json\/wp\/v2\/product_brand?post=50304"},{"taxonomy":"product_cat","embeddable":true,"href":"https:\/\/agrozone.ee\/fi\/wp-json\/wp\/v2\/product_cat?post=50304"},{"taxonomy":"product_tag","embeddable":true,"href":"https:\/\/agrozone.ee\/fi\/wp-json\/wp\/v2\/product_tag?post=50304"}],"curies":[{"name":"wp","href":"https:\/\/api.w.org\/{rel}","templated":true}]}}