{"id":50306,"date":"2024-06-09T16:13:46","date_gmt":"2024-06-09T13:13:46","guid":{"rendered":"https:\/\/agrozone.ee\/toode\/ruiskaunokki-50g\/"},"modified":"2024-06-09T16:13:46","modified_gmt":"2024-06-09T14:13:46","slug":"ruiskaunokki-50g","status":"publish","type":"product","link":"https:\/\/agrozone.ee\/fi\/tuote\/ruiskaunokki-50g\/","title":{"rendered":"Ruiskaunokki 50g"},"content":{"rendered":"<p><strong>Ruiskaunokki 50g &#8211; <i>Centaurea cyanus<\/i><\/strong><\/p>\n<ul>\n<li>Rakastettu ja yleinen yksivuotinen peltokasvi, hyv\u00e4 mesi- ja rohdoskasvi.<\/li>\n<li>K\u00e4ytet\u00e4\u00e4n my\u00f6s erilaisten kukkasiemenseosten ainesosana.<\/li>\n<li>Houkuttelee mehil\u00e4isi\u00e4 ja perhosia puutarhaan.<\/li>\n<li>Sopii hyvin leikkokukaksi.<\/li>\n<li>Kuivattuja sinisi\u00e4 ter\u00e4lehti\u00e4 k\u00e4ytet\u00e4\u00e4n kakkujen ja torttujen koristeluun.<\/li>\n<li>Kukinta: kes\u00e4kuu-elokuu.<\/li>\n<li>Pit\u00e4\u00e4 hiekkapitoisesta maaper\u00e4st\u00e4, mutta kasvaa my\u00f6s muualla.<\/li>\n<li>Pit\u00e4\u00e4 valoisasta, mutta siet\u00e4\u00e4 my\u00f6s varjoa.<\/li>\n<\/ul>\n<p>Ruiskaunokki tarjoaa muutakin kuin kauneutta ja hunajaa.<\/p>\n<ul>\n<li>Sen kirkkaanv\u00e4risist\u00e4 kukista saadaan sinist\u00e4 v\u00e4ri\u00e4.<\/li>\n<li>Se tunnetaan rohdoskasvina.<\/li>\n<li>Rohdoksena ker\u00e4t\u00e4\u00e4n sinisi\u00e4 ter\u00e4lehti\u00e4.<\/li>\n<li>Neit\u00e4 tulee kuivattaa nopeasti ohuena kerroksena varjoisassa paikassa.<\/li>\n<li>Nopeasti siksi, ett\u00e4 siniset kukat tuppaavat muuten muuttumaan mustiksi ja arvottomiksi.<\/li>\n<li>Ruiskaunokin kukista saa hyv\u00e4n hauteen v\u00e4syneille tai tulehtuneille silmille.<\/li>\n<li>Ruiskaunokin kukkia laitetaan joskus rohdosteeseen vain siksi, ett\u00e4 teen ulkon\u00e4k\u00f6\u00e4 saadaan kauniimmaksi.<\/li>\n<\/ul>\n<h4>K\u00e4ytt\u00f6ohjeet<\/h4>\n<ul>\n<li>Kylvet\u00e4\u00e4n touko-kes\u00e4kuussa suoraan kasvupaikalle.<\/li>\n<li>Korkeus: 50-60 cm.<\/li>\n<\/ul>\n","protected":false},"excerpt":{"rendered":"<ul>\n<li>Rakastettu ja yleinen yksivuotinen peltokasvi, hyv\u00e4 mesi- ja rohdoskasvi.<\/li>\n<li>K\u00e4ytet\u00e4\u00e4n my\u00f6s erilaisten kukkasiemenseosten ainesosana.<\/li>\n<li>Houkuttelee mehil\u00e4isi\u00e4 ja perhosia puutarhaan.<\/li>\n<li>Sopii hyvin leikkokukaksi.<\/li>\n<li>Kuivattuja sinisi\u00e4 ter\u00e4lehti\u00e4 k\u00e4ytet\u00e4\u00e4n kakkujen ja torttujen koristeluun.<\/li>\n<li>Kukinta: kes\u00e4kuu-elokuu.<\/li>\n<\/ul>\n","protected":false},"featured_media":42194,"template":"","meta":{"_acf_changed":false,"_seopress_robots_primary_cat":"none","_seopress_titles_title":"","_seopress_titles_desc":"Ruiskaunokki 50g - Rakastettu ja yleinen yksivuotinen peltokasvi, hyv\u00e4 mesi- ja rohdoskasvi. K\u00e4ytet\u00e4\u00e4n my\u00f6s erilaisten kukkasiemenseosten ainesosana. ","_seopress_robots_index":"","_gspb_post_css":""},"product_brand":[],"product_cat":[2430,2392,2423,2399],"product_tag":[],"class_list":{"0":"post-50306","1":"product","2":"type-product","3":"status-publish","4":"has-post-thumbnail","6":"product_cat-muut","7":"product_cat-kaikki-luokat","8":"product_cat-kukkien-siemenet","9":"product_cat-siemenet","11":"first","12":"instock","13":"featured","14":"taxable","15":"shipping-taxable","16":"purchasable","17":"product-type-simple"},"ct_brands":[],"acf":[],"_links":{"self":[{"href":"https:\/\/agrozone.ee\/fi\/wp-json\/wp\/v2\/product\/50306","targetHints":{"allow":["GET"]}}],"collection":[{"href":"https:\/\/agrozone.ee\/fi\/wp-json\/wp\/v2\/product"}],"about":[{"href":"https:\/\/agrozone.ee\/fi\/wp-json\/wp\/v2\/types\/product"}],"wp:featuredmedia":[{"embeddable":true,"href":"https:\/\/agrozone.ee\/fi\/wp-json\/wp\/v2\/media\/42194"}],"wp:attachment":[{"href":"https:\/\/agrozone.ee\/fi\/wp-json\/wp\/v2\/media?parent=50306"}],"wp:term":[{"taxonomy":"product_brand","embeddable":true,"href":"https:\/\/agrozone.ee\/fi\/wp-json\/wp\/v2\/product_brand?post=50306"},{"taxonomy":"product_cat","embeddable":true,"href":"https:\/\/agrozone.ee\/fi\/wp-json\/wp\/v2\/product_cat?post=50306"},{"taxonomy":"product_tag","embeddable":true,"href":"https:\/\/agrozone.ee\/fi\/wp-json\/wp\/v2\/product_tag?post=50306"}],"curies":[{"name":"wp","href":"https:\/\/api.w.org\/{rel}","templated":true}]}}