{"id":50307,"date":"2024-06-09T16:13:26","date_gmt":"2024-06-09T14:13:26","guid":{"rendered":"https:\/\/agrozone.ee\/toode\/silkkiunikko-50g\/"},"modified":"2024-06-09T16:13:26","modified_gmt":"2024-06-09T14:13:26","slug":"silkkiunikko-50g","status":"publish","type":"product","link":"https:\/\/agrozone.ee\/fi\/tuote\/silkkiunikko-50g\/","title":{"rendered":"Silkkiunikko 50g"},"content":{"rendered":"<p><strong>Silkkiunikko 50g &#8211; <i>Papaver rhoeas &#8211; ehk <b>moon<\/b> (Papaver)<\/i><\/strong><\/p>\n<ul>\n<li>Rakastettu, v\u00e4h\u00e4\u00e4n tyytyv\u00e4inen yksivuotinen koristekasvi.<\/li>\n<li>Sopii hyvin sek\u00e4 kotipuutarhojen ett\u00e4 kukkaniittyjen kaunistajaksi.<\/li>\n<li>Unikko houkuttelee luokseen mehil\u00e4isi\u00e4 ja perhosia.<\/li>\n<li>Silkkiunikko kukkii kes\u00e4kuusta syyskuuhun.<\/li>\n<\/ul>\n<h4>K\u00e4ytt\u00f6ohjeet<\/h4>\n<ul>\n<li>Kylvet\u00e4\u00e4n suoraan valoisalle kasvupaikalle.<\/li>\n<li>Sopii eritt\u00e4in hyvin itsest\u00e4\u00e4n kylv\u00e4ytym\u00e4\u00e4n ja levi\u00e4m\u00e4\u00e4n.<\/li>\n<li>Itsesiement\u00e4misen v\u00e4ltt\u00e4miseksi siemenkodat tulisi ker\u00e4t\u00e4 pois ennen siementen kypsymist\u00e4.<\/li>\n<li>Unikko pit\u00e4\u00e4 kalkkipitoisista kasvupaikoista.<\/li>\n<\/ul>\n","protected":false},"excerpt":{"rendered":"<ul>\n<li>Rakastettu, v\u00e4h\u00e4\u00e4n tyytyv\u00e4inen yksivuotinen koristekasvi.<\/li>\n<li>Sopii hyvin sek\u00e4 kotipuutarhojen ett\u00e4 kukkaniittyjen kaunistajaksi.<\/li>\n<li>Unikko houkuttelee luokseen mehil\u00e4isi\u00e4 ja perhosia.<\/li>\n<li>Silkkiunikko kukkii kes\u00e4kuusta syyskuuhun.<\/li>\n<\/ul>\n","protected":false},"featured_media":42197,"template":"","meta":{"_acf_changed":false,"_seopress_robots_primary_cat":"none","_seopress_titles_title":"","_seopress_titles_desc":"Unikko 50g - Rakastettu, v\u00e4h\u00e4\u00e4n tyytyv\u00e4inen yksivuotinen koristekasvi. Sopii hyvin sek\u00e4 kotipuutarhojen ett\u00e4 kukkaniittyjen kaunistajaksi. Kukkii kes\u00e4kuusta syyskuuhun.  ","_seopress_robots_index":"","_gspb_post_css":""},"product_brand":[],"product_cat":[2430,2392,2423,2399],"product_tag":[],"class_list":{"0":"post-50307","1":"product","2":"type-product","3":"status-publish","4":"has-post-thumbnail","6":"product_cat-muut","7":"product_cat-kaikki-luokat","8":"product_cat-kukkien-siemenet","9":"product_cat-siemenet","11":"first","12":"instock","13":"featured","14":"taxable","15":"shipping-taxable","16":"purchasable","17":"product-type-simple"},"ct_brands":[],"acf":[],"_links":{"self":[{"href":"https:\/\/agrozone.ee\/fi\/wp-json\/wp\/v2\/product\/50307","targetHints":{"allow":["GET"]}}],"collection":[{"href":"https:\/\/agrozone.ee\/fi\/wp-json\/wp\/v2\/product"}],"about":[{"href":"https:\/\/agrozone.ee\/fi\/wp-json\/wp\/v2\/types\/product"}],"wp:featuredmedia":[{"embeddable":true,"href":"https:\/\/agrozone.ee\/fi\/wp-json\/wp\/v2\/media\/42197"}],"wp:attachment":[{"href":"https:\/\/agrozone.ee\/fi\/wp-json\/wp\/v2\/media?parent=50307"}],"wp:term":[{"taxonomy":"product_brand","embeddable":true,"href":"https:\/\/agrozone.ee\/fi\/wp-json\/wp\/v2\/product_brand?post=50307"},{"taxonomy":"product_cat","embeddable":true,"href":"https:\/\/agrozone.ee\/fi\/wp-json\/wp\/v2\/product_cat?post=50307"},{"taxonomy":"product_tag","embeddable":true,"href":"https:\/\/agrozone.ee\/fi\/wp-json\/wp\/v2\/product_tag?post=50307"}],"curies":[{"name":"wp","href":"https:\/\/api.w.org\/{rel}","templated":true}]}}