{"id":5038,"date":"2024-06-09T16:12:20","date_gmt":"2024-06-09T13:12:20","guid":{"rendered":"https:\/\/agrozone.ee\/?post_type=product&#038;p=5038"},"modified":"2025-08-05T11:42:06","modified_gmt":"2025-08-05T09:42:06","slug":"kookosmatt-umar-d-45cm","status":"publish","type":"product","link":"https:\/\/agrozone.ee\/fi\/tuote\/kookosmatt-umar-d-45cm\/","title":{"rendered":"Kookosmatt \u00fcmar d 45cm"},"content":{"rendered":"<p>Kookosmatt istiku kaitsmiseks umbrohtumise ja mulla kuivamise eest.<\/p>\n<p>&nbsp;<\/p>\n<h3>Kasutusjuhend<\/h3>\n<p>Sobib \u00f5rnade taimede kaitsmiseks k\u00fclma eest.<\/p>\n","protected":false},"excerpt":{"rendered":"<p>Kookosmatt istiku kaitsmiseks umbrohtumise ja mulla kuivamise eest.<\/p>\n","protected":false},"featured_media":5109,"template":"","meta":{"_acf_changed":false,"_seopress_robots_primary_cat":"","_seopress_titles_title":"","_seopress_titles_desc":"Kookosmatt \u00fcmar d 45cm - Kookosmatt istiku kaitsmiseks umbrohtumise ja mulla kuivamise eest. Sobib \u00f5rnade taimede kaitsmiseks k\u00fclma eest.","_seopress_robots_index":"","_gspb_post_css":""},"product_brand":[],"product_cat":[210,15,174],"product_tag":[],"class_list":{"0":"post-5038","1":"product","2":"type-product","3":"status-publish","4":"has-post-thumbnail","6":"product_cat-katete-lisatarvikud","7":"product_cat-koik-kategooriad","8":"product_cat-taime-ja-pinnasekatted","10":"first","11":"instock","12":"taxable","13":"shipping-taxable","14":"purchasable","15":"product-type-simple"},"ct_brands":[],"acf":[],"_links":{"self":[{"href":"https:\/\/agrozone.ee\/fi\/wp-json\/wp\/v2\/product\/5038","targetHints":{"allow":["GET"]}}],"collection":[{"href":"https:\/\/agrozone.ee\/fi\/wp-json\/wp\/v2\/product"}],"about":[{"href":"https:\/\/agrozone.ee\/fi\/wp-json\/wp\/v2\/types\/product"}],"wp:featuredmedia":[{"embeddable":true,"href":"https:\/\/agrozone.ee\/fi\/wp-json\/wp\/v2\/media\/5109"}],"wp:attachment":[{"href":"https:\/\/agrozone.ee\/fi\/wp-json\/wp\/v2\/media?parent=5038"}],"wp:term":[{"taxonomy":"product_brand","embeddable":true,"href":"https:\/\/agrozone.ee\/fi\/wp-json\/wp\/v2\/product_brand?post=5038"},{"taxonomy":"product_cat","embeddable":true,"href":"https:\/\/agrozone.ee\/fi\/wp-json\/wp\/v2\/product_cat?post=5038"},{"taxonomy":"product_tag","embeddable":true,"href":"https:\/\/agrozone.ee\/fi\/wp-json\/wp\/v2\/product_tag?post=5038"}],"curies":[{"name":"wp","href":"https:\/\/api.w.org\/{rel}","templated":true}]}}