{"id":5041,"date":"2024-06-09T16:12:20","date_gmt":"2024-06-09T13:12:20","guid":{"rendered":"https:\/\/agrozone.ee\/?post_type=product&#038;p=5041"},"modified":"2025-08-05T11:28:19","modified_gmt":"2025-08-05T09:28:19","slug":"kasvatustunnel-kattelooriga","status":"publish","type":"product","link":"https:\/\/agrozone.ee\/fi\/tuote\/kasvatustunnel-kattelooriga\/","title":{"rendered":"Kasvatustunnel kattelooriga"},"content":{"rendered":"<p><strong>Kasvatustunnel kattelooriga 0,9 x 2,5 m<\/strong><\/p>\n<ol>\n<li>Kasvatustunnel on v\u00e4ike, kuid v\u00f5imas t\u00f6\u00f6riist aiapidajatele ja aednikele, kes soovivad oma taimede kasvu optimeerida ja kaitsta neid karmide ilmastikutingimuste eest.<\/li>\n<li>Selle tunneli suurus on 0,9 meetrit lai ja 2,5 meetrit pikk, pakkudes piisavalt ruumi mitmesuguste taimede kasvatamiseks.<\/li>\n<li>\u00dcks peamisi eeliseid, mida kasvatustunnel pakub, on v\u00f5ime hoida stabiilset temperatuuri ja niiskust taimede kasvuks ideaalsetes tingimustes.<\/li>\n<li>See on eriti oluline varakevadest hiliss\u00fcgiseni, kui v\u00e4litingimused v\u00f5ivad olla ebastabiilsed ja k\u00f5ikuvad.<\/li>\n<li>Taimed vajavad optimaalset temperatuuri ja niiskust, et kasvada ja areneda t\u00e4ies ulatuses, ning kasvatustunnel v\u00f5imaldab neil seda saavutada.<\/li>\n<li><span style=\"font-size: 16px;\">Lisaks kaitseb kasvatustunnel taimi \u00e4kiliste ilmastikumuutuste eest, nagu tugev tuul, rahe v\u00f5i \u00e4kilised temperatuuri langused. <\/span><\/li>\n<li><span style=\"font-size: 16px;\">Need tingimused v\u00f5ivad muidu kahjustada v\u00f5i isegi h\u00e4vitada noori taimi v\u00f5i nende \u00f5rnaid \u00f5isi ja vilju. <\/span><\/li>\n<li><span style=\"font-size: 16px;\">Kasvatustunnel toimib t\u00f5husa kilbina nende ohtude vastu, pakkudes taimedele turvalist ja kaitstud keskkonda nende kasvu jaoks.<\/span><\/li>\n<\/ol>\n<p>Kokkuv\u00f5ttes v\u00f5ib \u00f6elda, et kasvatustunnel on v\u00e4ga kasulik t\u00f6\u00f6riist igale aiapidajale v\u00f5i aednikule, kes soovib oma taimede kasvu ja saaki optimeerida ning kaitsta neid loodusj\u00f5udude eest.<\/p>\n<h3>Kasutusjuhend<\/h3>\n<ul>\n<li>Kasvatustunnel kattelooriga\u00a0sobib eriti h\u00e4sti k\u00fclma\u00f5rnade taimede kasvatamiseks kevadel.<\/li>\n<li>Hoiab temperatuuri \u00fchtlasema ja kaitseb taimi.<\/li>\n<\/ul>\n","protected":false},"excerpt":{"rendered":"<p><strong>Kasvatustunnel kattelooriga 0,9 x 2,5 m<\/strong><\/p>\n<ul>\n<li>Kasvatustunnel on v\u00e4ike, kuid v\u00f5imas t\u00f6\u00f6riist aiapidajatele ja aednikele, kes soovivad oma taimede kasvu optimeerida ja kaitsta neid karmide ilmastikutingimuste eest.<\/li>\n<li>Selle tunneli suurus on 0,9 meetrit lai ja 2,5 meetrit pikk, pakkudes piisavalt ruumi mitmesuguste taimede kasvatamiseks.<\/li>\n<li>\u00dcks peamisi eeliseid, mida kasvatustunnel pakub, on v\u00f5ime hoida stabiilset temperatuuri ja niiskust taimede kasvuks ideaalsetes tingimustes.<\/li>\n<li>See on eriti oluline varakevadest hiliss\u00fcgiseni, kui v\u00e4litingimused v\u00f5ivad olla ebastabiilsed ja k\u00f5ikuvad.<\/li>\n<li>Taimed vajavad optimaalset temperatuuri ja niiskust, et kasvada ja areneda t\u00e4ies ulatuses, ning kasvatustunnel v\u00f5imaldab neil seda saavutada.<\/li>\n<li><\/li>\n<\/ul>\n","protected":false},"featured_media":5113,"template":"","meta":{"_acf_changed":false,"_seopress_robots_primary_cat":"","_seopress_titles_title":"","_seopress_titles_desc":"Kasvatustunnel kattelooriga - Kiletunnel kiirendab taimede kasvu hoides temperatuuri ja niiskust, ning kaitseb hetlike ilmaolude eest.","_seopress_robots_index":"","_gspb_post_css":""},"product_brand":[],"product_cat":[233,15,174],"product_tag":[],"class_list":{"0":"post-5041","1":"product","2":"type-product","3":"status-publish","4":"has-post-thumbnail","6":"product_cat-kasvuhoonekiled","7":"product_cat-koik-kategooriad","8":"product_cat-taime-ja-pinnasekatted","10":"first","11":"instock","12":"taxable","13":"shipping-taxable","14":"purchasable","15":"product-type-simple"},"ct_brands":[],"acf":[],"_links":{"self":[{"href":"https:\/\/agrozone.ee\/fi\/wp-json\/wp\/v2\/product\/5041","targetHints":{"allow":["GET"]}}],"collection":[{"href":"https:\/\/agrozone.ee\/fi\/wp-json\/wp\/v2\/product"}],"about":[{"href":"https:\/\/agrozone.ee\/fi\/wp-json\/wp\/v2\/types\/product"}],"wp:featuredmedia":[{"embeddable":true,"href":"https:\/\/agrozone.ee\/fi\/wp-json\/wp\/v2\/media\/5113"}],"wp:attachment":[{"href":"https:\/\/agrozone.ee\/fi\/wp-json\/wp\/v2\/media?parent=5041"}],"wp:term":[{"taxonomy":"product_brand","embeddable":true,"href":"https:\/\/agrozone.ee\/fi\/wp-json\/wp\/v2\/product_brand?post=5041"},{"taxonomy":"product_cat","embeddable":true,"href":"https:\/\/agrozone.ee\/fi\/wp-json\/wp\/v2\/product_cat?post=5041"},{"taxonomy":"product_tag","embeddable":true,"href":"https:\/\/agrozone.ee\/fi\/wp-json\/wp\/v2\/product_tag?post=5041"}],"curies":[{"name":"wp","href":"https:\/\/api.w.org\/{rel}","templated":true}]}}