{"id":5051,"date":"2024-06-09T16:12:41","date_gmt":"2024-06-09T13:12:41","guid":{"rendered":"https:\/\/agrozone.ee\/?post_type=product&#038;p=5051"},"modified":"2026-03-18T11:12:56","modified_gmt":"2026-03-18T09:12:56","slug":"oksasaag-spe-18g","status":"publish","type":"product","link":"https:\/\/agrozone.ee\/fi\/tuote\/oksasaag-spe-18g\/","title":{"rendered":"Oksasaag SPE 18G"},"content":{"rendered":"<p><strong>Oksasaag SPE 18G<\/strong><\/p>\n<ul>\n<li>Praktiline ja lihtne kasutada, turvaliselt kokkumurtav.<\/li>\n<li>Tera on valmistatud suure s\u00fcsinikusisaldusega terasest ning on kroomiga kaetud.<\/li>\n<li>See annab parema vastupidavuse roostele ning muudab oksa l\u00f5ikamise kergemaks.<\/li>\n<li>Puhas ja t\u00e4pne l\u00f5ige tagab sileda ja tasase l\u00f5ikepinna, t\u00e4nu sellele v\u00e4heneb nakkusoht ning armkoe moodustumine on kiirem.<\/li>\n<li>Kolmekordselt teritatud hambad on impulsskarastatud ning p\u00fcsivad kauem teravad.<\/li>\n<li>Spetsiaalne tera t\u00f6\u00f6tlemine nn \u201epinna p\u00f5letamine\u201c aitab teral l\u00e4bida oksa, v\u00e4hendades h\u00f5\u00f5rdumist.<\/li>\n<li>Ergonoomiline k\u00e4epide tagab kindla haarde.<\/li>\n<\/ul>\n","protected":false},"excerpt":{"rendered":"<ul>\n<li>Professionaalne sirge teraga kokkumurtav oksasaag.<\/li>\n<li>Tera pikkus 18cm.<\/li>\n<li>Praktiline ja lihtne kasutada, turvaliselt kokkumurtav.<\/li>\n<li>Ergonoomiline k\u00e4epide tagab kindla haarde.<\/li>\n<\/ul>\n","protected":false},"featured_media":5127,"template":"","meta":{"_acf_changed":false,"_seopress_robots_primary_cat":"none","_seopress_titles_title":"","_seopress_titles_desc":"Oksasaag SPE 18G - Praktiline ja lihtne kasutada, turvaliselt kokkumurtav. Tera on valmistatud suure s\u00fcsinikusisaldusega terasest ning on kroomiga kaetud.","_seopress_robots_index":"","_gspb_post_css":""},"product_brand":[3000],"product_cat":[149,1070,15,1072],"product_tag":[],"class_list":{"0":"post-5051","1":"product","2":"type-product","3":"status-publish","4":"has-post-thumbnail","6":"product_brand-castellari","7":"product_cat-aiatarvikud","8":"product_cat-aiatooriistad","9":"product_cat-koik-kategooriad","10":"product_cat-oksakaarid","12":"first","13":"outofstock","14":"taxable","15":"shipping-taxable","16":"purchasable","17":"product-type-simple"},"ct_brands":[{"id":3000,"name":"CASTELLARI","slug":"castellari"}],"acf":[],"_links":{"self":[{"href":"https:\/\/agrozone.ee\/fi\/wp-json\/wp\/v2\/product\/5051","targetHints":{"allow":["GET"]}}],"collection":[{"href":"https:\/\/agrozone.ee\/fi\/wp-json\/wp\/v2\/product"}],"about":[{"href":"https:\/\/agrozone.ee\/fi\/wp-json\/wp\/v2\/types\/product"}],"wp:featuredmedia":[{"embeddable":true,"href":"https:\/\/agrozone.ee\/fi\/wp-json\/wp\/v2\/media\/5127"}],"wp:attachment":[{"href":"https:\/\/agrozone.ee\/fi\/wp-json\/wp\/v2\/media?parent=5051"}],"wp:term":[{"taxonomy":"product_brand","embeddable":true,"href":"https:\/\/agrozone.ee\/fi\/wp-json\/wp\/v2\/product_brand?post=5051"},{"taxonomy":"product_cat","embeddable":true,"href":"https:\/\/agrozone.ee\/fi\/wp-json\/wp\/v2\/product_cat?post=5051"},{"taxonomy":"product_tag","embeddable":true,"href":"https:\/\/agrozone.ee\/fi\/wp-json\/wp\/v2\/product_tag?post=5051"}],"curies":[{"name":"wp","href":"https:\/\/api.w.org\/{rel}","templated":true}]}}