{"id":5052,"date":"2024-06-09T16:12:41","date_gmt":"2024-06-09T13:12:41","guid":{"rendered":"https:\/\/agrozone.ee\/?post_type=product&#038;p=5052"},"modified":"2025-07-31T12:55:41","modified_gmt":"2025-07-31T10:55:41","slug":"kergkruus-25l","status":"publish","type":"product","link":"https:\/\/agrozone.ee\/fi\/tuote\/kergkruus-25l\/","title":{"rendered":"Kergkruus 25l"},"content":{"rendered":"<ul>\n<li>Kergkruus on p\u00f5letatud savist valmistatud looduslik materjal, mis sobib h\u00e4sti lillepoti p\u00f5hja t\u00e4idiseks, et tagada juurestikule vajalik hapnik.<\/li>\n<li>Kergkruus on ka dekoratiivne pinnakate, sh tasakaalustab mulla niiskust ja hoiab mullapinna puhtana.<\/li>\n<li>Takistab putukate levikut, ei sisalda kahjulikke \u00fchendeid, ei hallita ega m\u00e4dane.<\/li>\n<\/ul>\n<h3>Kasutusjuhend<\/h3>\n<ul>\n<li>Aseta t\u00fchja poti, r\u00f5du- v\u00f5i lillekasti p\u00f5hja 2-3 cm paksune kiht kergkruusa ning t\u00e4ida istutusmullaga.<\/li>\n<li>Kruusa ja mullakihi segunemise v\u00e4ltimiseks v\u00f5ib nende vahele asetada t\u00fcki katteloori.<\/li>\n<\/ul>\n","protected":false},"excerpt":{"rendered":"<ul>\n<li>Kergkruus on p\u00f5letatud savist valmistatud looduslik materjal, mis sobib h\u00e4sti lillepoti p\u00f5hja t\u00e4idiseks, et tagada juurestikule vajalik hapnik.<\/li>\n<li>Kergkruus on ka dekoratiivne pinnakate, sh tasakaalustab mulla niiskust ja hoiab mullapinna puhtana.<\/li>\n<li>Takistab putukate levikut, ei sisalda kahjulikke \u00fchendeid, ei hallita ega m\u00e4dane.<\/li>\n<\/ul>\n","protected":false},"featured_media":5129,"template":"","meta":{"_acf_changed":false,"_seopress_robots_primary_cat":"none","_seopress_titles_title":"","_seopress_titles_desc":"Kergkruus on p\u00f5letatud savist valmistatud looduslik materjal, mis sobib h\u00e4sti lillepoti p\u00f5hja t\u00e4idiseks, et tagada juurestikule vajalik hapnik.","_seopress_robots_index":"","_gspb_post_css":""},"product_brand":[],"product_cat":[149,15,166],"product_tag":[],"class_list":{"0":"post-5052","1":"product","2":"type-product","3":"status-publish","4":"has-post-thumbnail","6":"product_cat-aiatarvikud","7":"product_cat-koik-kategooriad","8":"product_cat-mullaparandajad","10":"first","11":"instock","12":"taxable","13":"shipping-taxable","14":"purchasable","15":"product-type-simple"},"ct_brands":[],"acf":[],"_links":{"self":[{"href":"https:\/\/agrozone.ee\/fi\/wp-json\/wp\/v2\/product\/5052","targetHints":{"allow":["GET"]}}],"collection":[{"href":"https:\/\/agrozone.ee\/fi\/wp-json\/wp\/v2\/product"}],"about":[{"href":"https:\/\/agrozone.ee\/fi\/wp-json\/wp\/v2\/types\/product"}],"wp:featuredmedia":[{"embeddable":true,"href":"https:\/\/agrozone.ee\/fi\/wp-json\/wp\/v2\/media\/5129"}],"wp:attachment":[{"href":"https:\/\/agrozone.ee\/fi\/wp-json\/wp\/v2\/media?parent=5052"}],"wp:term":[{"taxonomy":"product_brand","embeddable":true,"href":"https:\/\/agrozone.ee\/fi\/wp-json\/wp\/v2\/product_brand?post=5052"},{"taxonomy":"product_cat","embeddable":true,"href":"https:\/\/agrozone.ee\/fi\/wp-json\/wp\/v2\/product_cat?post=5052"},{"taxonomy":"product_tag","embeddable":true,"href":"https:\/\/agrozone.ee\/fi\/wp-json\/wp\/v2\/product_tag?post=5052"}],"curies":[{"name":"wp","href":"https:\/\/api.w.org\/{rel}","templated":true}]}}