{"id":50535,"date":"2025-06-05T07:24:17","date_gmt":"2025-06-05T05:24:17","guid":{"rendered":"https:\/\/agrozone.ee\/toode\/kukkaislannoite-sisa-ja-ulkokasveille\/"},"modified":"2025-06-05T07:53:26","modified_gmt":"2025-06-05T05:53:26","slug":"kukkaislannoite-sisa-ja-ulkokasveille","status":"publish","type":"product","link":"https:\/\/agrozone.ee\/fi\/tuote\/kukkaislannoite-sisa-ja-ulkokasveille\/","title":{"rendered":"Kukkaislannoite sis\u00e4- ja ulkokasveille"},"content":{"rendered":"<p>Erikoisk\u00e4ytt\u00f6\u00f6n tarkoitettu seoslannoite, joka sis\u00e4lt\u00e4\u00e4 mikroravinteita (boorihappo-B, kupari-Cu, rauta-Fe, mangaani-Mn, molybdeeni-Mo, sinkki-Zn).<\/p>\n<p><strong>Lannoitteen koostumus:<\/strong> ravinteet \u2013 typpi (N) 2,9% (josta ammoniumtyppe\u00e4 (NH4-N) 1,3% ja nitraattityppe\u00e4 (NO3-N) 1,6%); vesiliukoinen fosfori (P) 0,55%, vesiliukoinen kalium (K) 2,4%; hivenaineet: boori (B); kupari (Cu); rauta (Fe) EDTA-kelaattina, mangaani (Mn) EDTA-kelaattina; molybdeeni (Mo); sinkki (Zn).<\/p>\n<p><strong>Lannoitem\u00e4\u00e4r\u00e4:<\/strong> 0,7 litraa<\/p>\n<p><strong>Lannoitteen k\u00e4ytt\u00f6ohje:<\/strong><\/p>\n<ul>\n<li>Sekoita 10 ml (1 korkillinen) kukkaislannoitetta 1 litraan kasteluvett\u00e4.<\/li>\n<li>Kastele t\u00e4ll\u00e4 laimennuksella kukkia jokaisella kastelukerralla.<\/li>\n<li>Jos kastelet kasveja kerran viikossa tai talvella joka toinen viikko, lis\u00e4\u00e4 1,5 korkillista lannoitetta 1 litraan kasteluvett\u00e4.<\/li>\n<li>K\u00e4ytet\u00e4\u00e4n, jos tarve on todettu.<\/li>\n<li>\u00c4l\u00e4 ylit\u00e4 annettuja m\u00e4\u00e4ri\u00e4.<\/li>\n<li>S\u00e4ilytet\u00e4\u00e4n huoneenl\u00e4mm\u00f6ss\u00e4.<\/li>\n<li>Ravista pulloa ennen k\u00e4ytt\u00f6\u00e4.<\/li>\n<\/ul>\n<p>S\u00e4ilyt\u00e4 lasten ulottumattomissa.<\/p>\n","protected":false},"excerpt":{"rendered":"<p>Erikoisk\u00e4ytt\u00f6\u00f6n tarkoitettu seoslannoite, joka sis\u00e4lt\u00e4\u00e4 mikroravinteita (boorihappo-B, kupari-Cu, rauta-Fe, mangaani-Mn, molybdeeni-Mo, sinkki-Zn). Lannoitteen koostumus: ravinteet \u2013 typpi (N) 2,9% (josta ammoniumtyppe\u00e4 (NH4-N) 1,3% ja nitraattityppe\u00e4 (NO3-N) 1,6%); vesiliukoinen fosfori (P) 0,55%, vesiliukoinen kalium (K) 2,4%; hivenaineet: boori (B); kupari (Cu); rauta (Fe) EDTA-kelaattina, mangaani (Mn) EDTA-kelaattina; molybdeeni (Mo); sinkki (Zn). Lannoitem\u00e4\u00e4r\u00e4: 0,7 litraa Lannoitteen k\u00e4ytt\u00f6ohje: [&hellip;]<\/p>\n","protected":false},"featured_media":50532,"template":"","meta":{"_acf_changed":false,"_seopress_robots_primary_cat":"none","_seopress_titles_title":"","_seopress_titles_desc":"","_seopress_robots_index":"","_gspb_post_css":""},"product_brand":[],"product_cat":[2467,2392,2438,2468],"product_tag":[],"class_list":{"0":"post-50535","1":"product","2":"type-product","3":"status-publish","4":"has-post-thumbnail","6":"product_cat-huonekasvien-lannoitteet","7":"product_cat-kaikki-luokat","8":"product_cat-lannoitteet","9":"product_cat-nestemainen-lannoite","11":"first","12":"instock","13":"featured","14":"taxable","15":"shipping-taxable","16":"purchasable","17":"product-type-simple"},"ct_brands":[],"acf":[],"_links":{"self":[{"href":"https:\/\/agrozone.ee\/fi\/wp-json\/wp\/v2\/product\/50535","targetHints":{"allow":["GET"]}}],"collection":[{"href":"https:\/\/agrozone.ee\/fi\/wp-json\/wp\/v2\/product"}],"about":[{"href":"https:\/\/agrozone.ee\/fi\/wp-json\/wp\/v2\/types\/product"}],"wp:featuredmedia":[{"embeddable":true,"href":"https:\/\/agrozone.ee\/fi\/wp-json\/wp\/v2\/media\/50532"}],"wp:attachment":[{"href":"https:\/\/agrozone.ee\/fi\/wp-json\/wp\/v2\/media?parent=50535"}],"wp:term":[{"taxonomy":"product_brand","embeddable":true,"href":"https:\/\/agrozone.ee\/fi\/wp-json\/wp\/v2\/product_brand?post=50535"},{"taxonomy":"product_cat","embeddable":true,"href":"https:\/\/agrozone.ee\/fi\/wp-json\/wp\/v2\/product_cat?post=50535"},{"taxonomy":"product_tag","embeddable":true,"href":"https:\/\/agrozone.ee\/fi\/wp-json\/wp\/v2\/product_tag?post=50535"}],"curies":[{"name":"wp","href":"https:\/\/api.w.org\/{rel}","templated":true}]}}