{"id":5074,"date":"2024-06-09T16:13:04","date_gmt":"2024-06-09T13:13:04","guid":{"rendered":"https:\/\/agrozone.ee\/?post_type=product&#038;p=5074"},"modified":"2026-01-16T12:16:24","modified_gmt":"2026-01-16T10:16:24","slug":"kaarid-tucano-xl","status":"publish","type":"product","link":"https:\/\/agrozone.ee\/fi\/tuote\/kaarid-tucano-xl\/","title":{"rendered":"K\u00e4\u00e4rid Tucano XL"},"content":{"rendered":"<p><strong>K\u00e4\u00e4rid Tucano XL<\/strong><\/p>\n<ul>\n<li>Tucano XL teleskoopl\u00f5ikur on varustatud sisemise mehhanismiga, mida juhivad rihmarattad ja Dyneema-trossid.<\/li>\n<li>Need kontrollivad tera liikumist.<\/li>\n<li>See on kaetud TOP SHIELD-tehnoloogiaga, mis on mittekleepuv materjal, mis v\u00f5imaldab paremini puitu tungida.<\/li>\n<li>L\u00f5ikepea on reguleeritav kuni 180\u00b0 ja pikkus on 1,87-2,97 m.<\/li>\n<li>Ovaalne pressitud alumiiniumvarras annab tootele ergonoomilisuse ja suure j\u00e4ikuse.<\/li>\n<li>L\u00f5ikepea k\u00f5rgust saab reguleerida, lisaks saab alumise k\u00e4epideme eemaldada, et teha \u00fcha k\u00f5rgemaid l\u00f5ikeid.<\/li>\n<li>K\u00e4\u00e4ridel on praktiline ava k\u00f6ite v\u00f5i karabiinide kinnitamiseks (kasulik funktsioon puu otsa ronimisel).<\/li>\n<\/ul>\n","protected":false},"excerpt":{"rendered":"<ul>\n<li>Tucano XL teleskoopl\u00f5ikur on varustatud sisemise mehhanismiga, mida juhivad rihmarattad ja Dyneema-trossid.<\/li>\n<li>Need kontrollivad tera liikumist.<\/li>\n<li>See on kaetud TOP SHIELD-tehnoloogiaga, mis on mittekleepuv materjal, mis v\u00f5imaldab paremini puitu tungida.<\/li>\n<li>L\u00f5ikepea on reguleeritav kuni 180\u00b0 ja pikkus on 1,87-2,97 m.<\/li>\n<li>Ovaalne pressitud alumiiniumvarras annab tootele ergonoomilisuse ja suure j\u00e4ikuse.<\/li>\n<\/ul>\n","protected":false},"featured_media":5142,"template":"","meta":{"_acf_changed":false,"_seopress_robots_primary_cat":"none","_seopress_titles_title":"","_seopress_titles_desc":"K\u00e4\u00e4rid Tucano XL - Tucano XL teleskoopl\u00f5ikur on varustatud sisemise mehhanismiga, mida juhivad rihmarattad ja Dyneema-trossid.","_seopress_robots_index":"","_gspb_post_css":""},"product_brand":[3000],"product_cat":[149,1070,15,1072],"product_tag":[],"class_list":{"0":"post-5074","1":"product","2":"type-product","3":"status-publish","4":"has-post-thumbnail","6":"product_brand-castellari","7":"product_cat-aiatarvikud","8":"product_cat-aiatooriistad","9":"product_cat-koik-kategooriad","10":"product_cat-oksakaarid","11":"product_shipping_class-ei-mahu-automaati","13":"first","14":"instock","15":"sale","16":"taxable","17":"shipping-taxable","18":"purchasable","19":"product-type-simple"},"ct_brands":[{"id":3000,"name":"CASTELLARI","slug":"castellari"}],"acf":[],"_links":{"self":[{"href":"https:\/\/agrozone.ee\/fi\/wp-json\/wp\/v2\/product\/5074","targetHints":{"allow":["GET"]}}],"collection":[{"href":"https:\/\/agrozone.ee\/fi\/wp-json\/wp\/v2\/product"}],"about":[{"href":"https:\/\/agrozone.ee\/fi\/wp-json\/wp\/v2\/types\/product"}],"wp:featuredmedia":[{"embeddable":true,"href":"https:\/\/agrozone.ee\/fi\/wp-json\/wp\/v2\/media\/5142"}],"wp:attachment":[{"href":"https:\/\/agrozone.ee\/fi\/wp-json\/wp\/v2\/media?parent=5074"}],"wp:term":[{"taxonomy":"product_brand","embeddable":true,"href":"https:\/\/agrozone.ee\/fi\/wp-json\/wp\/v2\/product_brand?post=5074"},{"taxonomy":"product_cat","embeddable":true,"href":"https:\/\/agrozone.ee\/fi\/wp-json\/wp\/v2\/product_cat?post=5074"},{"taxonomy":"product_tag","embeddable":true,"href":"https:\/\/agrozone.ee\/fi\/wp-json\/wp\/v2\/product_tag?post=5074"}],"curies":[{"name":"wp","href":"https:\/\/api.w.org\/{rel}","templated":true}]}}