{"id":5100,"date":"2024-06-09T16:13:26","date_gmt":"2024-06-09T13:13:26","guid":{"rendered":"https:\/\/agrozone.ee\/?post_type=product&#038;p=5100"},"modified":"2026-01-16T12:15:49","modified_gmt":"2026-01-16T10:15:49","slug":"imbtoru-multibar-50m","status":"publish","type":"product","link":"https:\/\/agrozone.ee\/fi\/tuote\/imbtoru-multibar-50m\/","title":{"rendered":"Imbtoru Multibar 50m"},"content":{"rendered":"<p><strong>Imbtoru Multibar 50m<\/strong><\/p>\n<p>Irritec Multibar tilgutustoru, \u00f8 16 mm, 33 cm tilgutusvahe, 2,1 l\/h, 50 m rull<\/p>\n<ul>\n<li>Irritec Multibar survekompenseeriv tilgutustoru<\/li>\n<li>16 mm v\u00e4lisl\u00e4bim\u00f5\u00f5t<\/li>\n<li>1,1 mm seina paksus<\/li>\n<li>Tilguti tootlikkus 2,1 l\/h<\/li>\n<li>Tilguti vahekaugus 33 cm<\/li>\n<li>Soovitatav filtreerimine: 125 \u00b5m<\/li>\n<li>50 m rull<\/li>\n<\/ul>\n<p>Imbtoru Multibar (v\u00f5i tilgutustoru) on paksuseinaline voolik, millesse on teatud sammuga sisse ehitatud emitterid ja millest vesi voolab teatud veevoolukiirusega.<\/p>\n<p>MULTIBAR on automaatse kompenseerimisega tilkkastmisliin, mis saavutatakse silikoonmembraaniga, mis suudab hoida tilkkastmisliini alg- ja l\u00f5pp-punktides konstantset tasakaalustavat veevooluhulka, kui t\u00f6\u00f6r\u00f5hk muutub.<\/p>\n<p>See toru on m\u00f5eldud k\u00f6\u00f6giviljakultuuride, puude, erinevate p\u00f5\u00f5saste, lillepeenarde ja t\u00e4nap\u00e4eval populaarsete hekkide k\u00f5ige t\u00f5husamaks kastmiseks.<\/p>\n<p>Tilgutustoru iseloomustab suurem paindlikkus, mis s\u00e4\u00e4stab paigaldamisel liitmike arvu.<\/p>\n<p>See \u00fchildub k\u00f5igi Irriteci ja teiste tootjate surve- ja muhviliitmikega.<\/p>\n","protected":false},"excerpt":{"rendered":"<p>Irritec Multibar tilgutustoru, \u00f8 16 mm, 33 cm tilgutusvahe, 2,1 l\/h, 50 m rull<\/p>\n<ul>\n<li>Irritec Multibar survekompenseeriv tilgutustoru<\/li>\n<li>16 mm v\u00e4lisl\u00e4bim\u00f5\u00f5t<\/li>\n<li>1,1 mm seina paksus<\/li>\n<li>Tilguti tootlikkus 2,1 l\/h<\/li>\n<li>Tilguti vahekaugus 33 cm<\/li>\n<li>Soovitatav filtreerimine: 125 \u00b5m<\/li>\n<li>50 m rull<\/li>\n<\/ul>\n","protected":false},"featured_media":5158,"template":"","meta":{"_acf_changed":false,"_seopress_robots_primary_cat":"none","_seopress_titles_title":"","_seopress_titles_desc":"Imbtoru Multibar on paksuseinaline voolik, millesse on teatud sammuga sisse ehitatud emitterid ja millest vesi voolab teatud veevoolukiirusega.","_seopress_robots_index":"","_gspb_post_css":""},"product_brand":[],"product_cat":[1101,1386,1092,15],"product_tag":[],"class_list":{"0":"post-5100","1":"product","2":"type-product","3":"status-publish","4":"has-post-thumbnail","6":"product_cat-imbkastmine","7":"product_cat-imbtorud","8":"product_cat-kastmissusteemid","9":"product_cat-koik-kategooriad","10":"product_shipping_class-ei-mahu-automaati","12":"first","13":"instock","14":"taxable","15":"shipping-taxable","16":"purchasable","17":"product-type-simple"},"ct_brands":[],"acf":[],"_links":{"self":[{"href":"https:\/\/agrozone.ee\/fi\/wp-json\/wp\/v2\/product\/5100","targetHints":{"allow":["GET"]}}],"collection":[{"href":"https:\/\/agrozone.ee\/fi\/wp-json\/wp\/v2\/product"}],"about":[{"href":"https:\/\/agrozone.ee\/fi\/wp-json\/wp\/v2\/types\/product"}],"wp:featuredmedia":[{"embeddable":true,"href":"https:\/\/agrozone.ee\/fi\/wp-json\/wp\/v2\/media\/5158"}],"wp:attachment":[{"href":"https:\/\/agrozone.ee\/fi\/wp-json\/wp\/v2\/media?parent=5100"}],"wp:term":[{"taxonomy":"product_brand","embeddable":true,"href":"https:\/\/agrozone.ee\/fi\/wp-json\/wp\/v2\/product_brand?post=5100"},{"taxonomy":"product_cat","embeddable":true,"href":"https:\/\/agrozone.ee\/fi\/wp-json\/wp\/v2\/product_cat?post=5100"},{"taxonomy":"product_tag","embeddable":true,"href":"https:\/\/agrozone.ee\/fi\/wp-json\/wp\/v2\/product_tag?post=5100"}],"curies":[{"name":"wp","href":"https:\/\/api.w.org\/{rel}","templated":true}]}}