{"id":51029,"date":"2025-06-11T11:21:50","date_gmt":"2025-06-11T09:21:50","guid":{"rendered":"https:\/\/agrozone.ee\/toode\/aurinkoenergialla-toimiva-koristeellinen-led-puutarhavalaisin\/"},"modified":"2026-01-06T12:44:27","modified_gmt":"2026-01-06T10:44:27","slug":"aurinkoenergialla-toimiva-koristeellinen-led-puutarhavalaisin","status":"publish","type":"product","link":"https:\/\/agrozone.ee\/fi\/tuote\/aurinkoenergialla-toimiva-koristeellinen-led-puutarhavalaisin\/","title":{"rendered":"Aurinkoenergialla toimiva koristeellinen LED-puutarhavalaisin"},"content":{"rendered":"<p data-sourcepos=\"1:1-1:122\">Aurinkokennolla toimiva LED-puutarhavalaisin &#8211; 2 kpl pakkauksessa, maahan pistett\u00e4v\u00e4, vedenpit\u00e4v\u00e4, automaattinen, kylm\u00e4nvalkoinen valo!<\/p>\n<ul data-sourcepos=\"2:1-47:0\">\n<li data-sourcepos=\"2:1-2:169\">Kuluton &#8211; aurinkopaneelin ja akun ansiosta n\u00e4m\u00e4 2 puutarhavalaisinta toimivat t\u00e4ysin aurinkoenergialla, mik\u00e4 tarkoittaa, ettei kaapeleita tarvita eik\u00e4 ylim\u00e4\u00e4r\u00e4isi\u00e4 s\u00e4hk\u00f6kuluja synny.<\/li>\n<li data-sourcepos=\"3:1-3:180\"><span class=\"citation-0 citation-end-0\">S\u00e4\u00e4nkest\u00e4vyys &#8211; Maahan pistett\u00e4v\u00e4t aurinkokennovalaisimet ovat sateen-, lumen- ja kosteudenkest\u00e4vi\u00e4, mik\u00e4 takaa luotettavan toiminnan ymp\u00e4ri vuoden.<\/span>\n<div class=\"source-inline-chip-container ng-star-inserted\"><\/div>\n<\/li>\n<li data-sourcepos=\"4:1-4:141\">Valaisevat koko y\u00f6n &#8211; T\u00e4yteen ladattuna aurinkokennovalaisimet loistavat jopa 10 tuntia ja tarjoavat energiaa s\u00e4\u00e4st\u00e4v\u00e4\u00e4 valaistusta koko talviy\u00f6ksi.<\/li>\n<li data-sourcepos=\"5:1-5:105\">Aurinkopaneeli &#8211; T\u00e4m\u00e4 on nykyaikainen ratkaisu, joka imee tehokkaasti aurinkoenergiaa my\u00f6s pilvisin\u00e4 p\u00e4ivin\u00e4.<\/li>\n<li data-sourcepos=\"6:1-6:131\">Tehokas energian varastointi &#8211; Akun ansiosta valaisimet hy\u00f6dynt\u00e4v\u00e4t ekologista teknologiaa ja takaavat puutarhallesi tehokkaan ja pitk\u00e4kestoisen valaistuksen!<\/li>\n<li data-sourcepos=\"7:1-7:179\">Eritt\u00e4in helppo asennus &#8211; Maahan pistett\u00e4v\u00e4n piikin ja automaattisen h\u00e4m\u00e4r\u00e4kytkimen ansiosta aurinkokennovalaisimet ovat k\u00e4ytt\u00f6valmiita 4 sekunnissa \u2013 kaapeleita tai ty\u00f6kaluja ei tarvita!<\/li>\n<li data-sourcepos=\"8:1-8:146\">Riitt\u00e4v\u00e4 valaistus &#8211; Nykyaikaiset LED-diodit s\u00e4teilev\u00e4t kylm\u00e4nvalkoista valoa, joka valaisee polkuja, terasseja ja puutarhoja ja luo viihtyis\u00e4n tunnelman.<\/li>\n<li data-sourcepos=\"9:1-47:0\">T\u00e4ytt\u00e4\u00e4 eurooppalaiset standardit &#8211; Aurinkokennoilla toimivat LED-puutarhavalaisimet on testattu eurooppalaisten standardien mukaisesti, joten voit olla varma, ett\u00e4 ne ovat turvallisia!<\/li>\n<\/ul>\n<p>Valaisimen tiedot:<\/p>\n<ul>\n<li>T\u00e4ytt\u00e4\u00e4 eurooppalaiset standardit<\/li>\n<li>Energiaa s\u00e4\u00e4st\u00e4v\u00e4t ja aurinkoenergialla toimivat<\/li>\n<li>LED-valaisimet, k\u00e4ytt\u00f6kuluton, s\u00e4\u00e4nkest\u00e4v\u00e4, IP65<\/li>\n<li>Pakkauksessa 2 lamppua<\/li>\n<li>Mahdollisuus taivuttaa lankoja mihin tahansa muotoon.<\/li>\n<li>2 valaistustilaa: jatkuva ja vilkkuva<\/li>\n<li>Mekaaninen kytkin (ON\/OFF)<\/li>\n<li>Maahan tai ruukkuun pistett\u00e4v\u00e4 piikki<\/li>\n<li>Monipuolinen k\u00e4ytt\u00f6, helppo ja nopea asennus<\/li>\n<li>H\u00e4m\u00e4r\u00e4tunnistin, valonl\u00e4hde: LED<\/li>\n<li>Pakattu v\u00e4rikk\u00e4\u00e4seen pakkaukseen<\/li>\n<li>Valon v\u00e4ri: kylm\u00e4 valkoinen<\/li>\n<li>Valonl\u00e4hde: LED-diodit<\/li>\n<li>LEDien m\u00e4\u00e4r\u00e4 yhdess\u00e4 lampussa: 150<\/li>\n<li>Sis\u00e4\u00e4nrakennettu akku: 1,2 V, 800 mAh<\/li>\n<li><span class=\"citation-1 citation-end-1 interactive-span-hovered\">Latausaika: 5 tuntia<\/span><\/li>\n<li>K\u00e4ytt\u00f6aika: 8-10 tuntia<\/li>\n<li>Maahan ty\u00f6nnett\u00e4v\u00e4n piikin pituus: 5,5 cm<\/li>\n<li>Aurinkopaneelin mitat: 7,5 x 9,5 cm<\/li>\n<li>Komplektin paino: 0,245 kg<\/li>\n<li>Painopaketissa: 0,358 kg<\/li>\n<li>Materiaali: ABS, ruostumaton ter\u00e4s, kuparilanka<\/li>\n<\/ul>\n<p data-sourcepos=\"48:1-51:10\">VAROITUKSET:<\/p>\n<ul data-sourcepos=\"52:1-56:89\">\n<li data-sourcepos=\"52:1-52:58\">T\u00e4m\u00e4 tuote on vedenkest\u00e4v\u00e4, mutta sit\u00e4 ei saa upottaa veteen!<\/li>\n<li data-sourcepos=\"53:1-53:30\">K\u00e4yt\u00e4 vain aiottuun tarkoitukseen.<\/li>\n<li data-sourcepos=\"54:1-54:41\">\u00c4l\u00e4 s\u00e4ilyt\u00e4 sytytysl\u00e4hteiden l\u00e4hell\u00e4.<\/li>\n<li data-sourcepos=\"55:1-55:42\">\u00c4l\u00e4 yrit\u00e4 muuttaa tai korjata lamppua.<\/li>\n<li data-sourcepos=\"56:1-56:89\">Tarkista lamppu s\u00e4\u00e4nn\u00f6llisesti vaurioiden, kuten halkeamien tai pinnoitevirheiden varalta.<\/li>\n<\/ul>\n","protected":false},"excerpt":{"rendered":"<p>Aurinkokennolla toimiva LED-puutarhavalaisin &#8211; 2 kpl pakkauksessa, maahan pistett\u00e4v\u00e4, vedenpit\u00e4v\u00e4, automaattinen, kylm\u00e4nvalkoinen valo! Kuluton &#8211; aurinkopaneelin ja akun ansiosta n\u00e4m\u00e4 2 puutarhavalaisinta toimivat t\u00e4ysin aurinkoenergialla, mik\u00e4 tarkoittaa, ettei kaapeleita tarvita eik\u00e4 ylim\u00e4\u00e4r\u00e4isi\u00e4 s\u00e4hk\u00f6kuluja synny. S\u00e4\u00e4nkest\u00e4vyys &#8211; Maahan pistett\u00e4v\u00e4t aurinkokennovalaisimet ovat sateen-, lumen- ja kosteudenkest\u00e4vi\u00e4, mik\u00e4 takaa luotettavan toiminnan ymp\u00e4ri vuoden. Valaisevat koko y\u00f6n &#8211; T\u00e4yteen [&hellip;]<\/p>\n","protected":false},"featured_media":50970,"template":"","meta":{"_acf_changed":false,"_seopress_robots_primary_cat":"none","_seopress_titles_title":"","_seopress_titles_desc":"","_seopress_robots_index":"","_gspb_post_css":""},"product_brand":[],"product_cat":[2392,2915,2363,2991],"product_tag":[],"class_list":{"0":"post-51029","1":"product","2":"type-product","3":"status-publish","4":"has-post-thumbnail","6":"product_cat-kaikki-luokat","7":"product_cat-kukkaruukut-kukkalaatikot-ja-tarvikkeet","8":"product_cat-puutarhatarvikkeet","9":"product_cat-valaistus","11":"first","12":"instock","13":"taxable","14":"shipping-taxable","15":"purchasable","16":"product-type-simple"},"ct_brands":[],"acf":[],"_links":{"self":[{"href":"https:\/\/agrozone.ee\/fi\/wp-json\/wp\/v2\/product\/51029","targetHints":{"allow":["GET"]}}],"collection":[{"href":"https:\/\/agrozone.ee\/fi\/wp-json\/wp\/v2\/product"}],"about":[{"href":"https:\/\/agrozone.ee\/fi\/wp-json\/wp\/v2\/types\/product"}],"wp:featuredmedia":[{"embeddable":true,"href":"https:\/\/agrozone.ee\/fi\/wp-json\/wp\/v2\/media\/50970"}],"wp:attachment":[{"href":"https:\/\/agrozone.ee\/fi\/wp-json\/wp\/v2\/media?parent=51029"}],"wp:term":[{"taxonomy":"product_brand","embeddable":true,"href":"https:\/\/agrozone.ee\/fi\/wp-json\/wp\/v2\/product_brand?post=51029"},{"taxonomy":"product_cat","embeddable":true,"href":"https:\/\/agrozone.ee\/fi\/wp-json\/wp\/v2\/product_cat?post=51029"},{"taxonomy":"product_tag","embeddable":true,"href":"https:\/\/agrozone.ee\/fi\/wp-json\/wp\/v2\/product_tag?post=51029"}],"curies":[{"name":"wp","href":"https:\/\/api.w.org\/{rel}","templated":true}]}}