{"id":51034,"date":"2025-06-11T11:13:30","date_gmt":"2025-06-11T09:13:30","guid":{"rendered":"https:\/\/agrozone.ee\/toode\/aurinkoenergialla-toimiva-puutarhan-ruusu-led-lamppu\/"},"modified":"2026-01-06T12:44:33","modified_gmt":"2026-01-06T10:44:33","slug":"aurinkoenergialla-toimiva-puutarhan-ruusu-led-lamppu","status":"publish","type":"product","link":"https:\/\/agrozone.ee\/fi\/tuote\/aurinkoenergialla-toimiva-puutarhan-ruusu-led-lamppu\/","title":{"rendered":"Aurinkoenergialla toimiva puutarhan ruusu-LED-lamppu"},"content":{"rendered":"<p data-sourcepos=\"1:1-1:94\">Aurinkoenergialla toimiva puutarhan ruusu-LED-lamppu, 3 tekokukkaa, maahan ty\u00f6nnett\u00e4v\u00e4 koristelu GARDLOV!<\/p>\n<ul>\n<li data-sourcepos=\"2:1-2:168\">Kuluton \u2013 aurinkopaneelin ja akun ansiosta 3 aurinkoenergialla toimivaa ruusukukkaa toimivat t\u00e4ysin aurinkoenergialla, mik\u00e4 tarkoittaa, ettei kaapeleita tai ylim\u00e4\u00e4r\u00e4isi\u00e4 s\u00e4hk\u00f6kuluja ole.<\/li>\n<li data-sourcepos=\"3:1-3:149\">Vastupidavus rasketes ilmastikutingimustes &#8211; ruusun aurinkolamppu kest\u00e4\u00e4 sadetta, lunta ja kosteutta, mik\u00e4 takaa luotettavan toiminnan ymp\u00e4ri vuoden.<\/li>\n<li data-sourcepos=\"4:1-4:141\">Valaisevat koko y\u00f6n &#8211; T\u00e4yteen ladattuna aurinkokennovalaisimet loistavat jopa 10 tuntia ja tarjoavat energiaa s\u00e4\u00e4st\u00e4v\u00e4\u00e4 valaistusta koko talviy\u00f6ksi.<\/li>\n<li data-sourcepos=\"5:1-5:105\">Aurinkopaneeli &#8211; T\u00e4m\u00e4 on nykyaikainen ratkaisu, joka imee tehokkaasti aurinkoenergiaa my\u00f6s pilvisin\u00e4 p\u00e4ivin\u00e4.<\/li>\n<li data-sourcepos=\"6:1-6:131\">Tehokas energian varastointi &#8211; Akun ansiosta valaisimet hy\u00f6dynt\u00e4v\u00e4t ekologista teknologiaa ja takaavat puutarhallesi tehokkaan ja pitk\u00e4kestoisen valaistuksen!<\/li>\n<li data-sourcepos=\"7:1-7:202\">Eritt\u00e4in helppo asennus &#8211; aurinkoenergialla toimivat tekokukat ovat valmiina puutarhaan asennettavaksi kahdessa sekunnissa \u2013 ilman kaapeleita ja ty\u00f6kaluja! T\u00e4m\u00e4 on mahdollista maahan ty\u00f6nnett\u00e4v\u00e4n piikin ja automaattisen h\u00e4m\u00e4r\u00e4anturin ansiosta.<\/li>\n<li data-sourcepos=\"8:1-8:148\">Tarjoavat riitt\u00e4v\u00e4sti valoa &#8211; modernit LED-diodit heijastavat moniv\u00e4rist\u00e4 valoa, joka valaisee polkuja, terasseja ja puutarhoja luoden viihtyis\u00e4n tunnelman.<\/li>\n<li data-sourcepos=\"9:1-44:0\">T\u00e4ytt\u00e4\u00e4 eurooppalaiset standardit &#8211; Aurinkokennoilla toimivat LED-puutarhavalaisimet on testattu eurooppalaisten standardien mukaisesti, joten voit olla varma, ett\u00e4 ne ovat turvallisia!<\/li>\n<\/ul>\n<p>Valaisimen tiedot:<\/p>\n<ul>\n<li>T\u00e4ytt\u00e4\u00e4 eurooppalaiset standardit<\/li>\n<li>Helendavad tekokukat<\/li>\n<li>Energiatehokkaat LED-valot<\/li>\n<li>Kuluton<\/li>\n<li>Kest\u00e4v\u00e4 ep\u00e4suotuisissa s\u00e4\u00e4olosuhteissa (IP44)<\/li>\n<li>3 valkoista kukkaa<\/li>\n<li>Mekaaninen kytkin (ON\/OFF)<\/li>\n<li>Maahan tai ruukkuun pistett\u00e4v\u00e4 piikki<\/li>\n<li>yleisk\u00e4ytt\u00f6<\/li>\n<li>helppo ja nopea asennus<\/li>\n<li>h\u00e4m\u00e4r\u00e4anturi<\/li>\n<li>Pakattu v\u00e4rikk\u00e4\u00e4seen pakkaukseen<\/li>\n<li>valon v\u00e4ri: moniv\u00e4rinen<\/li>\n<li>tehoste: ruusu<\/li>\n<li>Valonl\u00e4hde: LED-diodit<\/li>\n<li>LEDien m\u00e4\u00e4r\u00e4: 3<\/li>\n<li>aurinkopaneelin 90\u00b0 s\u00e4\u00e4t\u00f6<\/li>\n<li>sis\u00e4\u00e4nrakennettu akku: 1,2 V, 300 mAh<\/li>\n<li>latausaika: 6-8 tuntia<\/li>\n<li>k\u00e4ytt\u00f6aika: 10 tuntia<\/li>\n<li>maahan ty\u00f6nnett\u00e4v\u00e4n piikin pituus: 6 cm<\/li>\n<li>sarjan paino: 0,123 kg<\/li>\n<li>paino pakkauksessa: 0,244 kg<\/li>\n<li>GARDLOV-tuotemerkki<\/li>\n<li>materiaali: PP, ABS, PVC, ruostumaton ter\u00e4s<\/li>\n<\/ul>\n<p data-sourcepos=\"45:1-48:10\">VAROITUKSET:<\/p>\n<ul data-sourcepos=\"49:1-53:89\">\n<li data-sourcepos=\"49:1-49:58\">T\u00e4m\u00e4 tuote on vedenkest\u00e4v\u00e4, mutta sit\u00e4 ei saa upottaa veteen!<\/li>\n<li data-sourcepos=\"50:1-50:30\">K\u00e4yt\u00e4 vain aiottuun tarkoitukseen.<\/li>\n<li data-sourcepos=\"51:1-51:41\">\u00c4l\u00e4 s\u00e4ilyt\u00e4 sytytysl\u00e4hteiden l\u00e4hell\u00e4.<\/li>\n<li data-sourcepos=\"52:1-52:42\">\u00c4l\u00e4 yrit\u00e4 muuttaa tai korjata lamppua.<\/li>\n<li data-sourcepos=\"53:1-53:89\">Tarkista lamppu s\u00e4\u00e4nn\u00f6llisesti vaurioiden, kuten halkeamien tai pinnoitevirheiden varalta.<\/li>\n<\/ul>\n","protected":false},"excerpt":{"rendered":"<p>Aurinkoenergialla toimiva puutarhan ruusu-LED-lamppu, 3 tekokukkaa, maahan ty\u00f6nnett\u00e4v\u00e4 koristelu GARDLOV! Kuluton \u2013 aurinkopaneelin ja akun ansiosta 3 aurinkoenergialla toimivaa ruusukukkaa toimivat t\u00e4ysin aurinkoenergialla, mik\u00e4 tarkoittaa, ettei kaapeleita tai ylim\u00e4\u00e4r\u00e4isi\u00e4 s\u00e4hk\u00f6kuluja ole. Vastupidavus rasketes ilmastikutingimustes &#8211; ruusun aurinkolamppu kest\u00e4\u00e4 sadetta, lunta ja kosteutta, mik\u00e4 takaa luotettavan toiminnan ymp\u00e4ri vuoden. Valaisevat koko y\u00f6n &#8211; T\u00e4yteen ladattuna aurinkokennovalaisimet [&hellip;]<\/p>\n","protected":false},"featured_media":50883,"template":"","meta":{"_acf_changed":false,"_seopress_robots_primary_cat":"none","_seopress_titles_title":"","_seopress_titles_desc":"","_seopress_robots_index":"","_gspb_post_css":""},"product_brand":[],"product_cat":[2392,2915,2363,2991],"product_tag":[],"class_list":{"0":"post-51034","1":"product","2":"type-product","3":"status-publish","4":"has-post-thumbnail","6":"product_cat-kaikki-luokat","7":"product_cat-kukkaruukut-kukkalaatikot-ja-tarvikkeet","8":"product_cat-puutarhatarvikkeet","9":"product_cat-valaistus","11":"first","12":"instock","13":"taxable","14":"shipping-taxable","15":"purchasable","16":"product-type-simple"},"ct_brands":[],"acf":[],"_links":{"self":[{"href":"https:\/\/agrozone.ee\/fi\/wp-json\/wp\/v2\/product\/51034","targetHints":{"allow":["GET"]}}],"collection":[{"href":"https:\/\/agrozone.ee\/fi\/wp-json\/wp\/v2\/product"}],"about":[{"href":"https:\/\/agrozone.ee\/fi\/wp-json\/wp\/v2\/types\/product"}],"wp:featuredmedia":[{"embeddable":true,"href":"https:\/\/agrozone.ee\/fi\/wp-json\/wp\/v2\/media\/50883"}],"wp:attachment":[{"href":"https:\/\/agrozone.ee\/fi\/wp-json\/wp\/v2\/media?parent=51034"}],"wp:term":[{"taxonomy":"product_brand","embeddable":true,"href":"https:\/\/agrozone.ee\/fi\/wp-json\/wp\/v2\/product_brand?post=51034"},{"taxonomy":"product_cat","embeddable":true,"href":"https:\/\/agrozone.ee\/fi\/wp-json\/wp\/v2\/product_cat?post=51034"},{"taxonomy":"product_tag","embeddable":true,"href":"https:\/\/agrozone.ee\/fi\/wp-json\/wp\/v2\/product_tag?post=51034"}],"curies":[{"name":"wp","href":"https:\/\/api.w.org\/{rel}","templated":true}]}}