{"id":51129,"date":"2025-06-12T07:04:56","date_gmt":"2025-06-12T05:04:56","guid":{"rendered":"https:\/\/agrozone.ee\/toode\/ikkunan-hyonteisverkko\/"},"modified":"2026-01-06T12:43:52","modified_gmt":"2026-01-06T10:43:52","slug":"ikkunan-hyonteisverkko","status":"publish","type":"product","link":"https:\/\/agrozone.ee\/fi\/tuote\/ikkunan-hyonteisverkko\/","title":{"rendered":"Ikkunan hy\u00f6nteisverkko"},"content":{"rendered":"<h3 data-sourcepos=\"2:1-2:11\">Ikkunan hy\u00f6nteisverkko ~ 130\/160 cm + tarranauha<\/h3>\n<h3 data-sourcepos=\"2:1-2:11\">Suojaava<\/h3>\n<p data-sourcepos=\"4:1-4:495\">Verkko suojaa tiloja tehokkaasti hy\u00f6nteisilt\u00e4. Kev\u00e4\u00e4st\u00e4 syksyyn jokainen meist\u00e4 kohtaa monia \u00e4rsytt\u00e4vi\u00e4 hy\u00f6nteisi\u00e4. Niin kauan kuin ne eiv\u00e4t h\u00e4iritse meit\u00e4 ulkona, se ei ole niin paha, mutta kun ne p\u00e4\u00e4sev\u00e4t sis\u00e4lle taloomme, ne lentelev\u00e4t ruoan ymp\u00e4rill\u00e4 ja purevat perheenj\u00e4seni\u00e4. T\u00e4m\u00e4 suojaverkko tarjoaa t\u00e4ydellisen suojan huoneisiin k\u00e4rp\u00e4si\u00e4, hyttysi\u00e4, koiperhosia ja muita pieni\u00e4 hy\u00f6nteisi\u00e4 vastaan. Vapauta huoneesi, suojaa lapsiasi ja turvaa ateriasi edullisimmalla tavalla. Syksyll\u00e4 se suojaa my\u00f6s putoavilta lehdilt\u00e4.     <\/p>\n<hr data-sourcepos=\"6:1-6:3\">\n<h3 data-sourcepos=\"7:1-7:12\">Materiaali<\/h3>\n<p data-sourcepos=\"9:1-9:317\">Se on valmistettu eritt\u00e4in kest\u00e4v\u00e4st\u00e4 valkoisesta polyesterimateriaalista. Hienon verkon ansiosta ilma p\u00e4\u00e4see kiert\u00e4m\u00e4\u00e4n, mutta hy\u00f6nteiset eiv\u00e4t p\u00e4\u00e4se l\u00e4pi. Turvaverkko on eritt\u00e4in kest\u00e4v\u00e4, auringon-, sateen- ja pakkasenkest\u00e4v\u00e4. Hyttysverkko est\u00e4\u00e4 hyttysten, ampiaisten ja k\u00e4rp\u00e4sten p\u00e4\u00e4syn taloon kes\u00e4ll\u00e4 ja pys\u00e4ytt\u00e4\u00e4 lehdet ja oksat syksyll\u00e4.   <\/p>\n<hr data-sourcepos=\"11:1-11:3\">\n<h3 data-sourcepos=\"12:1-12:21\">Helppo asentaa<\/h3>\n<p data-sourcepos=\"14:1-14:188\">Hyttysverkon voi vapaasti mukauttaa ikkunan kokoon. Leikkaa se vain haluttuun kokoon. Laadukas verkko ei rispaannu tai repeydy, ja tarranauhalla kiinnitettyn\u00e4 se ei j\u00e4t\u00e4 j\u00e4lki\u00e4 ikkunaan.  <\/p>\n<hr data-sourcepos=\"16:1-16:3\">\n<h3 data-sourcepos=\"17:1-17:14\">Tarranauha<\/h3>\n<p data-sourcepos=\"19:1-19:113\">Tarranauhassa on vahva itseliimautuva tausta. Kiinnit\u00e4 se vain ikkunanpuitteeseen. Teipin v\u00e4ri on sama kuin verkon.  <\/p>\n<hr data-sourcepos=\"21:1-21:3\">\n<h3 data-sourcepos=\"22:1-22:20\">TEKNISI\u00c4 TIETOJA<\/h3>\n<ul data-sourcepos=\"24:1-29:0\">\n<li data-sourcepos=\"24:1-24:17\"><strong>V\u00e4ri:<\/strong> valkoinen<\/li>\n<li data-sourcepos=\"25:1-25:25\"><strong>Materiaali:<\/strong> polyesteri<\/li>\n<li data-sourcepos=\"26:1-26:41\"><strong>Mitat (leveys\/pituus):<\/strong> ~130\/160 cm<\/li>\n<li data-sourcepos=\"27:1-27:29\"><strong>Teipin pituus:<\/strong> noin 5 m<\/li>\n<li data-sourcepos=\"28:1-29:0\"><strong>Painon:<\/strong> ~35 g<\/li>\n<\/ul>\n<hr data-sourcepos=\"44:1-44:3\">\n<h3 data-sourcepos=\"45:1-45:16\">VAROITUS<\/h3>\n<ul data-sourcepos=\"47:1-52:199\">\n<li data-sourcepos=\"47:1-47:32\">K\u00e4yt\u00e4 vain aiottuun tarkoitukseen.<\/li>\n<li data-sourcepos=\"48:1-48:38\">\u00c4l\u00e4 s\u00e4ilyt\u00e4 l\u00e4hell\u00e4 sytytysl\u00e4hteit\u00e4.<\/li>\n<li data-sourcepos=\"49:1-49:43\">\u00c4l\u00e4 s\u00e4ilyt\u00e4 ter\u00e4vi\u00e4 ty\u00f6kaluja l\u00e4hell\u00e4.<\/li>\n<li data-sourcepos=\"50:1-50:47\">Vain aikuiset saavat asentaa verkon.<\/li>\n<li data-sourcepos=\"51:1-51:204\">\u00c4l\u00e4 venyt\u00e4 hyttysverkkoa liikaa asennuksen aikana, sill\u00e4 se voi vahingoittaa tai repi\u00e4 sit\u00e4. On hyv\u00e4 varmistaa, ett\u00e4 materiaali on kevyesti kire\u00e4ll\u00e4, mutta ei liikaa venytettyn\u00e4.  <\/li>\n<li data-sourcepos=\"52:1-52:199\">\u00c4l\u00e4 k\u00e4yt\u00e4 lemmikkiel\u00e4inaitana. Hyttysverkkoa ei ole tarkoitettu lemmikkiel\u00e4inten esteeksi. Kissat, koirat tai muut el\u00e4imet voivat yritt\u00e4\u00e4 raapia tai kiivet\u00e4 sen l\u00e4pi, mik\u00e4 voi vahingoittaa verkkoa.  <\/li>\n<\/ul>\n","protected":false},"excerpt":{"rendered":"<p>Ikkunan hy\u00f6nteisverkko ~ 130\/160 cm + tarranauha Suojaava Verkko suojaa tiloja tehokkaasti hy\u00f6nteisilt\u00e4. Kev\u00e4\u00e4st\u00e4 syksyyn jokainen meist\u00e4 kohtaa monia \u00e4rsytt\u00e4vi\u00e4 hy\u00f6nteisi\u00e4. Niin kauan kuin ne eiv\u00e4t h\u00e4iritse meit\u00e4 ulkona, se ei ole niin paha, mutta kun ne p\u00e4\u00e4sev\u00e4t sis\u00e4lle taloomme, ne lentelev\u00e4t ruoan ymp\u00e4rill\u00e4 ja purevat perheenj\u00e4seni\u00e4. T\u00e4m\u00e4 suojaverkko tarjoaa t\u00e4ydellisen suojan huoneisiin k\u00e4rp\u00e4si\u00e4, hyttysi\u00e4, [&hellip;]<\/p>\n","protected":false},"featured_media":51041,"template":"","meta":{"_acf_changed":false,"_seopress_robots_primary_cat":"none","_seopress_titles_title":"","_seopress_titles_desc":"","_seopress_robots_index":"","_gspb_post_css":""},"product_brand":[],"product_cat":[2457,2392,2448,2915,2363],"product_tag":[],"class_list":{"0":"post-51129","1":"product","2":"type-product","3":"status-publish","4":"has-post-thumbnail","6":"product_cat-hyonteisverkko-kasveille","7":"product_cat-kaikki-luokat","8":"product_cat-kasvinsuojelukankaat-ja-maanpeitekankaat","9":"product_cat-kukkaruukut-kukkalaatikot-ja-tarvikkeet","10":"product_cat-puutarhatarvikkeet","12":"first","13":"instock","14":"featured","15":"taxable","16":"shipping-taxable","17":"purchasable","18":"product-type-simple"},"ct_brands":[],"acf":[],"_links":{"self":[{"href":"https:\/\/agrozone.ee\/fi\/wp-json\/wp\/v2\/product\/51129","targetHints":{"allow":["GET"]}}],"collection":[{"href":"https:\/\/agrozone.ee\/fi\/wp-json\/wp\/v2\/product"}],"about":[{"href":"https:\/\/agrozone.ee\/fi\/wp-json\/wp\/v2\/types\/product"}],"wp:featuredmedia":[{"embeddable":true,"href":"https:\/\/agrozone.ee\/fi\/wp-json\/wp\/v2\/media\/51041"}],"wp:attachment":[{"href":"https:\/\/agrozone.ee\/fi\/wp-json\/wp\/v2\/media?parent=51129"}],"wp:term":[{"taxonomy":"product_brand","embeddable":true,"href":"https:\/\/agrozone.ee\/fi\/wp-json\/wp\/v2\/product_brand?post=51129"},{"taxonomy":"product_cat","embeddable":true,"href":"https:\/\/agrozone.ee\/fi\/wp-json\/wp\/v2\/product_cat?post=51129"},{"taxonomy":"product_tag","embeddable":true,"href":"https:\/\/agrozone.ee\/fi\/wp-json\/wp\/v2\/product_tag?post=51129"}],"curies":[{"name":"wp","href":"https:\/\/api.w.org\/{rel}","templated":true}]}}