{"id":51147,"date":"2025-06-06T09:45:22","date_gmt":"2025-06-06T07:45:22","guid":{"rendered":"https:\/\/agrozone.ee\/toode\/ironmax-pro-20kg-etanoiden-ja-kotiloiden-torjuntaan\/"},"modified":"2026-03-25T01:45:11","modified_gmt":"2026-03-24T23:45:11","slug":"ironmax-pro-20kg-etanoiden-ja-kotiloiden-torjuntaan","status":"publish","type":"product","link":"https:\/\/agrozone.ee\/fi\/tuote\/ironmax-pro-20kg-etanoiden-ja-kotiloiden-torjuntaan\/","title":{"rendered":"IRONMAX PRO 20kg etanoiden ja kotiloiden torjuntaan"},"content":{"rendered":"<p>Etanoiden ja kotiloiden torjuntaan pelloilla, vihannes-, hedelm\u00e4- ja koristepuutarhoissa sek\u00e4 kasvihuoneissa. K\u00e4ytt\u00f6valmis sy\u00f6tti, sis\u00e4lt\u00e4\u00e4 24,2 g\/kg rauta(III)fosfaattia. <\/p>\n<p>Sokerijuurikkaan, rehunurmikan, punajuuren, lantun, nauriin, porkkanan, juurisellerin, retiisien, \u00f6ljykasvien, viljan, nurmikon ja hein\u00e4kasvien viljelyss\u00e4 torjunta-ainetta tulisi k\u00e4ytt\u00e4\u00e4 kasvin kasvun alkuvaiheissa. My\u00f6hemmiss\u00e4 kasvuvaiheissa torjunnasta ei v\u00e4ltt\u00e4m\u00e4tt\u00e4 ole hy\u00f6ty\u00e4. <\/p>\n<p>Sy\u00f6tti\u00e4 sy\u00f6neet etanat kaivautuvat rauta(III)fosfaatin vaikutuksesta maan alle, miss\u00e4 ne kuolevat, mink\u00e4 vuoksi kuolleita etanoita ei n\u00e4y. Torjunnan vaikutus ei siis v\u00e4ltt\u00e4m\u00e4tt\u00e4 ole heti havaittavissa. Se tulisi mitata viljelykasveissa n\u00e4kyvien sy\u00f6ntivahinkojen v\u00e4henemisen perusteella. IRONMAX PRO -valmisteella tehdyn torjunnan tehokkuutta voidaan siis arvioida ainoastaan vahingoittuneiden kasvien m\u00e4\u00e4r\u00e4n v\u00e4henemisen perusteella.   <\/p>\n<h2 class=\"p-headline\">Toimintamekanismi<\/h2>\n<ul>\n<li>Sy\u00f6tti\u00e4 sy\u00f6neet etanat kaivautuvat rauta(III)fosfaatin vaikutuksesta maan alle, miss\u00e4 ne kuolevat, mink\u00e4 vuoksi kuolleita etanoita ei n\u00e4y.<\/li>\n<li>Torjunnan vaikutus ei siis v\u00e4ltt\u00e4m\u00e4tt\u00e4 ole heti havaittavissa.<\/li>\n<li>T\u00e4m\u00e4 tulisi mitata viljelykasveissa n\u00e4kyvien sy\u00f6ntivahinkojen v\u00e4henemisen perusteella.<\/li>\n<li>IRONMAX PRO -valmisteella tehdyn torjunnan tehokkuutta voidaan siis arvioida ainoastaan vahingoittuneiden kasvien m\u00e4\u00e4r\u00e4n v\u00e4henemisen perusteella.<\/li>\n<\/ul>\n<h2>Levitys<\/h2>\n<h3>IRONMAX PRO -valmistetta voi levitt\u00e4\u00e4 mekaanisella sirottimella tai k\u00e4sin.<\/h3>\n<p>K\u00e4sin on torjunta-ainetta parempi sirotella pienille alueille, esimerkiksi kasvihuoneisiin.<\/p>\n<p>Graanulien koossapysyvyydest\u00e4 laajalevityksess\u00e4 ja niiden kest\u00e4vyydest\u00e4 ulko-olosuhteissa ei ole tietoja.<\/p>\n<p>Levitett\u00e4ess\u00e4 on varmistettava, ett\u00e4 rakeet eiv\u00e4t j\u00e4\u00e4 kiinni lehtiin, kukkiin tai muihin kasvinosiin.<\/p>\n<p>Yli 25 kg painavien s\u00e4ili\u00f6iden siirt\u00e4miseen on k\u00e4ytett\u00e4v\u00e4 mekaanisia apuv\u00e4lineit\u00e4.<\/p>\n<p>Suositukset k\u00e4ytt\u00f6m\u00e4\u00e4rille<\/p>\n<ul>\n<li>K\u00e4ytt\u00f6m\u00e4\u00e4r\u00e4 yhdell\u00e4 k\u00e4ytt\u00f6kerralla: 7 kg\/ha = 70 g\/100 m\u00b2<\/li>\n<li>Joskus torjunta on teht\u00e4v\u00e4 toistuvasti, etenkin jos rakeet sy\u00f6d\u00e4\u00e4n tai j\u00e4lkel\u00e4isi\u00e4 ilmaantuu.<\/li>\n<li>K\u00e4ytt\u00f6kertojen aikav\u00e4li: v\u00e4hint\u00e4\u00e4n 5 p\u00e4iv\u00e4\u00e4.<\/li>\n<li>Valmistetta saa k\u00e4ytt\u00e4\u00e4 yhdell\u00e4 viljelykasvilla enint\u00e4\u00e4n 28 kg\/ha vuodessa.<\/li>\n<\/ul>\n<h4><a href=\"https:\/\/agrozone.ee\/wp-content\/uploads\/2025\/06\/ironmax-pro-label.pdf\">TIETOLEHTI<\/a><\/h4>\n<h4><a href=\"https:\/\/agrozone.ee\/wp-content\/uploads\/2025\/10\/ironmaxpro_ohutuskaart.pdf\">TURVALLISUUSKORTTI<\/a><\/h4>\n<ul>\n<li style=\"list-style-type: none;\">\n<\/li>\n<\/ul>\n","protected":false},"excerpt":{"rendered":"<h2>\ud83d\uddd3\ufe0f ENNAKKOTILAUS<\/h2>\n<h2>Suuren kysynn\u00e4n vuoksi t\u00e4m\u00e4 tuote on tilap\u00e4isesti loppu, mutta uusi er\u00e4 on pian saapumassa!<\/h2>\n<h2>L\u00e4het\u00e4mme tilauksesi aikav\u00e4lill\u00e4 22.\u201325. hein\u00e4kuuta 2025. <\/h2>\n<h4><\/h4>\n","protected":false},"featured_media":50767,"template":"","meta":{"_acf_changed":false,"_seopress_robots_primary_cat":"none","_seopress_titles_title":"","_seopress_titles_desc":"","_seopress_robots_index":"","_gspb_post_css":""},"product_brand":[],"product_cat":[2922,2392,2356,2360],"product_tag":[],"class_list":{"0":"post-51147","1":"product","2":"type-product","3":"status-publish","4":"has-post-thumbnail","6":"product_cat-tigude-torjunta","7":"product_cat-kaikki-luokat","8":"product_cat-puutarhan-ja-kasvien-suojelu","9":"product_cat-kasvintuholaisten-torjunta","11":"first","12":"outofstock","13":"sale","14":"taxable","15":"shipping-taxable","16":"purchasable","17":"product-type-simple"},"ct_brands":[],"acf":[],"_links":{"self":[{"href":"https:\/\/agrozone.ee\/fi\/wp-json\/wp\/v2\/product\/51147","targetHints":{"allow":["GET"]}}],"collection":[{"href":"https:\/\/agrozone.ee\/fi\/wp-json\/wp\/v2\/product"}],"about":[{"href":"https:\/\/agrozone.ee\/fi\/wp-json\/wp\/v2\/types\/product"}],"wp:featuredmedia":[{"embeddable":true,"href":"https:\/\/agrozone.ee\/fi\/wp-json\/wp\/v2\/media\/50767"}],"wp:attachment":[{"href":"https:\/\/agrozone.ee\/fi\/wp-json\/wp\/v2\/media?parent=51147"}],"wp:term":[{"taxonomy":"product_brand","embeddable":true,"href":"https:\/\/agrozone.ee\/fi\/wp-json\/wp\/v2\/product_brand?post=51147"},{"taxonomy":"product_cat","embeddable":true,"href":"https:\/\/agrozone.ee\/fi\/wp-json\/wp\/v2\/product_cat?post=51147"},{"taxonomy":"product_tag","embeddable":true,"href":"https:\/\/agrozone.ee\/fi\/wp-json\/wp\/v2\/product_tag?post=51147"}],"curies":[{"name":"wp","href":"https:\/\/api.w.org\/{rel}","templated":true}]}}