{"id":51148,"date":"2025-06-05T14:23:44","date_gmt":"2025-06-05T12:23:44","guid":{"rendered":"https:\/\/agrozone.ee\/toode\/maks-min-lampomittari\/"},"modified":"2026-01-06T12:44:26","modified_gmt":"2026-01-06T10:44:26","slug":"maks-min-lampomittari","status":"publish","type":"product","link":"https:\/\/agrozone.ee\/fi\/tuote\/maks-min-lampomittari\/","title":{"rendered":"Maks. -min. l\u00e4mp\u00f6mittari"},"content":{"rendered":"<p>Ymp\u00e4rist\u00f6yst\u00e4v\u00e4llinen maksimi-minimimittari maanviljelij\u00e4lle ja puutarhanhoidon harrastajalle.<\/p>\n<p>Elohopeaton \u2013 l\u00e4mp\u00f6mittari on t\u00e4ytetty punaisella l\u00e4mp\u00f6mittarinesteell\u00e4.<br \/>\nSelke\u00e4t mittaviivat \u2013 n\u00e4ytt\u00e4v\u00e4t maksimi- ja minimil\u00e4mp\u00f6tilat.<br \/>\nHelppo nollaus \u2013 yhdell\u00e4 napin painalluksella.<br \/>\nKevyt ja kest\u00e4v\u00e4 muovikotelo.<br \/>\nHelppo asentaa \u2013 varustettu ripustusrei\u00e4ll\u00e4.<\/p>\n<p>Tekninen tieto<br \/>\nMitta-alue: -30 &#8211; +50 \u00b0C.<br \/>\nTarkkuus: 1 \u00b0C portain.<br \/>\nMitat: leveys 79 mm x korkeus 230 mm.<br \/>\nMateriaali: muovi.<\/p>\n<p>K\u00e4ytt\u00f6kohteet:<br \/>\nKasvihuoneessa ja puutarhassa.<br \/>\nNavetoissa ja el\u00e4insuojissa.<br \/>\nKotipuutarhassa ja ulkona.<\/p>\n","protected":false},"excerpt":{"rendered":"<p>Ymp\u00e4rist\u00f6yst\u00e4v\u00e4llinen maksimi-minimimittari maanviljelij\u00e4lle ja puutarhanhoidon harrastajalle. Elohopeaton \u2013 l\u00e4mp\u00f6mittari on t\u00e4ytetty punaisella l\u00e4mp\u00f6mittarinesteell\u00e4. Selke\u00e4t mittaviivat \u2013 n\u00e4ytt\u00e4v\u00e4t maksimi- ja minimil\u00e4mp\u00f6tilat. Helppo nollaus \u2013 yhdell\u00e4 napin painalluksella. Kevyt ja kest\u00e4v\u00e4 muovikotelo. Helppo asentaa \u2013 varustettu ripustusrei\u00e4ll\u00e4. Tekninen tieto Mitta-alue: -30 &#8211; +50 \u00b0C. Tarkkuus: 1 \u00b0C portain. Mitat: leveys 79 mm x korkeus 230 mm. Materiaali: [&hellip;]<\/p>\n","protected":false},"featured_media":50721,"template":"","meta":{"_acf_changed":false,"_seopress_robots_primary_cat":"","_seopress_titles_title":"","_seopress_titles_desc":"","_seopress_robots_index":"","_gspb_post_css":""},"product_brand":[],"product_cat":[2392,2368,2363],"product_tag":[],"class_list":{"0":"post-51148","1":"product","2":"type-product","3":"status-publish","4":"has-post-thumbnail","6":"product_cat-kaikki-luokat","7":"product_cat-kasvihuoneet-lisavarusteet","8":"product_cat-puutarhatarvikkeet","10":"first","11":"instock","12":"taxable","13":"shipping-taxable","14":"purchasable","15":"product-type-simple"},"ct_brands":[],"acf":[],"_links":{"self":[{"href":"https:\/\/agrozone.ee\/fi\/wp-json\/wp\/v2\/product\/51148","targetHints":{"allow":["GET"]}}],"collection":[{"href":"https:\/\/agrozone.ee\/fi\/wp-json\/wp\/v2\/product"}],"about":[{"href":"https:\/\/agrozone.ee\/fi\/wp-json\/wp\/v2\/types\/product"}],"wp:featuredmedia":[{"embeddable":true,"href":"https:\/\/agrozone.ee\/fi\/wp-json\/wp\/v2\/media\/50721"}],"wp:attachment":[{"href":"https:\/\/agrozone.ee\/fi\/wp-json\/wp\/v2\/media?parent=51148"}],"wp:term":[{"taxonomy":"product_brand","embeddable":true,"href":"https:\/\/agrozone.ee\/fi\/wp-json\/wp\/v2\/product_brand?post=51148"},{"taxonomy":"product_cat","embeddable":true,"href":"https:\/\/agrozone.ee\/fi\/wp-json\/wp\/v2\/product_cat?post=51148"},{"taxonomy":"product_tag","embeddable":true,"href":"https:\/\/agrozone.ee\/fi\/wp-json\/wp\/v2\/product_tag?post=51148"}],"curies":[{"name":"wp","href":"https:\/\/api.w.org\/{rel}","templated":true}]}}