{"id":5118,"date":"2024-06-09T16:13:47","date_gmt":"2024-06-09T13:13:47","guid":{"rendered":"https:\/\/agrozone.ee\/?post_type=product&#038;p=5118"},"modified":"2026-04-05T19:52:06","modified_gmt":"2026-04-05T17:52:06","slug":"lame-aianoor-loikuriga-100m","status":"publish","type":"product","link":"https:\/\/agrozone.ee\/fi\/tuote\/lame-aianoor-loikuriga-100m\/","title":{"rendered":"Lame Aian\u00f6\u00f6r L\u00f5ikuriga 100m"},"content":{"rendered":"<p><strong>Lame aian\u00f6\u00f6r l\u00f5ikuriga, roheline, pikkus 100 m.<\/strong><\/p>\n<ul>\n<li>Lame aian\u00f6\u00f6r koos l\u00f5ikuriga on praktiline ja mitmek\u00fclgne t\u00f6\u00f6riist, mis on h\u00e4davajalik igas aias v\u00f5i aiaalal.<\/li>\n<li>Selle roheline v\u00e4rv muudab selle looduses h\u00e4sti peituks ja esteetiliselt meeldivaks.<\/li>\n<li>Aian\u00f6\u00f6r on pikkusega 100 meetrit, mis tagab piisava ulatuse erinevate projektide jaoks, olgu selleks siis taimede istutamine, ala m\u00f5\u00f5tmine v\u00f5i lillepeenarde rajamine.<\/li>\n<li>Selle t\u00f6\u00f6riista v\u00f5tmeks on selle funktsionaalsus ja mugavus.<\/li>\n<li>L\u00f5ikuri abil on v\u00f5imalik l\u00f5igata aian\u00f6\u00f6ri t\u00e4pselt \u00f5igesse pikkusesse ilma, et peaks kasutama eraldi t\u00f6\u00f6riistu.<\/li>\n<li>See s\u00e4\u00e4stab aega ja vaeva ning tagab, et t\u00f6\u00f6 saab tehtud kiirelt ja korrektselt.<\/li>\n<\/ul>\n<p>\u00dcldiselt on lame aian\u00f6\u00f6r l\u00f5ikuriga mitmek\u00fclgne ja h\u00e4davajalik t\u00f6\u00f6riist, mis muudab aiat\u00f6\u00f6d lihtsamaks ja t\u00f5husamaks.<\/p>\n","protected":false},"excerpt":{"rendered":"<ul>\n<li>Lame aian\u00f6\u00f6r koos l\u00f5ikuriga on praktiline ja mitmek\u00fclgne t\u00f6\u00f6riist, mis on h\u00e4davajalik igas aias v\u00f5i aiaalal.<\/li>\n<li>Selle roheline v\u00e4rv muudab selle looduses h\u00e4sti peituks ja esteetiliselt meeldivaks.<\/li>\n<li>Aian\u00f6\u00f6r on pikkusega 100 meetrit, mis tagab piisava ulatuse erinevate projektide jaoks, olgu selleks siis taimede istutamine, ala m\u00f5\u00f5tmine v\u00f5i lillepeenarde rajamine.<\/li>\n<\/ul>\n","protected":false},"featured_media":5176,"template":"","meta":{"_acf_changed":false,"_seopress_robots_primary_cat":"","_seopress_titles_title":"","_seopress_titles_desc":"Lame Aian\u00f6\u00f6r L\u00f5ikuriga 100m - on praktiline ja mitmek\u00fclgne t\u00f6\u00f6riist, mis on h\u00e4davajalik igas aias v\u00f5i aiaalal. Muudab aiat\u00f6\u00f6d lihtsamaks ja t\u00f5husamaks.","_seopress_robots_index":"","_gspb_post_css":""},"product_brand":[],"product_cat":[149,210,15,174],"product_tag":[],"class_list":{"0":"post-5118","1":"product","2":"type-product","3":"status-publish","4":"has-post-thumbnail","6":"product_cat-aiatarvikud","7":"product_cat-katete-lisatarvikud","8":"product_cat-koik-kategooriad","9":"product_cat-taime-ja-pinnasekatted","11":"first","12":"instock","13":"taxable","14":"shipping-taxable","15":"purchasable","16":"product-type-simple"},"ct_brands":[],"acf":[],"_links":{"self":[{"href":"https:\/\/agrozone.ee\/fi\/wp-json\/wp\/v2\/product\/5118","targetHints":{"allow":["GET"]}}],"collection":[{"href":"https:\/\/agrozone.ee\/fi\/wp-json\/wp\/v2\/product"}],"about":[{"href":"https:\/\/agrozone.ee\/fi\/wp-json\/wp\/v2\/types\/product"}],"wp:featuredmedia":[{"embeddable":true,"href":"https:\/\/agrozone.ee\/fi\/wp-json\/wp\/v2\/media\/5176"}],"wp:attachment":[{"href":"https:\/\/agrozone.ee\/fi\/wp-json\/wp\/v2\/media?parent=5118"}],"wp:term":[{"taxonomy":"product_brand","embeddable":true,"href":"https:\/\/agrozone.ee\/fi\/wp-json\/wp\/v2\/product_brand?post=5118"},{"taxonomy":"product_cat","embeddable":true,"href":"https:\/\/agrozone.ee\/fi\/wp-json\/wp\/v2\/product_cat?post=5118"},{"taxonomy":"product_tag","embeddable":true,"href":"https:\/\/agrozone.ee\/fi\/wp-json\/wp\/v2\/product_tag?post=5118"}],"curies":[{"name":"wp","href":"https:\/\/api.w.org\/{rel}","templated":true}]}}