{"id":5121,"date":"2024-06-09T16:13:47","date_gmt":"2024-06-09T13:13:47","guid":{"rendered":"https:\/\/agrozone.ee\/?post_type=product&#038;p=5121"},"modified":"2025-04-09T15:32:35","modified_gmt":"2025-04-09T13:32:35","slug":"lilletugi-rongas-d60cm","status":"publish","type":"product","link":"https:\/\/agrozone.ee\/fi\/tuote\/lilletugi-rongas-d60cm\/","title":{"rendered":"LILLETUGI R\u00d5NGAS D60CM"},"content":{"rendered":"<p><strong>LILLETUGI R\u00d5NGAS D60CM<\/strong><\/p>\n<ul>\n<li>Lillede hoidja ring, roheline.<\/li>\n<li>L\u00e4bim\u00f5\u00f5t 60cm.<\/li>\n<li>K\u00f5rgus 70cm.<\/li>\n<li>Metallist.<\/li>\n<li>Tugev.<\/li>\n<\/ul>\n","protected":false},"excerpt":{"rendered":"<ul>\n<li>Lillede hoidja ring, roheline.<\/li>\n<li>L\u00e4bim\u00f5\u00f5t 60cm.<\/li>\n<li>K\u00f5rgus 70cm.<\/li>\n<li>Metallist.<\/li>\n<li>Tugev.<\/li>\n<\/ul>\n","protected":false},"featured_media":5180,"template":"","meta":{"_acf_changed":false,"_seopress_robots_primary_cat":"none","_seopress_titles_title":"","_seopress_titles_desc":"LILLETUGI R\u00d5NGAS D60CM - Lillede hoidja ring, roheline. L\u00e4bim\u00f5\u00f5t 60cm. K\u00f5rgus 70cm. Metallist. Tugev. Taimetugi lilledele ja p\u00f5\u00f5sadele.","_seopress_robots_index":"","_gspb_post_css":""},"product_brand":[],"product_cat":[149,15,150],"product_tag":[],"class_list":{"0":"post-5121","1":"product","2":"type-product","3":"status-publish","4":"has-post-thumbnail","6":"product_cat-aiatarvikud","7":"product_cat-koik-kategooriad","8":"product_cat-taimetoed","10":"first","11":"instock","12":"sale","13":"taxable","14":"shipping-taxable","15":"purchasable","16":"product-type-simple"},"ct_brands":[],"acf":[],"_links":{"self":[{"href":"https:\/\/agrozone.ee\/fi\/wp-json\/wp\/v2\/product\/5121","targetHints":{"allow":["GET"]}}],"collection":[{"href":"https:\/\/agrozone.ee\/fi\/wp-json\/wp\/v2\/product"}],"about":[{"href":"https:\/\/agrozone.ee\/fi\/wp-json\/wp\/v2\/types\/product"}],"wp:featuredmedia":[{"embeddable":true,"href":"https:\/\/agrozone.ee\/fi\/wp-json\/wp\/v2\/media\/5180"}],"wp:attachment":[{"href":"https:\/\/agrozone.ee\/fi\/wp-json\/wp\/v2\/media?parent=5121"}],"wp:term":[{"taxonomy":"product_brand","embeddable":true,"href":"https:\/\/agrozone.ee\/fi\/wp-json\/wp\/v2\/product_brand?post=5121"},{"taxonomy":"product_cat","embeddable":true,"href":"https:\/\/agrozone.ee\/fi\/wp-json\/wp\/v2\/product_cat?post=5121"},{"taxonomy":"product_tag","embeddable":true,"href":"https:\/\/agrozone.ee\/fi\/wp-json\/wp\/v2\/product_tag?post=5121"}],"curies":[{"name":"wp","href":"https:\/\/api.w.org\/{rel}","templated":true}]}}