{"id":51328,"date":"2025-06-17T08:46:26","date_gmt":"2025-06-17T06:46:26","guid":{"rendered":"https:\/\/agrozone.ee\/?post_type=product&#038;p=51328"},"modified":"2026-03-26T19:04:58","modified_gmt":"2026-03-26T17:04:58","slug":"kasi-surveprits-8-l","status":"publish","type":"product","link":"https:\/\/agrozone.ee\/fi\/tuote\/kasi-surveprits-8-l\/","title":{"rendered":"K\u00e4si-surveprits 8 L"},"content":{"rendered":"<p data-sourcepos=\"1:1-4:260\">K\u00e4si-aiasurveprits, pikk pihustitoru + voolik 140 cm 8l GARDLOV! mugav \u00f5larihm \u2013 prits on varustatud reguleeritava \u00f5larihmaga, mis v\u00f5imaldab seadet mugavalt &#8220;\u00fcle \u00f5la&#8221; kanda <span class=\"citation-1 citation-end-1\">8L mahutavus \u2013 annab teile tegutsemisvabaduse ka suuremal pinnal, ilma et peaksite seadet pidevalt liigutama<\/span> pikk t\u00f6\u00f6ulatus \u2013 t\u00e4nu 40 cm pikkusele pihustitorule ja painduvale 100 cm voolikule saate t\u00e4ieliku liikuvuse ja t\u00f6\u00f6mugavuse ka raskesti ligip\u00e4\u00e4setavates kohtades, k\u00f5rgete taimede, kasvuhoonenurkade v\u00f5i tihedate peenarde pritsimine ei n\u00f5ua kogu paagi liigutamist<\/p>\n<p data-sourcepos=\"6:1-22:49\"><strong>Pritsi spetsifikatsioonid:<\/strong><br \/>\n40 cm pihustitoru &#8211; ulatute k\u00f5rgematesse ja raskesti ligip\u00e4\u00e4setavatesse kohtadesse<br \/>\npikk kummivoolik 100 cm &#8211; suurem ulatus ilma seadmeid liigutamata<br \/>\nr\u00f5hk 2,76 baari &#8211; optimaalne pihustamine ilma \u00fclevooluta<br \/>\nroheline v\u00e4rv &#8211; h\u00e4sti n\u00e4htav ja sobib aia \u00fcmbrusega<br \/>\nlai ja lehtrikujuline paagi sisselaskeava<br \/>\ntihe konstruktsioon<br \/>\npaksuseinaline paak<br \/>\nprofiilprits<br \/>\nt\u00f6\u00f6ulatus: 140 cm<br \/>\nsuur maht: 8l<br \/>\nm\u00f5\u00f5dud: 53 x 18 x 18 cm<br \/>\nkaal: 1,1 kg<br \/>\nkaal pakendis: 1,45 kg<br \/>\nkaubam\u00e4rk: GARDLOV<br \/>\nv\u00e4rv: roheline<br \/>\nmaterjal: PP, PVC, roostevaba teras, raud, nailon<\/p>\n<p data-sourcepos=\"24:1-29:20\"><strong>Komplekti kuulub:<\/strong><br \/>\n8l pritsipaak<br \/>\nreguleeritav \u00f5larihm<br \/>\ntihendite komplekt<br \/>\ndetailne kasutusjuhend<br \/>\npruun transpordikarp<\/p>\n<p data-sourcepos=\"40:1-40:12\">HOIATUS:<\/p>\n<ul data-sourcepos=\"41:1-46:61\">\n<li data-sourcepos=\"41:1-41:30\">Kasutada sihtotstarbeliselt.<\/li>\n<li data-sourcepos=\"42:1-42:49\">Enne esimest kasutamist lugege kasutusjuhendit.<\/li>\n<li data-sourcepos=\"43:1-43:57\">Enne kasutamist kontrollige alati pritsi lekete suhtes.<\/li>\n<li data-sourcepos=\"44:1-44:81\">Hoidke pritsi kuivas, jahedas ja ohutus kohas, eemal kuumus- ja tuleallikatest.<\/li>\n<li data-sourcepos=\"45:1-45:104\">\u00c4rge kunagi kasutage d\u00fc\u00fcside vahetamisel liigset j\u00f5udu, et v\u00e4ltida nende kahjustamist v\u00f5i vigastamist.<\/li>\n<li data-sourcepos=\"46:1-46:61\">Hoidke prits ja selle tarvikud lastele k\u00e4ttesaamatus kohas.<\/li>\n<\/ul>\n","protected":false},"excerpt":{"rendered":"<p>K\u00e4si-aiasurveprits, pikk pihustitoru + voolik 140 cm 8l GARDLOV! mugav \u00f5larihm \u2013 prits on varustatud reguleeritava \u00f5larihmaga, mis v\u00f5imaldab seadet mugavalt &#8220;\u00fcle \u00f5la&#8221; kanda 8L mahutavus \u2013 annab teile tegutsemisvabaduse ka suuremal pinnal, ilma et peaksite seadet pidevalt liigutama pikk t\u00f6\u00f6ulatus \u2013 t\u00e4nu 40 cm pikkusele pihustitorule ja painduvale 100 cm voolikule saate t\u00e4ieliku liikuvuse [&hellip;]<\/p>\n","protected":false},"featured_media":51331,"template":"","meta":{"_acf_changed":false,"_seopress_robots_primary_cat":"","_seopress_titles_title":"","_seopress_titles_desc":"","_seopress_robots_index":"","_gspb_post_css":""},"product_brand":[],"product_cat":[149,15,162],"product_tag":[],"class_list":{"0":"post-51328","1":"product","2":"type-product","3":"status-publish","4":"has-post-thumbnail","6":"product_cat-aiatarvikud","7":"product_cat-koik-kategooriad","8":"product_cat-pritsid","10":"first","11":"instock","12":"taxable","13":"shipping-taxable","14":"purchasable","15":"product-type-simple"},"ct_brands":[],"acf":[],"_links":{"self":[{"href":"https:\/\/agrozone.ee\/fi\/wp-json\/wp\/v2\/product\/51328","targetHints":{"allow":["GET"]}}],"collection":[{"href":"https:\/\/agrozone.ee\/fi\/wp-json\/wp\/v2\/product"}],"about":[{"href":"https:\/\/agrozone.ee\/fi\/wp-json\/wp\/v2\/types\/product"}],"wp:featuredmedia":[{"embeddable":true,"href":"https:\/\/agrozone.ee\/fi\/wp-json\/wp\/v2\/media\/51331"}],"wp:attachment":[{"href":"https:\/\/agrozone.ee\/fi\/wp-json\/wp\/v2\/media?parent=51328"}],"wp:term":[{"taxonomy":"product_brand","embeddable":true,"href":"https:\/\/agrozone.ee\/fi\/wp-json\/wp\/v2\/product_brand?post=51328"},{"taxonomy":"product_cat","embeddable":true,"href":"https:\/\/agrozone.ee\/fi\/wp-json\/wp\/v2\/product_cat?post=51328"},{"taxonomy":"product_tag","embeddable":true,"href":"https:\/\/agrozone.ee\/fi\/wp-json\/wp\/v2\/product_tag?post=51328"}],"curies":[{"name":"wp","href":"https:\/\/api.w.org\/{rel}","templated":true}]}}