{"id":51441,"date":"2025-06-24T20:25:50","date_gmt":"2025-06-24T18:25:50","guid":{"rendered":"https:\/\/agrozone.ee\/?post_type=product&#038;p=51441"},"modified":"2025-07-01T12:43:48","modified_gmt":"2025-07-01T10:43:48","slug":"tugevdatud-trimmerijohv-3mm-x-100m","status":"publish","type":"product","link":"https:\/\/agrozone.ee\/fi\/tuote\/tugevdatud-trimmerijohv-3mm-x-100m\/","title":{"rendered":"Tugevdatud trimmerij\u00f5hv &#8211; 3mm x 100m"},"content":{"rendered":"<p><strong>TUGEVDATUD<\/strong> &#8211; tugevdatud j\u00f5hv on eriti kasulik niitmisel kohtades, kus on k\u00f5va ja raskesti eemaldatav alusmets, n\u00e4iteks kivid v\u00f5i oksad. T\u00e4iendav pol\u00fcamiidist tugevduskiht kaitseb j\u00f5hvi h\u00f5\u00f5rdumise ja purunemise eest, mis pikendab selle eluiga ja v\u00e4hendab sagedase vahetamise vajadust. M\u00f5eldud rohu ja k\u00f5rge umbrohu, v\u00e4ikeste p\u00f5\u00f5saste, heinamaade niitmiseks ja okkaliste hekkide k\u00e4rpimiseks.<\/p>\n<p data-sourcepos=\"3:1-3:185\"><strong>PAINDLIK<\/strong> &#8211; j\u00f5hv on v\u00e4ga paindlik, mis t\u00e4hendab, et see v\u00f5ib takistusega kokku puutudes painduda. See muudab man\u00f6\u00f6verdamise ja raskesti ligip\u00e4\u00e4setavatesse kohtadesse j\u00f5udmise lihtsamaks.<\/p>\n<p data-sourcepos=\"5:1-5:103\"><strong>KUNI 100 MEETRIT RULLIL<\/strong> &#8211; j\u00f5hv on saadaval 100-meetrisel rullil, mis t\u00e4hendab, et see kestab v\u00e4ga kaua.<\/p>\n<p data-sourcepos=\"7:1-7:249\"><strong>KANDILINE J\u00d5HV<\/strong> &#8211; kandilise j\u00f5hvi peamine eelis on see, et sellel on nurgelisema kujuga servad, mis v\u00f5imaldab taimi kiiremini ja t\u00f5husamalt niita. Kandiline j\u00f5hv tagab suurema l\u00f5ikej\u00f5u, t\u00e4nu millele l\u00f5igatakse rohtu suurema t\u00e4psuse ja efektiivsusega.<\/p>\n<p data-sourcepos=\"7:1-7:249\"><strong>J\u00d5HVI SPETSIFIKATSIOON:<\/strong><br \/>\nv\u00e4rv: must &#8211; l\u00e4bipaistev<br \/>\nmaterjal: pol\u00fcamiid PA6<br \/>\nj\u00f5hvi kuju: kandiline<br \/>\nl\u00e4bim\u00f5\u00f5t: 3 mm<br \/>\npikkus: 100 m<br \/>\nkaal: 1,096 kg<\/p>\n<p data-sourcepos=\"7:1-7:249\">Trimmerij\u00f5hvi rull on tarvik, mida tasub varuda enne aiahooaja algust. Nii v\u00f5ite olla kindel, et trimmeri varuj\u00f5hv otsa ei saa. See aitab teil aias muru eest hoolitseda ja anda sellele soovitud k\u00f5rguse. Toode sisaldab 100 meetrit 3 mm l\u00e4bim\u00f5\u00f5duga j\u00f5hvi.<\/p>\n<p data-sourcepos=\"31:1-31:10\">HOIATUSED:<\/p>\n<ul data-sourcepos=\"32:1-37:84\">\n<li data-sourcepos=\"32:1-32:32\">Kasutage vastavalt otstarbele.<\/li>\n<li data-sourcepos=\"33:1-33:162\">Traadiga tugevdatud j\u00f5hv on \u00e4\u00e4rmiselt tugev, kuid v\u00f5ib eba\u00f5ige kasutamise korral p\u00f5hjustada vigastusi. Selle l\u00f5ikamisel v\u00f5i k\u00e4sitlemisel tuleb olla ettevaatlik.<\/li>\n<li data-sourcepos=\"34:1-34:114\">Olge j\u00f5hvi k\u00e4sitlemisel ettevaatlik, et v\u00e4ltida sissel\u00f5ikeid, eriti kui j\u00f5hvi l\u00f5igatakse teravate t\u00f6\u00f6riistadega.<\/li>\n<li data-sourcepos=\"35:1-35:95\">Kui j\u00f5hv on kahjustatud, \u00e4rge seda enam kasutage, kuna tugevdatud osa v\u00f5ib veelgi kahjustuda.<\/li>\n<li data-sourcepos=\"36:1-36:154\">P\u00e4rast kasutamist tuleb j\u00f5hv hoolikalt rullile tagasi kerida, et v\u00e4ltida sassiminekut. Vajadusel v\u00f5ib j\u00f5hvi mustuse eemaldamiseks niiske lapiga p\u00fchkida.<\/li>\n<li data-sourcepos=\"37:1-37:84\">\u00c4rge hoidke j\u00f5hvi niiskes v\u00f5i kuumas kohas, kuna see v\u00f5ib m\u00f5jutada selle tugevust.<\/li>\n<\/ul>\n","protected":false},"excerpt":{"rendered":"<p>TUGEVDATUD &#8211; tugevdatud j\u00f5hv on eriti kasulik niitmisel kohtades, kus on k\u00f5va ja raskesti eemaldatav alusmets, n\u00e4iteks kivid v\u00f5i oksad. T\u00e4iendav pol\u00fcamiidist tugevduskiht kaitseb j\u00f5hvi h\u00f5\u00f5rdumise ja purunemise eest, mis pikendab selle eluiga ja v\u00e4hendab sagedase vahetamise vajadust. M\u00f5eldud rohu ja k\u00f5rge umbrohu, v\u00e4ikeste p\u00f5\u00f5saste, heinamaade niitmiseks ja okkaliste hekkide k\u00e4rpimiseks. PAINDLIK &#8211; j\u00f5hv on [&hellip;]<\/p>\n","protected":false},"featured_media":51444,"template":"","meta":{"_acf_changed":false,"_seopress_robots_primary_cat":"","_seopress_titles_title":"","_seopress_titles_desc":"","_seopress_robots_index":"","_gspb_post_css":""},"product_brand":[],"product_cat":[149,1070,15,1385],"product_tag":[],"class_list":{"0":"post-51441","1":"product","2":"type-product","3":"status-publish","4":"has-post-thumbnail","6":"product_cat-aiatarvikud","7":"product_cat-aiatooriistad","8":"product_cat-koik-kategooriad","9":"product_cat-tarvikud-ja-varuosad","11":"first","12":"instock","13":"taxable","14":"shipping-taxable","15":"purchasable","16":"product-type-simple"},"ct_brands":[],"acf":[],"_links":{"self":[{"href":"https:\/\/agrozone.ee\/fi\/wp-json\/wp\/v2\/product\/51441","targetHints":{"allow":["GET"]}}],"collection":[{"href":"https:\/\/agrozone.ee\/fi\/wp-json\/wp\/v2\/product"}],"about":[{"href":"https:\/\/agrozone.ee\/fi\/wp-json\/wp\/v2\/types\/product"}],"wp:featuredmedia":[{"embeddable":true,"href":"https:\/\/agrozone.ee\/fi\/wp-json\/wp\/v2\/media\/51444"}],"wp:attachment":[{"href":"https:\/\/agrozone.ee\/fi\/wp-json\/wp\/v2\/media?parent=51441"}],"wp:term":[{"taxonomy":"product_brand","embeddable":true,"href":"https:\/\/agrozone.ee\/fi\/wp-json\/wp\/v2\/product_brand?post=51441"},{"taxonomy":"product_cat","embeddable":true,"href":"https:\/\/agrozone.ee\/fi\/wp-json\/wp\/v2\/product_cat?post=51441"},{"taxonomy":"product_tag","embeddable":true,"href":"https:\/\/agrozone.ee\/fi\/wp-json\/wp\/v2\/product_tag?post=51441"}],"curies":[{"name":"wp","href":"https:\/\/api.w.org\/{rel}","templated":true}]}}