{"id":5149,"date":"2024-06-09T16:14:36","date_gmt":"2024-06-09T13:14:36","guid":{"rendered":"https:\/\/agrozone.ee\/?post_type=product&#038;p=5149"},"modified":"2025-08-05T11:08:53","modified_gmt":"2025-08-05T09:08:53","slug":"tugikaar-fiiberklaasist","status":"publish","type":"product","link":"https:\/\/agrozone.ee\/fi\/tuote\/tugikaar-fiiberklaasist\/","title":{"rendered":"Tugikaar fiiberklaasist"},"content":{"rendered":"<p><strong>Tugikaar fiiberklaasist 2,5 m x 6 mm<\/strong><\/p>\n<ul>\n<li>Fiiberklaasist tugikaar putukav\u00f5rgule v\u00f5i kiletunnelile.<\/li>\n<li>Tugikaared on kerged, ilmastikukindlad ning s\u00e4ilitab oma kuju painutamisel.<\/li>\n<li>L\u00e4bim\u00f5\u00f5t 6 mm ning kaare pikkus 2,5 m.<\/li>\n<\/ul>\n<h4>Kasutusjuhend<\/h4>\n<ul>\n<li>Kasutamiseks koos <a href=\"\/?p=4333\">roheliste 6 mm kinnitusklambritega<\/a>.<\/li>\n<\/ul>\n","protected":false},"excerpt":{"rendered":"<ul>\n<li>Fiiberklaasist tugikaar putukav\u00f5rgule v\u00f5i kiletunnelile.<\/li>\n<li>Tugikaared on kerged, ilmastikukindlad ning s\u00e4ilitab oma kuju painutamisel.<\/li>\n<li>L\u00e4bim\u00f5\u00f5t 6 mm ning kaare pikkus 2,5 m.<\/li>\n<\/ul>\n","protected":false},"featured_media":5200,"template":"","meta":{"_acf_changed":false,"_seopress_robots_primary_cat":"none","_seopress_titles_title":"","_seopress_titles_desc":"Tugikaar fiiberklaasist 2,5m x 6mm - Fiiberklaasist tugikaar putukav\u00f5rgule v\u00f5i kiletunnelile. Kerged, ilmastikukindlad ning s\u00e4ilitab oma kuju painutamisel.","_seopress_robots_index":"","_gspb_post_css":""},"product_brand":[],"product_cat":[149,15,150],"product_tag":[],"class_list":{"0":"post-5149","1":"product","2":"type-product","3":"status-publish","4":"has-post-thumbnail","6":"product_cat-aiatarvikud","7":"product_cat-koik-kategooriad","8":"product_cat-taimetoed","10":"first","11":"instock","12":"taxable","13":"shipping-taxable","14":"purchasable","15":"product-type-simple"},"ct_brands":[],"acf":[],"_links":{"self":[{"href":"https:\/\/agrozone.ee\/fi\/wp-json\/wp\/v2\/product\/5149","targetHints":{"allow":["GET"]}}],"collection":[{"href":"https:\/\/agrozone.ee\/fi\/wp-json\/wp\/v2\/product"}],"about":[{"href":"https:\/\/agrozone.ee\/fi\/wp-json\/wp\/v2\/types\/product"}],"wp:featuredmedia":[{"embeddable":true,"href":"https:\/\/agrozone.ee\/fi\/wp-json\/wp\/v2\/media\/5200"}],"wp:attachment":[{"href":"https:\/\/agrozone.ee\/fi\/wp-json\/wp\/v2\/media?parent=5149"}],"wp:term":[{"taxonomy":"product_brand","embeddable":true,"href":"https:\/\/agrozone.ee\/fi\/wp-json\/wp\/v2\/product_brand?post=5149"},{"taxonomy":"product_cat","embeddable":true,"href":"https:\/\/agrozone.ee\/fi\/wp-json\/wp\/v2\/product_cat?post=5149"},{"taxonomy":"product_tag","embeddable":true,"href":"https:\/\/agrozone.ee\/fi\/wp-json\/wp\/v2\/product_tag?post=5149"}],"curies":[{"name":"wp","href":"https:\/\/api.w.org\/{rel}","templated":true}]}}