{"id":5151,"date":"2024-06-09T16:14:37","date_gmt":"2024-06-09T13:14:37","guid":{"rendered":"https:\/\/agrozone.ee\/?post_type=product&#038;p=5151"},"modified":"2025-08-05T17:53:52","modified_gmt":"2025-08-05T15:53:52","slug":"traatusside-puunis-feromooniga","status":"publish","type":"product","link":"https:\/\/agrozone.ee\/fi\/tuote\/traatusside-puunis-feromooniga\/","title":{"rendered":"Traatusside p\u00fc\u00fcnis feromooniga"},"content":{"rendered":"<p><strong>Traatusside p\u00fc\u00fcnis feromooniga<\/strong><\/p>\n<p>Paki sisu: 1 mahuti + 1 feromoons\u00f6\u00f6t.<br \/>\n\u2022 MEELITAB LIGI NAKSURLASI (T\u00c4ISKASVANUD TRAATUSSE)<br \/>\n\u2022 LIHTNE KASUTADA, PIKAAJALINE M\u00d5JU<br \/>\n\u2022 KATSETATUD T\u00d5HUSUS<br \/>\nSuurep\u00e4rane mehaaniline s\u00f6\u00f6t naksurlastele (t\u00e4iskasvanud traatussidele) teie aias. Lihtne kasutada ning kahjutu keskkonnale, inimestele ja soojaverelistele loomadele.<\/p>\n<p>Pikaajalise m\u00f5juga s\u00f6\u00f6t meelitab oma feromooniga t\u00f5husalt ligi t\u00e4iskasvanud naksurlasi kuni kolm kuud. Lubatud kasutada mahep\u00f5llumajanduses.<br \/>\nT\u00f5estatud t\u00f5husus:<\/p>\n<ul>\n<li>Meie tooted on aastatepikkuste teadmiste, t\u00f5estatud uuringute ja tehnoloogiliste uuenduste tulemus.<\/li>\n<li>Nende t\u00f5husus on katsetatud ja kinnitatud professionaalsete laborite poolt.<\/li>\n<\/ul>\n<p>&nbsp;<\/p>\n<h3>Kasutusjuhend<\/h3>\n<ol>\n<li>V\u00f5tke mahuti ja feromoons\u00f6\u00f6dakott karbist v\u00e4lja.<\/li>\n<li>V\u00f5tke feromooniviaal pakendist v\u00e4lja. <strong>HOIATUS!<\/strong> Kuna viaal vabastab j\u00e4rk-j\u00e4rgult feromooni, avage kott vahetult enne p\u00fc\u00fcnisesse asetamist. \u00c4rge avage viaali.<\/li>\n<li>Pange kinnine viaal kaane sisek\u00fcljel olevasse avasse.<\/li>\n<li>Pange mahutile kaas peale.<\/li>\n<li>Matke see p\u00f5llu\/aia serva maa sisse nii, et peale avause ei j\u00e4\u00e4 midagi n\u00e4ha.<\/li>\n<li>Kontrollige regulaarselt s\u00f6\u00f6ta ja eemaldage naksurlased.<\/li>\n<li>Vahetage viaal 3 kuu p\u00e4rast v\u00e4lja.<\/li>\n<\/ol>\n<p>Parima m\u00f5ju saavutamiseks matke feromooniviaaliga mahuti kevadel kohe, kui ilmad l\u00e4hevad soojaks ja naksurlased hakkavad mullast v\u00e4lja kerkima (kohe p\u00e4rast k\u00fcndi v\u00f5i muud pinnaset\u00f6\u00f6tlust).<\/p>\n<p>Mahutit saab korduvalt kasutada.<\/p>\n","protected":false},"excerpt":{"rendered":"<p>Paki sisu: 1 mahuti + 1 feromoons\u00f6\u00f6t.<br \/>\n\u2022 MEELITAB LIGI NAKSURLASI (T\u00c4ISKASVANUD TRAATUSSE)<br \/>\n\u2022 LIHTNE KASUTADA, PIKAAJALINE M\u00d5JU<br \/>\n\u2022 KATSETATUD T\u00d5HUSUS<br \/>\nSuurep\u00e4rane mehaaniline s\u00f6\u00f6t naksurlastele (t\u00e4iskasvanud traatussidele) teie aias. Lihtne kasutada ning kahjutu keskkonnale, inimestele ja soojaverelistele loomadele.<\/p>\n<p>Pikaajalise m\u00f5juga s\u00f6\u00f6t meelitab oma feromooniga t\u00f5husalt ligi t\u00e4iskasvanud naksurlasi kuni kolm kuud. Lubatud kasutada mahep\u00f5llumajanduses.<br \/>\nT\u00f5estatud t\u00f5husus:<\/p>\n<ul>\n<li>Meie tooted on aastatepikkuste teadmiste, t\u00f5estatud uuringute ja tehnoloogiliste uuenduste tulemus.<\/li>\n<li>Nende t\u00f5husus on katsetatud ja kinnitatud professionaalsete laborite poolt.<\/li>\n<\/ul>\n","protected":false},"featured_media":5202,"template":"","meta":{"_acf_changed":false,"_seopress_robots_primary_cat":"none","_seopress_titles_title":"","_seopress_titles_desc":"Traatusside p\u00fc\u00fcnis feromooniga - mehaaniline s\u00f6\u00f6t naksurlastele (t\u00e4iskasvanud traatussidele) teie aias. Lihtne kasutada ning kahjutu keskkonnale.","_seopress_robots_index":"","_gspb_post_css":""},"product_brand":[],"product_cat":[109,15,112],"product_tag":[],"class_list":{"0":"post-5151","1":"product","2":"type-product","3":"status-publish","4":"has-post-thumbnail","6":"product_cat-aia-ja-taimede-kaitse","7":"product_cat-koik-kategooriad","8":"product_cat-taimekahjurite-torje","10":"first","11":"instock","12":"featured","13":"taxable","14":"shipping-taxable","15":"purchasable","16":"product-type-simple"},"ct_brands":[],"acf":[],"_links":{"self":[{"href":"https:\/\/agrozone.ee\/fi\/wp-json\/wp\/v2\/product\/5151","targetHints":{"allow":["GET"]}}],"collection":[{"href":"https:\/\/agrozone.ee\/fi\/wp-json\/wp\/v2\/product"}],"about":[{"href":"https:\/\/agrozone.ee\/fi\/wp-json\/wp\/v2\/types\/product"}],"wp:featuredmedia":[{"embeddable":true,"href":"https:\/\/agrozone.ee\/fi\/wp-json\/wp\/v2\/media\/5202"}],"wp:attachment":[{"href":"https:\/\/agrozone.ee\/fi\/wp-json\/wp\/v2\/media?parent=5151"}],"wp:term":[{"taxonomy":"product_brand","embeddable":true,"href":"https:\/\/agrozone.ee\/fi\/wp-json\/wp\/v2\/product_brand?post=5151"},{"taxonomy":"product_cat","embeddable":true,"href":"https:\/\/agrozone.ee\/fi\/wp-json\/wp\/v2\/product_cat?post=5151"},{"taxonomy":"product_tag","embeddable":true,"href":"https:\/\/agrozone.ee\/fi\/wp-json\/wp\/v2\/product_tag?post=5151"}],"curies":[{"name":"wp","href":"https:\/\/api.w.org\/{rel}","templated":true}]}}